{"id":3291,"date":"2023-08-01T17:11:26","date_gmt":"2023-08-01T10:11:26","guid":{"rendered":"http:\/\/tec-corp.com.vn\/?page_id=3291"},"modified":"2023-08-01T17:11:26","modified_gmt":"2023-08-01T10:11:26","slug":"thi-cong-hoan-thien-khong-gian-ca-phe-thu-duc","status":"publish","type":"page","link":"http:\/\/tec-corp.com.vn\/en\/thi-cong-hoan-thien-khong-gian-ca-phe-thu-duc\/","title":{"rendered":"THI C\u00d4NG HO\u00c0N THI\u1ec6N KH\u00d4NG GIAN C\u00c0 PH\u00ca &#8211; TH\u1ee6 \u0110\u1ee8C"},"content":{"rendered":"<div class=\"vc_row wpb_row vc_row-fluid\"><div class=\"wpb_column vc_column_container vc_col-sm-12\"><div class=\"vc_column-inner\"><div class=\"wpb_wrapper\"><div class=\"vc_empty_space\"   style=\"height: 35px\"><span class=\"vc_empty_space_inner\"><\/span><\/div><\/div><\/div><\/div><\/div><div class=\"vc_row wpb_row vc_row-fluid\"><div class=\"wpb_column vc_column_container vc_col-sm-8\"><div class=\"vc_column-inner\"><div class=\"wpb_wrapper\"><div class=\"wpb_images_carousel wpb_content_element vc_clearfix\"><div class=\"wpb_wrapper\"><div id=\"vc_images-carousel-1-1777048117\" data-ride=\"vc_carousel\" data-wrap=\"true\" style=\"width: 100%;\" data-interval=\"3000\" data-auto-height=\"yes\" data-mode=\"horizontal\" data-partial=\"false\" data-per-view=\"1\" data-hide-on-end=\"false\" class=\"vc_slide vc_images_carousel\"><div class=\"vc_carousel-inner\"><div class=\"vc_carousel-slideline\"><div class=\"vc_carousel-slideline-inner\"><div class=\"vc_item\"><div class=\"vc_inner\"><a class=\"prettyphoto\" href=\"http:\/\/tec-corp.com.vn\/wp-content\/uploads\/2023\/08\/web-1-1.jpg\" data-rel=\"prettyPhoto[rel-3291-2205781978]\"><img width=\"800\" height=\"500\" src=\"http:\/\/tec-corp.com.vn\/wp-content\/uploads\/2023\/08\/web-1-1.jpg\" class=\"attachment-full\" alt=\"\" loading=\"lazy\" srcset=\"http:\/\/tec-corp.com.vn\/wp-content\/uploads\/2023\/08\/web-1-1.jpg 800w, http:\/\/tec-corp.com.vn\/wp-content\/uploads\/2023\/08\/web-1-1-300x188.jpg 300w, http:\/\/tec-corp.com.vn\/wp-content\/uploads\/2023\/08\/web-1-1-768x480.jpg 768w, http:\/\/tec-corp.com.vn\/wp-content\/uploads\/2023\/08\/web-1-1-16x10.jpg 16w, http:\/\/tec-corp.com.vn\/wp-content\/uploads\/2023\/08\/web-1-1-370x231.jpg 370w, http:\/\/tec-corp.com.vn\/wp-content\/uploads\/2023\/08\/web-1-1-360x225.jpg 360w\" sizes=\"(max-width: 800px) 100vw, 800px\" \/><\/a><\/div><\/div><div class=\"vc_item\"><div class=\"vc_inner\"><a class=\"prettyphoto\" href=\"http:\/\/tec-corp.com.vn\/wp-content\/uploads\/2023\/08\/web-2.jpg\" data-rel=\"prettyPhoto[rel-3291-2205781978]\"><img width=\"800\" height=\"500\" src=\"http:\/\/tec-corp.com.vn\/wp-content\/uploads\/2023\/08\/web-2.jpg\" class=\"attachment-full\" alt=\"\" loading=\"lazy\" srcset=\"http:\/\/tec-corp.com.vn\/wp-content\/uploads\/2023\/08\/web-2.jpg 800w, http:\/\/tec-corp.com.vn\/wp-content\/uploads\/2023\/08\/web-2-300x188.jpg 300w, http:\/\/tec-corp.com.vn\/wp-content\/uploads\/2023\/08\/web-2-768x480.jpg 768w, http:\/\/tec-corp.com.vn\/wp-content\/uploads\/2023\/08\/web-2-16x10.jpg 16w, http:\/\/tec-corp.com.vn\/wp-content\/uploads\/2023\/08\/web-2-370x231.jpg 370w, http:\/\/tec-corp.com.vn\/wp-content\/uploads\/2023\/08\/web-2-360x225.jpg 360w\" sizes=\"(max-width: 800px) 100vw, 800px\" \/><\/a><\/div><\/div><div class=\"vc_item\"><div class=\"vc_inner\"><a class=\"prettyphoto\" href=\"http:\/\/tec-corp.com.vn\/wp-content\/uploads\/2023\/08\/web-3.jpg\" data-rel=\"prettyPhoto[rel-3291-2205781978]\"><img width=\"800\" height=\"500\" src=\"http:\/\/tec-corp.com.vn\/wp-content\/uploads\/2023\/08\/web-3.jpg\" class=\"attachment-full\" alt=\"\" loading=\"lazy\" srcset=\"http:\/\/tec-corp.com.vn\/wp-content\/uploads\/2023\/08\/web-3.jpg 800w, http:\/\/tec-corp.com.vn\/wp-content\/uploads\/2023\/08\/web-3-300x188.jpg 300w, http:\/\/tec-corp.com.vn\/wp-content\/uploads\/2023\/08\/web-3-768x480.jpg 768w, http:\/\/tec-corp.com.vn\/wp-content\/uploads\/2023\/08\/web-3-16x10.jpg 16w, http:\/\/tec-corp.com.vn\/wp-content\/uploads\/2023\/08\/web-3-370x231.jpg 370w, http:\/\/tec-corp.com.vn\/wp-content\/uploads\/2023\/08\/web-3-360x225.jpg 360w\" sizes=\"(max-width: 800px) 100vw, 800px\" \/><\/a><\/div><\/div><div class=\"vc_item\"><div class=\"vc_inner\"><a class=\"prettyphoto\" href=\"http:\/\/tec-corp.com.vn\/wp-content\/uploads\/2023\/08\/web-4.jpg\" data-rel=\"prettyPhoto[rel-3291-2205781978]\"><img width=\"800\" height=\"500\" src=\"http:\/\/tec-corp.com.vn\/wp-content\/uploads\/2023\/08\/web-4.jpg\" class=\"attachment-full\" alt=\"\" loading=\"lazy\" srcset=\"http:\/\/tec-corp.com.vn\/wp-content\/uploads\/2023\/08\/web-4.jpg 800w, http:\/\/tec-corp.com.vn\/wp-content\/uploads\/2023\/08\/web-4-300x188.jpg 300w, http:\/\/tec-corp.com.vn\/wp-content\/uploads\/2023\/08\/web-4-768x480.jpg 768w, http:\/\/tec-corp.com.vn\/wp-content\/uploads\/2023\/08\/web-4-16x10.jpg 16w, http:\/\/tec-corp.com.vn\/wp-content\/uploads\/2023\/08\/web-4-370x231.jpg 370w, http:\/\/tec-corp.com.vn\/wp-content\/uploads\/2023\/08\/web-4-360x225.jpg 360w\" sizes=\"(max-width: 800px) 100vw, 800px\" \/><\/a><\/div><\/div><div class=\"vc_item\"><div class=\"vc_inner\"><a class=\"prettyphoto\" href=\"http:\/\/tec-corp.com.vn\/wp-content\/uploads\/2023\/08\/web-5.jpg\" data-rel=\"prettyPhoto[rel-3291-2205781978]\"><img width=\"800\" height=\"500\" src=\"http:\/\/tec-corp.com.vn\/wp-content\/uploads\/2023\/08\/web-5.jpg\" class=\"attachment-full\" alt=\"\" loading=\"lazy\" srcset=\"http:\/\/tec-corp.com.vn\/wp-content\/uploads\/2023\/08\/web-5.jpg 800w, http:\/\/tec-corp.com.vn\/wp-content\/uploads\/2023\/08\/web-5-300x188.jpg 300w, http:\/\/tec-corp.com.vn\/wp-content\/uploads\/2023\/08\/web-5-768x480.jpg 768w, http:\/\/tec-corp.com.vn\/wp-content\/uploads\/2023\/08\/web-5-16x10.jpg 16w, http:\/\/tec-corp.com.vn\/wp-content\/uploads\/2023\/08\/web-5-370x231.jpg 370w, http:\/\/tec-corp.com.vn\/wp-content\/uploads\/2023\/08\/web-5-360x225.jpg 360w\" sizes=\"(max-width: 800px) 100vw, 800px\" \/><\/a><\/div><\/div><div class=\"vc_item\"><div class=\"vc_inner\"><a class=\"prettyphoto\" href=\"http:\/\/tec-corp.com.vn\/wp-content\/uploads\/2023\/08\/web-6.jpg\" data-rel=\"prettyPhoto[rel-3291-2205781978]\"><img width=\"800\" height=\"500\" src=\"http:\/\/tec-corp.com.vn\/wp-content\/uploads\/2023\/08\/web-6.jpg\" class=\"attachment-full\" alt=\"\" loading=\"lazy\" srcset=\"http:\/\/tec-corp.com.vn\/wp-content\/uploads\/2023\/08\/web-6.jpg 800w, http:\/\/tec-corp.com.vn\/wp-content\/uploads\/2023\/08\/web-6-300x188.jpg 300w, http:\/\/tec-corp.com.vn\/wp-content\/uploads\/2023\/08\/web-6-768x480.jpg 768w, http:\/\/tec-corp.com.vn\/wp-content\/uploads\/2023\/08\/web-6-16x10.jpg 16w, http:\/\/tec-corp.com.vn\/wp-content\/uploads\/2023\/08\/web-6-370x231.jpg 370w, http:\/\/tec-corp.com.vn\/wp-content\/uploads\/2023\/08\/web-6-360x225.jpg 360w\" sizes=\"(max-width: 800px) 100vw, 800px\" \/><\/a><\/div><\/div><\/div><\/div><\/div><a class=\"vc_left vc_carousel-control\" href=\"#vc_images-carousel-1-1777048117\" data-slide=\"prev\"><span class=\"icon-prev\"><\/span><\/a><a class=\"vc_right vc_carousel-control\" href=\"#vc_images-carousel-1-1777048117\" data-slide=\"next\"><span class=\"icon-next\"><\/span><\/a><\/div><\/div><\/div><div class=\"vc_empty_space\"   style=\"height: 10px\"><span class=\"vc_empty_space_inner\"><\/span><\/div><div class=\"wpb_images_carousel wpb_content_element vc_clearfix\"><div class=\"wpb_wrapper\"><div id=\"vc_images-carousel-2-1777048117\" data-ride=\"vc_carousel\" data-wrap=\"false\" style=\"width: 100%;\" data-interval=\"0\" data-auto-height=\"yes\" data-mode=\"horizontal\" data-partial=\"false\" data-per-view=\"10\" data-hide-on-end=\"true\" class=\"vc_slide vc_images_carousel\"><div class=\"vc_carousel-inner\"><div class=\"vc_carousel-slideline\"><div class=\"vc_carousel-slideline-inner\"><div class=\"vc_item\"><div class=\"vc_inner\"><a class=\"prettyphoto\" href=\"http:\/\/tec-corp.com.vn\/wp-content\/uploads\/2023\/08\/web-1-1.jpg\" data-rel=\"prettyPhoto[rel-3291-2702205638]\"><img width=\"800\" height=\"500\" src=\"http:\/\/tec-corp.com.vn\/wp-content\/uploads\/2023\/08\/web-1-1.jpg\" class=\"attachment-full\" alt=\"\" loading=\"lazy\" srcset=\"http:\/\/tec-corp.com.vn\/wp-content\/uploads\/2023\/08\/web-1-1.jpg 800w, http:\/\/tec-corp.com.vn\/wp-content\/uploads\/2023\/08\/web-1-1-300x188.jpg 300w, http:\/\/tec-corp.com.vn\/wp-content\/uploads\/2023\/08\/web-1-1-768x480.jpg 768w, http:\/\/tec-corp.com.vn\/wp-content\/uploads\/2023\/08\/web-1-1-16x10.jpg 16w, http:\/\/tec-corp.com.vn\/wp-content\/uploads\/2023\/08\/web-1-1-370x231.jpg 370w, http:\/\/tec-corp.com.vn\/wp-content\/uploads\/2023\/08\/web-1-1-360x225.jpg 360w\" sizes=\"(max-width: 800px) 100vw, 800px\" \/><\/a><\/div><\/div><div class=\"vc_item\"><div class=\"vc_inner\"><a class=\"prettyphoto\" href=\"http:\/\/tec-corp.com.vn\/wp-content\/uploads\/2023\/08\/web-2.jpg\" data-rel=\"prettyPhoto[rel-3291-2702205638]\"><img width=\"800\" height=\"500\" src=\"http:\/\/tec-corp.com.vn\/wp-content\/uploads\/2023\/08\/web-2.jpg\" class=\"attachment-full\" alt=\"\" loading=\"lazy\" srcset=\"http:\/\/tec-corp.com.vn\/wp-content\/uploads\/2023\/08\/web-2.jpg 800w, http:\/\/tec-corp.com.vn\/wp-content\/uploads\/2023\/08\/web-2-300x188.jpg 300w, http:\/\/tec-corp.com.vn\/wp-content\/uploads\/2023\/08\/web-2-768x480.jpg 768w, http:\/\/tec-corp.com.vn\/wp-content\/uploads\/2023\/08\/web-2-16x10.jpg 16w, http:\/\/tec-corp.com.vn\/wp-content\/uploads\/2023\/08\/web-2-370x231.jpg 370w, http:\/\/tec-corp.com.vn\/wp-content\/uploads\/2023\/08\/web-2-360x225.jpg 360w\" sizes=\"(max-width: 800px) 100vw, 800px\" \/><\/a><\/div><\/div><div class=\"vc_item\"><div class=\"vc_inner\"><a class=\"prettyphoto\" href=\"http:\/\/tec-corp.com.vn\/wp-content\/uploads\/2023\/08\/web-3.jpg\" data-rel=\"prettyPhoto[rel-3291-2702205638]\"><img width=\"800\" height=\"500\" src=\"http:\/\/tec-corp.com.vn\/wp-content\/uploads\/2023\/08\/web-3.jpg\" class=\"attachment-full\" alt=\"\" loading=\"lazy\" srcset=\"http:\/\/tec-corp.com.vn\/wp-content\/uploads\/2023\/08\/web-3.jpg 800w, http:\/\/tec-corp.com.vn\/wp-content\/uploads\/2023\/08\/web-3-300x188.jpg 300w, http:\/\/tec-corp.com.vn\/wp-content\/uploads\/2023\/08\/web-3-768x480.jpg 768w, http:\/\/tec-corp.com.vn\/wp-content\/uploads\/2023\/08\/web-3-16x10.jpg 16w, http:\/\/tec-corp.com.vn\/wp-content\/uploads\/2023\/08\/web-3-370x231.jpg 370w, http:\/\/tec-corp.com.vn\/wp-content\/uploads\/2023\/08\/web-3-360x225.jpg 360w\" sizes=\"(max-width: 800px) 100vw, 800px\" \/><\/a><\/div><\/div><div class=\"vc_item\"><div class=\"vc_inner\"><a class=\"prettyphoto\" href=\"http:\/\/tec-corp.com.vn\/wp-content\/uploads\/2023\/08\/web-4.jpg\" data-rel=\"prettyPhoto[rel-3291-2702205638]\"><img width=\"800\" height=\"500\" src=\"http:\/\/tec-corp.com.vn\/wp-content\/uploads\/2023\/08\/web-4.jpg\" class=\"attachment-full\" alt=\"\" loading=\"lazy\" srcset=\"http:\/\/tec-corp.com.vn\/wp-content\/uploads\/2023\/08\/web-4.jpg 800w, http:\/\/tec-corp.com.vn\/wp-content\/uploads\/2023\/08\/web-4-300x188.jpg 300w, http:\/\/tec-corp.com.vn\/wp-content\/uploads\/2023\/08\/web-4-768x480.jpg 768w, http:\/\/tec-corp.com.vn\/wp-content\/uploads\/2023\/08\/web-4-16x10.jpg 16w, http:\/\/tec-corp.com.vn\/wp-content\/uploads\/2023\/08\/web-4-370x231.jpg 370w, http:\/\/tec-corp.com.vn\/wp-content\/uploads\/2023\/08\/web-4-360x225.jpg 360w\" sizes=\"(max-width: 800px) 100vw, 800px\" \/><\/a><\/div><\/div><div class=\"vc_item\"><div class=\"vc_inner\"><a class=\"prettyphoto\" href=\"http:\/\/tec-corp.com.vn\/wp-content\/uploads\/2023\/08\/web-5.jpg\" data-rel=\"prettyPhoto[rel-3291-2702205638]\"><img width=\"800\" height=\"500\" src=\"http:\/\/tec-corp.com.vn\/wp-content\/uploads\/2023\/08\/web-5.jpg\" class=\"attachment-full\" alt=\"\" loading=\"lazy\" srcset=\"http:\/\/tec-corp.com.vn\/wp-content\/uploads\/2023\/08\/web-5.jpg 800w, http:\/\/tec-corp.com.vn\/wp-content\/uploads\/2023\/08\/web-5-300x188.jpg 300w, http:\/\/tec-corp.com.vn\/wp-content\/uploads\/2023\/08\/web-5-768x480.jpg 768w, http:\/\/tec-corp.com.vn\/wp-content\/uploads\/2023\/08\/web-5-16x10.jpg 16w, http:\/\/tec-corp.com.vn\/wp-content\/uploads\/2023\/08\/web-5-370x231.jpg 370w, http:\/\/tec-corp.com.vn\/wp-content\/uploads\/2023\/08\/web-5-360x225.jpg 360w\" sizes=\"(max-width: 800px) 100vw, 800px\" \/><\/a><\/div><\/div><div class=\"vc_item\"><div class=\"vc_inner\"><a class=\"prettyphoto\" href=\"http:\/\/tec-corp.com.vn\/wp-content\/uploads\/2023\/08\/web-6.jpg\" data-rel=\"prettyPhoto[rel-3291-2702205638]\"><img width=\"800\" height=\"500\" src=\"http:\/\/tec-corp.com.vn\/wp-content\/uploads\/2023\/08\/web-6.jpg\" class=\"attachment-full\" alt=\"\" loading=\"lazy\" srcset=\"http:\/\/tec-corp.com.vn\/wp-content\/uploads\/2023\/08\/web-6.jpg 800w, http:\/\/tec-corp.com.vn\/wp-content\/uploads\/2023\/08\/web-6-300x188.jpg 300w, http:\/\/tec-corp.com.vn\/wp-content\/uploads\/2023\/08\/web-6-768x480.jpg 768w, http:\/\/tec-corp.com.vn\/wp-content\/uploads\/2023\/08\/web-6-16x10.jpg 16w, http:\/\/tec-corp.com.vn\/wp-content\/uploads\/2023\/08\/web-6-370x231.jpg 370w, http:\/\/tec-corp.com.vn\/wp-content\/uploads\/2023\/08\/web-6-360x225.jpg 360w\" sizes=\"(max-width: 800px) 100vw, 800px\" \/><\/a><\/div><\/div><\/div><\/div><\/div><\/div><\/div><\/div><\/div><\/div><\/div><div class=\"wpb_column vc_column_container vc_col-sm-4\"><div class=\"vc_column-inner\"><div class=\"wpb_wrapper\">\n\t<div class=\"wpb_text_column wpb_content_element\" >\n\t\t<div class=\"wpb_wrapper\">\n\t\t\t<p style=\"text-align: justify;\"><strong><span style=\"color: #ff0000; font-size: 18px;\">THI C\u00d4NG HO\u00c0N THI\u1ec6N N\u1ed8I TH\u1ea4T KH\u00d4NG GIAN C\u00c0 PH\u00ca<\/span><\/strong><\/p>\n<p style=\"color: #000000; font-size: 15px; text-align: justify;\"><strong><span style=\"color: #000080;\">Item \u00a0\u00a0\u00a0\u00a0\u00a0\u00a0&nbsp;\u00a0\u00a0\u00a0:<\/span><\/strong> Thi c\u00f4ng ho\u00e0n thi\u1ec7n kh\u00f4ng gian c\u00e0 ph\u00ea<\/p>\n<p style=\"color: #000000; font-size: 15px; text-align: justify;\"><span style=\"color: #000080;\"><strong>Location\u00a0 \u00a0 \u00a0:<\/strong><\/span> Th\u1ee7 \u0110\u1ee9c &#8211; H\u1ed3 Ch\u00ed Minh<\/p>\n<p>K<em>hi x\u00e3 h\u1ed9i ng\u00e0y c\u00e0ng ph\u00e1t tri\u1ec3n, nhu c\u1ea7u tr\u1ea3i nghi\u1ec7m v\u00e0 t\u1eadn h\u01b0\u1edfng cu\u1ed9c s\u1ed1ng lu\u00f4n l\u00e0 \u0111i\u1ec1u mong mu\u1ed1n c\u1ee7a t\u1ea5t c\u1ea3 m\u1ecdi ng\u01b0\u1eddi. N\u1ed9i th\u1ea5t kh\u00f4ng gian c\u00e0 ph\u00ea t\u1ea1o n\u00ean v\u1ebb \u0111\u1eb9p sang tr\u1ecdng v\u00e0 tinh t\u1ebf v\u1edbi s\u1ef1 k\u1ebft h\u1ee3p c\u00e1c y\u1ebfu t\u1ed1 thi\u1ebft y\u1ebfu m\u00e0u s\u1eafc, thi\u1ebft k\u1ebf, n\u1ed9i th\u1ea5t.<\/em><\/p>\n\n\t\t<\/div>\n\t<\/div>\n<\/div><\/div><\/div><\/div>","protected":false},"excerpt":{"rendered":"THI C\u00d4NG HO\u00c0N THI\u1ec6N N\u1ed8I TH\u1ea4T KH\u00d4NG GIAN C\u00c0 PH\u00ca H\u1ea1ng m\u1ee5c\u00a0 \u00a0: Thi c\u00f4ng ho\u00e0n thi\u1ec7n kh\u00f4ng gian c\u00e0 ph\u00ea \u0110\u1ecba \u0111i\u1ec3m\u00a0 \u00a0 \u00a0: Th\u1ee7 \u0110\u1ee9c - H\u1ed3 Ch\u00ed Minh Khi x\u00e3 h\u1ed9i ng\u00e0y c\u00e0ng ph\u00e1t tri\u1ec3n, nhu c\u1ea7u...","protected":false},"author":4,"featured_media":0,"parent":0,"menu_order":0,"comment_status":"closed","ping_status":"closed","template":"","meta":[],"_links":{"self":[{"href":"http:\/\/tec-corp.com.vn\/en\/wp-json\/wp\/v2\/pages\/3291"}],"collection":[{"href":"http:\/\/tec-corp.com.vn\/en\/wp-json\/wp\/v2\/pages"}],"about":[{"href":"http:\/\/tec-corp.com.vn\/en\/wp-json\/wp\/v2\/types\/page"}],"author":[{"embeddable":true,"href":"http:\/\/tec-corp.com.vn\/en\/wp-json\/wp\/v2\/users\/4"}],"replies":[{"embeddable":true,"href":"http:\/\/tec-corp.com.vn\/en\/wp-json\/wp\/v2\/comments?post=3291"}],"version-history":[{"count":0,"href":"http:\/\/tec-corp.com.vn\/en\/wp-json\/wp\/v2\/pages\/3291\/revisions"}],"wp:attachment":[{"href":"http:\/\/tec-corp.com.vn\/en\/wp-json\/wp\/v2\/media?parent=3291"}],"curies":[{"name":"wp","href":"https:\/\/api.w.org\/{rel}","templated":true}]}}