{"id":3281,"date":"2023-08-01T16:48:44","date_gmt":"2023-08-01T09:48:44","guid":{"rendered":"http:\/\/tec-corp.com.vn\/?page_id=3281"},"modified":"2023-08-08T08:17:05","modified_gmt":"2023-08-08T01:17:05","slug":"thiet-ke-va-thi-cong-noi-that-nha-pho-ho-chi-minh","status":"publish","type":"page","link":"http:\/\/tec-corp.com.vn\/en\/hoan-thien\/thiet-ke-va-thi-cong-noi-that-nha-pho-ho-chi-minh\/","title":{"rendered":"THI\u1ebeT K\u1ebe V\u00c0 THI C\u00d4NG N\u1ed8I TH\u1ea4T NH\u00c0 PH\u1ed0 &#8211; H\u1ed2 CH\u00cd MINH"},"content":{"rendered":"<div class=\"vc_row wpb_row vc_row-fluid\"><div class=\"wpb_column vc_column_container vc_col-sm-12\"><div class=\"vc_column-inner\"><div class=\"wpb_wrapper\"><div class=\"vc_empty_space\"   style=\"height: 35px\"><span class=\"vc_empty_space_inner\"><\/span><\/div><\/div><\/div><\/div><\/div><div class=\"vc_row wpb_row vc_row-fluid\"><div class=\"wpb_column vc_column_container vc_col-sm-8\"><div class=\"vc_column-inner\"><div class=\"wpb_wrapper\"><div class=\"wpb_images_carousel wpb_content_element vc_clearfix\"><div class=\"wpb_wrapper\"><div id=\"vc_images-carousel-1-1777047909\" data-ride=\"vc_carousel\" data-wrap=\"true\" style=\"width: 100%;\" data-interval=\"3000\" data-auto-height=\"yes\" data-mode=\"horizontal\" data-partial=\"false\" data-per-view=\"1\" data-hide-on-end=\"false\" class=\"vc_slide vc_images_carousel\"><div class=\"vc_carousel-inner\"><div class=\"vc_carousel-slideline\"><div class=\"vc_carousel-slideline-inner\"><div class=\"vc_item\"><div class=\"vc_inner\"><a class=\"prettyphoto\" href=\"http:\/\/tec-corp.com.vn\/wp-content\/uploads\/2023\/08\/web-1.jpg\" data-rel=\"prettyPhoto[rel-3281-1044759805]\"><img width=\"800\" height=\"500\" src=\"http:\/\/tec-corp.com.vn\/wp-content\/uploads\/2023\/08\/web-1.jpg\" class=\"attachment-full\" alt=\"\" loading=\"lazy\" srcset=\"http:\/\/tec-corp.com.vn\/wp-content\/uploads\/2023\/08\/web-1.jpg 800w, http:\/\/tec-corp.com.vn\/wp-content\/uploads\/2023\/08\/web-1-300x188.jpg 300w, http:\/\/tec-corp.com.vn\/wp-content\/uploads\/2023\/08\/web-1-768x480.jpg 768w, http:\/\/tec-corp.com.vn\/wp-content\/uploads\/2023\/08\/web-1-16x10.jpg 16w, http:\/\/tec-corp.com.vn\/wp-content\/uploads\/2023\/08\/web-1-370x231.jpg 370w, http:\/\/tec-corp.com.vn\/wp-content\/uploads\/2023\/08\/web-1-360x225.jpg 360w\" sizes=\"(max-width: 800px) 100vw, 800px\" \/><\/a><\/div><\/div><div class=\"vc_item\"><div class=\"vc_inner\"><a class=\"prettyphoto\" href=\"http:\/\/tec-corp.com.vn\/wp-content\/uploads\/2023\/08\/web2-1.jpg\" data-rel=\"prettyPhoto[rel-3281-1044759805]\"><img width=\"800\" height=\"500\" src=\"http:\/\/tec-corp.com.vn\/wp-content\/uploads\/2023\/08\/web2-1.jpg\" class=\"attachment-full\" alt=\"\" loading=\"lazy\" srcset=\"http:\/\/tec-corp.com.vn\/wp-content\/uploads\/2023\/08\/web2-1.jpg 800w, http:\/\/tec-corp.com.vn\/wp-content\/uploads\/2023\/08\/web2-1-300x188.jpg 300w, http:\/\/tec-corp.com.vn\/wp-content\/uploads\/2023\/08\/web2-1-768x480.jpg 768w, http:\/\/tec-corp.com.vn\/wp-content\/uploads\/2023\/08\/web2-1-16x10.jpg 16w, http:\/\/tec-corp.com.vn\/wp-content\/uploads\/2023\/08\/web2-1-370x231.jpg 370w, http:\/\/tec-corp.com.vn\/wp-content\/uploads\/2023\/08\/web2-1-360x225.jpg 360w\" sizes=\"(max-width: 800px) 100vw, 800px\" \/><\/a><\/div><\/div><div class=\"vc_item\"><div class=\"vc_inner\"><a class=\"prettyphoto\" href=\"http:\/\/tec-corp.com.vn\/wp-content\/uploads\/2023\/08\/web3-1.jpg\" data-rel=\"prettyPhoto[rel-3281-1044759805]\"><img width=\"800\" height=\"500\" src=\"http:\/\/tec-corp.com.vn\/wp-content\/uploads\/2023\/08\/web3-1.jpg\" class=\"attachment-full\" alt=\"\" loading=\"lazy\" srcset=\"http:\/\/tec-corp.com.vn\/wp-content\/uploads\/2023\/08\/web3-1.jpg 800w, http:\/\/tec-corp.com.vn\/wp-content\/uploads\/2023\/08\/web3-1-300x188.jpg 300w, http:\/\/tec-corp.com.vn\/wp-content\/uploads\/2023\/08\/web3-1-768x480.jpg 768w, http:\/\/tec-corp.com.vn\/wp-content\/uploads\/2023\/08\/web3-1-16x10.jpg 16w, http:\/\/tec-corp.com.vn\/wp-content\/uploads\/2023\/08\/web3-1-370x231.jpg 370w, http:\/\/tec-corp.com.vn\/wp-content\/uploads\/2023\/08\/web3-1-360x225.jpg 360w\" sizes=\"(max-width: 800px) 100vw, 800px\" \/><\/a><\/div><\/div><div class=\"vc_item\"><div class=\"vc_inner\"><a class=\"prettyphoto\" href=\"http:\/\/tec-corp.com.vn\/wp-content\/uploads\/2023\/08\/web4-1.jpg\" data-rel=\"prettyPhoto[rel-3281-1044759805]\"><img width=\"800\" height=\"500\" src=\"http:\/\/tec-corp.com.vn\/wp-content\/uploads\/2023\/08\/web4-1.jpg\" class=\"attachment-full\" alt=\"\" loading=\"lazy\" srcset=\"http:\/\/tec-corp.com.vn\/wp-content\/uploads\/2023\/08\/web4-1.jpg 800w, http:\/\/tec-corp.com.vn\/wp-content\/uploads\/2023\/08\/web4-1-300x188.jpg 300w, http:\/\/tec-corp.com.vn\/wp-content\/uploads\/2023\/08\/web4-1-768x480.jpg 768w, http:\/\/tec-corp.com.vn\/wp-content\/uploads\/2023\/08\/web4-1-16x10.jpg 16w, http:\/\/tec-corp.com.vn\/wp-content\/uploads\/2023\/08\/web4-1-370x231.jpg 370w, http:\/\/tec-corp.com.vn\/wp-content\/uploads\/2023\/08\/web4-1-360x225.jpg 360w\" sizes=\"(max-width: 800px) 100vw, 800px\" \/><\/a><\/div><\/div><\/div><\/div><\/div><a class=\"vc_left vc_carousel-control\" href=\"#vc_images-carousel-1-1777047909\" data-slide=\"prev\"><span class=\"icon-prev\"><\/span><\/a><a class=\"vc_right vc_carousel-control\" href=\"#vc_images-carousel-1-1777047909\" data-slide=\"next\"><span class=\"icon-next\"><\/span><\/a><\/div><\/div><\/div><div class=\"vc_empty_space\"   style=\"height: 10px\"><span class=\"vc_empty_space_inner\"><\/span><\/div><div class=\"wpb_images_carousel wpb_content_element vc_clearfix\"><div class=\"wpb_wrapper\"><div id=\"vc_images-carousel-2-1777047909\" data-ride=\"vc_carousel\" data-wrap=\"false\" style=\"width: 100%;\" data-interval=\"0\" data-auto-height=\"yes\" data-mode=\"horizontal\" data-partial=\"false\" data-per-view=\"10\" data-hide-on-end=\"true\" class=\"vc_slide vc_images_carousel\"><div class=\"vc_carousel-inner\"><div class=\"vc_carousel-slideline\"><div class=\"vc_carousel-slideline-inner\"><div class=\"vc_item\"><div class=\"vc_inner\"><a class=\"prettyphoto\" href=\"http:\/\/tec-corp.com.vn\/wp-content\/uploads\/2023\/08\/web-1.jpg\" data-rel=\"prettyPhoto[rel-3281-1670204615]\"><img width=\"800\" height=\"500\" src=\"http:\/\/tec-corp.com.vn\/wp-content\/uploads\/2023\/08\/web-1.jpg\" class=\"attachment-full\" alt=\"\" loading=\"lazy\" srcset=\"http:\/\/tec-corp.com.vn\/wp-content\/uploads\/2023\/08\/web-1.jpg 800w, http:\/\/tec-corp.com.vn\/wp-content\/uploads\/2023\/08\/web-1-300x188.jpg 300w, http:\/\/tec-corp.com.vn\/wp-content\/uploads\/2023\/08\/web-1-768x480.jpg 768w, http:\/\/tec-corp.com.vn\/wp-content\/uploads\/2023\/08\/web-1-16x10.jpg 16w, http:\/\/tec-corp.com.vn\/wp-content\/uploads\/2023\/08\/web-1-370x231.jpg 370w, http:\/\/tec-corp.com.vn\/wp-content\/uploads\/2023\/08\/web-1-360x225.jpg 360w\" sizes=\"(max-width: 800px) 100vw, 800px\" \/><\/a><\/div><\/div><div class=\"vc_item\"><div class=\"vc_inner\"><a class=\"prettyphoto\" href=\"http:\/\/tec-corp.com.vn\/wp-content\/uploads\/2023\/08\/web2-1.jpg\" data-rel=\"prettyPhoto[rel-3281-1670204615]\"><img width=\"800\" height=\"500\" src=\"http:\/\/tec-corp.com.vn\/wp-content\/uploads\/2023\/08\/web2-1.jpg\" class=\"attachment-full\" alt=\"\" loading=\"lazy\" srcset=\"http:\/\/tec-corp.com.vn\/wp-content\/uploads\/2023\/08\/web2-1.jpg 800w, http:\/\/tec-corp.com.vn\/wp-content\/uploads\/2023\/08\/web2-1-300x188.jpg 300w, http:\/\/tec-corp.com.vn\/wp-content\/uploads\/2023\/08\/web2-1-768x480.jpg 768w, http:\/\/tec-corp.com.vn\/wp-content\/uploads\/2023\/08\/web2-1-16x10.jpg 16w, http:\/\/tec-corp.com.vn\/wp-content\/uploads\/2023\/08\/web2-1-370x231.jpg 370w, http:\/\/tec-corp.com.vn\/wp-content\/uploads\/2023\/08\/web2-1-360x225.jpg 360w\" sizes=\"(max-width: 800px) 100vw, 800px\" \/><\/a><\/div><\/div><div class=\"vc_item\"><div class=\"vc_inner\"><a class=\"prettyphoto\" href=\"http:\/\/tec-corp.com.vn\/wp-content\/uploads\/2023\/08\/web3-1.jpg\" data-rel=\"prettyPhoto[rel-3281-1670204615]\"><img width=\"800\" height=\"500\" src=\"http:\/\/tec-corp.com.vn\/wp-content\/uploads\/2023\/08\/web3-1.jpg\" class=\"attachment-full\" alt=\"\" loading=\"lazy\" srcset=\"http:\/\/tec-corp.com.vn\/wp-content\/uploads\/2023\/08\/web3-1.jpg 800w, http:\/\/tec-corp.com.vn\/wp-content\/uploads\/2023\/08\/web3-1-300x188.jpg 300w, http:\/\/tec-corp.com.vn\/wp-content\/uploads\/2023\/08\/web3-1-768x480.jpg 768w, http:\/\/tec-corp.com.vn\/wp-content\/uploads\/2023\/08\/web3-1-16x10.jpg 16w, http:\/\/tec-corp.com.vn\/wp-content\/uploads\/2023\/08\/web3-1-370x231.jpg 370w, http:\/\/tec-corp.com.vn\/wp-content\/uploads\/2023\/08\/web3-1-360x225.jpg 360w\" sizes=\"(max-width: 800px) 100vw, 800px\" \/><\/a><\/div><\/div><div class=\"vc_item\"><div class=\"vc_inner\"><a class=\"prettyphoto\" href=\"http:\/\/tec-corp.com.vn\/wp-content\/uploads\/2023\/08\/web4-1.jpg\" data-rel=\"prettyPhoto[rel-3281-1670204615]\"><img width=\"800\" height=\"500\" src=\"http:\/\/tec-corp.com.vn\/wp-content\/uploads\/2023\/08\/web4-1.jpg\" class=\"attachment-full\" alt=\"\" loading=\"lazy\" srcset=\"http:\/\/tec-corp.com.vn\/wp-content\/uploads\/2023\/08\/web4-1.jpg 800w, http:\/\/tec-corp.com.vn\/wp-content\/uploads\/2023\/08\/web4-1-300x188.jpg 300w, http:\/\/tec-corp.com.vn\/wp-content\/uploads\/2023\/08\/web4-1-768x480.jpg 768w, http:\/\/tec-corp.com.vn\/wp-content\/uploads\/2023\/08\/web4-1-16x10.jpg 16w, http:\/\/tec-corp.com.vn\/wp-content\/uploads\/2023\/08\/web4-1-370x231.jpg 370w, http:\/\/tec-corp.com.vn\/wp-content\/uploads\/2023\/08\/web4-1-360x225.jpg 360w\" sizes=\"(max-width: 800px) 100vw, 800px\" \/><\/a><\/div><\/div><\/div><\/div><\/div><\/div><\/div><\/div><\/div><\/div><\/div><div class=\"wpb_column vc_column_container vc_col-sm-4\"><div class=\"vc_column-inner\"><div class=\"wpb_wrapper\">\n\t<div class=\"wpb_text_column wpb_content_element\" >\n\t\t<div class=\"wpb_wrapper\">\n\t\t\t<p style=\"text-align: justify;\"><strong><span style=\"color: #ff0000; font-size: 18px;\">THI\u1ebeT K\u1ebe V\u00c0 THI C\u00d4NG HO\u00c0N THI\u1ec6N N\u1ed8I TH\u1ea4T<\/span><\/strong><\/p>\n<p style=\"color: #000000; font-size: 15px; text-align: justify;\"><strong><span style=\"color: #000080;\">Item \u00a0\u00a0\u00a0\u00a0\u00a0\u00a0&nbsp;\u00a0\u00a0\u00a0:<\/span><\/strong> Design and complete construction of townhouse interiors<\/p>\n<p style=\"color: #000000; font-size: 15px; text-align: justify;\"><span style=\"color: #000080;\"><strong>Location\u00a0 \u00a0 \u00a0:<\/strong><\/span> B\u00ecnh Th\u1ea1nh &#8211; H\u1ed3 Ch\u00ed Minh<\/p>\n<p><em>Simple - Modern design style is a trend that many customers appreciate for its aesthetics and prefer to choose it.<\/em><\/p>\n\n\t\t<\/div>\n\t<\/div>\n<\/div><\/div><\/div><\/div>","protected":false},"excerpt":{"rendered":"THI\u1ebeT K\u1ebe V\u00c0 THI C\u00d4NG HO\u00c0N THI\u1ec6N N\u1ed8I TH\u1ea4T H\u1ea1ng m\u1ee5c\u00a0 \u00a0: Thi\u1ebft k\u1ebf v\u00e0 thi c\u00f4ng ho\u00e0n thi\u1ec7n n\u1ed9i th\u1ea5t nh\u00e0 ph\u1ed1 \u0110\u1ecba \u0111i\u1ec3m\u00a0 \u00a0 \u00a0: B\u00ecnh Th\u1ea1nh - H\u1ed3 Ch\u00ed Minh Phong c\u00e1ch thi\u1ebft k\u1ebf \u0111\u01a1n gi\u1ea3n -...","protected":false},"author":4,"featured_media":3283,"parent":1708,"menu_order":0,"comment_status":"closed","ping_status":"closed","template":"","meta":[],"_links":{"self":[{"href":"http:\/\/tec-corp.com.vn\/en\/wp-json\/wp\/v2\/pages\/3281"}],"collection":[{"href":"http:\/\/tec-corp.com.vn\/en\/wp-json\/wp\/v2\/pages"}],"about":[{"href":"http:\/\/tec-corp.com.vn\/en\/wp-json\/wp\/v2\/types\/page"}],"author":[{"embeddable":true,"href":"http:\/\/tec-corp.com.vn\/en\/wp-json\/wp\/v2\/users\/4"}],"replies":[{"embeddable":true,"href":"http:\/\/tec-corp.com.vn\/en\/wp-json\/wp\/v2\/comments?post=3281"}],"version-history":[{"count":0,"href":"http:\/\/tec-corp.com.vn\/en\/wp-json\/wp\/v2\/pages\/3281\/revisions"}],"up":[{"embeddable":true,"href":"http:\/\/tec-corp.com.vn\/en\/wp-json\/wp\/v2\/pages\/1708"}],"wp:featuredmedia":[{"embeddable":true,"href":"http:\/\/tec-corp.com.vn\/en\/wp-json\/wp\/v2\/media\/3283"}],"wp:attachment":[{"href":"http:\/\/tec-corp.com.vn\/en\/wp-json\/wp\/v2\/media?parent=3281"}],"curies":[{"name":"wp","href":"https:\/\/api.w.org\/{rel}","templated":true}]}}