{"id":2862,"date":"2022-05-17T08:01:35","date_gmt":"2022-05-17T01:01:35","guid":{"rendered":"http:\/\/tec-corp.com.vn\/?page_id=2862"},"modified":"2023-10-03T09:36:54","modified_gmt":"2023-10-03T02:36:54","slug":"nha-hang-nami-binh-chau","status":"publish","type":"page","link":"http:\/\/tec-corp.com.vn\/en\/dan-dung-va-cong-nghiep\/nha-hang-nami-binh-chau\/","title":{"rendered":"NAMI BOAT RESTAURANT \u2013 NOVAWORLD HO TRAM BINH CHAU ONSEN"},"content":{"rendered":"<div class=\"vc_row wpb_row vc_row-fluid\"><div class=\"wpb_column vc_column_container vc_col-sm-12\"><div class=\"vc_column-inner\"><div class=\"wpb_wrapper\"><div class=\"vc_empty_space\"   style=\"height: 35px\"><span class=\"vc_empty_space_inner\"><\/span><\/div><\/div><\/div><\/div><\/div><div class=\"vc_row wpb_row vc_row-fluid\"><div class=\"wpb_column vc_column_container vc_col-sm-8\"><div class=\"vc_column-inner\"><div class=\"wpb_wrapper\"><div class=\"wpb_images_carousel wpb_content_element vc_clearfix\"><div class=\"wpb_wrapper\"><div id=\"vc_images-carousel-1-1777128927\" data-ride=\"vc_carousel\" data-wrap=\"true\" style=\"width: 100%;\" data-interval=\"3000\" data-auto-height=\"yes\" data-mode=\"horizontal\" data-partial=\"false\" data-per-view=\"1\" data-hide-on-end=\"false\" class=\"vc_slide vc_images_carousel\"><div class=\"vc_carousel-inner\"><div class=\"vc_carousel-slideline\"><div class=\"vc_carousel-slideline-inner\"><div class=\"vc_item\"><div class=\"vc_inner\"><a class=\"prettyphoto\" href=\"http:\/\/tec-corp.com.vn\/wp-content\/uploads\/2022\/05\/Nha-hang-Nami-Binh-Chau-01.jpeg\" data-rel=\"prettyPhoto[rel-2862-216801107]\"><img width=\"802\" height=\"500\" src=\"http:\/\/tec-corp.com.vn\/wp-content\/uploads\/2022\/05\/Nha-hang-Nami-Binh-Chau-01.jpeg\" class=\"attachment-full\" alt=\"\" loading=\"lazy\" srcset=\"http:\/\/tec-corp.com.vn\/wp-content\/uploads\/2022\/05\/Nha-hang-Nami-Binh-Chau-01.jpeg 802w, http:\/\/tec-corp.com.vn\/wp-content\/uploads\/2022\/05\/Nha-hang-Nami-Binh-Chau-01-300x187.jpeg 300w, http:\/\/tec-corp.com.vn\/wp-content\/uploads\/2022\/05\/Nha-hang-Nami-Binh-Chau-01-768x479.jpeg 768w, http:\/\/tec-corp.com.vn\/wp-content\/uploads\/2022\/05\/Nha-hang-Nami-Binh-Chau-01-16x10.jpeg 16w, http:\/\/tec-corp.com.vn\/wp-content\/uploads\/2022\/05\/Nha-hang-Nami-Binh-Chau-01-370x231.jpeg 370w, http:\/\/tec-corp.com.vn\/wp-content\/uploads\/2022\/05\/Nha-hang-Nami-Binh-Chau-01-360x224.jpeg 360w\" sizes=\"(max-width: 802px) 100vw, 802px\" \/><\/a><\/div><\/div><div class=\"vc_item\"><div class=\"vc_inner\"><a class=\"prettyphoto\" href=\"http:\/\/tec-corp.com.vn\/wp-content\/uploads\/2022\/05\/Nha-hang-Nami-Binh-Chau-02.jpeg\" data-rel=\"prettyPhoto[rel-2862-216801107]\"><img width=\"802\" height=\"500\" src=\"http:\/\/tec-corp.com.vn\/wp-content\/uploads\/2022\/05\/Nha-hang-Nami-Binh-Chau-02.jpeg\" class=\"attachment-full\" alt=\"\" loading=\"lazy\" srcset=\"http:\/\/tec-corp.com.vn\/wp-content\/uploads\/2022\/05\/Nha-hang-Nami-Binh-Chau-02.jpeg 802w, http:\/\/tec-corp.com.vn\/wp-content\/uploads\/2022\/05\/Nha-hang-Nami-Binh-Chau-02-300x187.jpeg 300w, http:\/\/tec-corp.com.vn\/wp-content\/uploads\/2022\/05\/Nha-hang-Nami-Binh-Chau-02-768x479.jpeg 768w, http:\/\/tec-corp.com.vn\/wp-content\/uploads\/2022\/05\/Nha-hang-Nami-Binh-Chau-02-16x10.jpeg 16w, http:\/\/tec-corp.com.vn\/wp-content\/uploads\/2022\/05\/Nha-hang-Nami-Binh-Chau-02-370x231.jpeg 370w, http:\/\/tec-corp.com.vn\/wp-content\/uploads\/2022\/05\/Nha-hang-Nami-Binh-Chau-02-360x224.jpeg 360w\" sizes=\"(max-width: 802px) 100vw, 802px\" \/><\/a><\/div><\/div><div class=\"vc_item\"><div class=\"vc_inner\"><a class=\"prettyphoto\" href=\"http:\/\/tec-corp.com.vn\/wp-content\/uploads\/2022\/05\/Nha-hang-Nami-Binh-Chau-03.jpeg\" data-rel=\"prettyPhoto[rel-2862-216801107]\"><img width=\"802\" height=\"500\" src=\"http:\/\/tec-corp.com.vn\/wp-content\/uploads\/2022\/05\/Nha-hang-Nami-Binh-Chau-03.jpeg\" class=\"attachment-full\" alt=\"\" loading=\"lazy\" srcset=\"http:\/\/tec-corp.com.vn\/wp-content\/uploads\/2022\/05\/Nha-hang-Nami-Binh-Chau-03.jpeg 802w, http:\/\/tec-corp.com.vn\/wp-content\/uploads\/2022\/05\/Nha-hang-Nami-Binh-Chau-03-300x187.jpeg 300w, http:\/\/tec-corp.com.vn\/wp-content\/uploads\/2022\/05\/Nha-hang-Nami-Binh-Chau-03-768x479.jpeg 768w, http:\/\/tec-corp.com.vn\/wp-content\/uploads\/2022\/05\/Nha-hang-Nami-Binh-Chau-03-16x10.jpeg 16w, http:\/\/tec-corp.com.vn\/wp-content\/uploads\/2022\/05\/Nha-hang-Nami-Binh-Chau-03-370x231.jpeg 370w, http:\/\/tec-corp.com.vn\/wp-content\/uploads\/2022\/05\/Nha-hang-Nami-Binh-Chau-03-360x224.jpeg 360w\" sizes=\"(max-width: 802px) 100vw, 802px\" \/><\/a><\/div><\/div><div class=\"vc_item\"><div class=\"vc_inner\"><a class=\"prettyphoto\" href=\"http:\/\/tec-corp.com.vn\/wp-content\/uploads\/2022\/05\/Nha-hang-Nami-Binh-Chau-04.jpeg\" data-rel=\"prettyPhoto[rel-2862-216801107]\"><img width=\"800\" height=\"500\" src=\"http:\/\/tec-corp.com.vn\/wp-content\/uploads\/2022\/05\/Nha-hang-Nami-Binh-Chau-04.jpeg\" class=\"attachment-full\" alt=\"\" loading=\"lazy\" srcset=\"http:\/\/tec-corp.com.vn\/wp-content\/uploads\/2022\/05\/Nha-hang-Nami-Binh-Chau-04.jpeg 800w, http:\/\/tec-corp.com.vn\/wp-content\/uploads\/2022\/05\/Nha-hang-Nami-Binh-Chau-04-300x188.jpeg 300w, http:\/\/tec-corp.com.vn\/wp-content\/uploads\/2022\/05\/Nha-hang-Nami-Binh-Chau-04-768x480.jpeg 768w, http:\/\/tec-corp.com.vn\/wp-content\/uploads\/2022\/05\/Nha-hang-Nami-Binh-Chau-04-16x10.jpeg 16w, http:\/\/tec-corp.com.vn\/wp-content\/uploads\/2022\/05\/Nha-hang-Nami-Binh-Chau-04-370x231.jpeg 370w, http:\/\/tec-corp.com.vn\/wp-content\/uploads\/2022\/05\/Nha-hang-Nami-Binh-Chau-04-360x225.jpeg 360w\" sizes=\"(max-width: 800px) 100vw, 800px\" \/><\/a><\/div><\/div><div class=\"vc_item\"><div class=\"vc_inner\"><a class=\"prettyphoto\" href=\"http:\/\/tec-corp.com.vn\/wp-content\/uploads\/2022\/05\/Nha-hang-Nami-Binh-Chau-05.jpeg\" data-rel=\"prettyPhoto[rel-2862-216801107]\"><img width=\"803\" height=\"500\" src=\"http:\/\/tec-corp.com.vn\/wp-content\/uploads\/2022\/05\/Nha-hang-Nami-Binh-Chau-05.jpeg\" class=\"attachment-full\" alt=\"\" loading=\"lazy\" srcset=\"http:\/\/tec-corp.com.vn\/wp-content\/uploads\/2022\/05\/Nha-hang-Nami-Binh-Chau-05.jpeg 803w, http:\/\/tec-corp.com.vn\/wp-content\/uploads\/2022\/05\/Nha-hang-Nami-Binh-Chau-05-300x187.jpeg 300w, http:\/\/tec-corp.com.vn\/wp-content\/uploads\/2022\/05\/Nha-hang-Nami-Binh-Chau-05-768x478.jpeg 768w, http:\/\/tec-corp.com.vn\/wp-content\/uploads\/2022\/05\/Nha-hang-Nami-Binh-Chau-05-16x10.jpeg 16w, http:\/\/tec-corp.com.vn\/wp-content\/uploads\/2022\/05\/Nha-hang-Nami-Binh-Chau-05-370x230.jpeg 370w, http:\/\/tec-corp.com.vn\/wp-content\/uploads\/2022\/05\/Nha-hang-Nami-Binh-Chau-05-360x224.jpeg 360w\" sizes=\"(max-width: 803px) 100vw, 803px\" \/><\/a><\/div><\/div><div class=\"vc_item\"><div class=\"vc_inner\"><a class=\"prettyphoto\" href=\"http:\/\/tec-corp.com.vn\/wp-content\/uploads\/2022\/05\/Nha-hang-Nami-Binh-Chau-06.jpeg\" data-rel=\"prettyPhoto[rel-2862-216801107]\"><img width=\"802\" height=\"500\" src=\"http:\/\/tec-corp.com.vn\/wp-content\/uploads\/2022\/05\/Nha-hang-Nami-Binh-Chau-06.jpeg\" class=\"attachment-full\" alt=\"\" loading=\"lazy\" srcset=\"http:\/\/tec-corp.com.vn\/wp-content\/uploads\/2022\/05\/Nha-hang-Nami-Binh-Chau-06.jpeg 802w, http:\/\/tec-corp.com.vn\/wp-content\/uploads\/2022\/05\/Nha-hang-Nami-Binh-Chau-06-300x187.jpeg 300w, http:\/\/tec-corp.com.vn\/wp-content\/uploads\/2022\/05\/Nha-hang-Nami-Binh-Chau-06-768x479.jpeg 768w, http:\/\/tec-corp.com.vn\/wp-content\/uploads\/2022\/05\/Nha-hang-Nami-Binh-Chau-06-16x10.jpeg 16w, http:\/\/tec-corp.com.vn\/wp-content\/uploads\/2022\/05\/Nha-hang-Nami-Binh-Chau-06-370x231.jpeg 370w, http:\/\/tec-corp.com.vn\/wp-content\/uploads\/2022\/05\/Nha-hang-Nami-Binh-Chau-06-360x224.jpeg 360w\" sizes=\"(max-width: 802px) 100vw, 802px\" \/><\/a><\/div><\/div><div class=\"vc_item\"><div class=\"vc_inner\"><a class=\"prettyphoto\" href=\"http:\/\/tec-corp.com.vn\/wp-content\/uploads\/2022\/05\/Nha-hang-Nami-Binh-Chau-07.jpeg\" data-rel=\"prettyPhoto[rel-2862-216801107]\"><img width=\"802\" height=\"500\" src=\"http:\/\/tec-corp.com.vn\/wp-content\/uploads\/2022\/05\/Nha-hang-Nami-Binh-Chau-07.jpeg\" class=\"attachment-full\" alt=\"\" loading=\"lazy\" srcset=\"http:\/\/tec-corp.com.vn\/wp-content\/uploads\/2022\/05\/Nha-hang-Nami-Binh-Chau-07.jpeg 802w, http:\/\/tec-corp.com.vn\/wp-content\/uploads\/2022\/05\/Nha-hang-Nami-Binh-Chau-07-300x187.jpeg 300w, http:\/\/tec-corp.com.vn\/wp-content\/uploads\/2022\/05\/Nha-hang-Nami-Binh-Chau-07-768x479.jpeg 768w, http:\/\/tec-corp.com.vn\/wp-content\/uploads\/2022\/05\/Nha-hang-Nami-Binh-Chau-07-16x10.jpeg 16w, http:\/\/tec-corp.com.vn\/wp-content\/uploads\/2022\/05\/Nha-hang-Nami-Binh-Chau-07-370x231.jpeg 370w, http:\/\/tec-corp.com.vn\/wp-content\/uploads\/2022\/05\/Nha-hang-Nami-Binh-Chau-07-360x224.jpeg 360w\" sizes=\"(max-width: 802px) 100vw, 802px\" \/><\/a><\/div><\/div><div class=\"vc_item\"><div class=\"vc_inner\"><a class=\"prettyphoto\" href=\"http:\/\/tec-corp.com.vn\/wp-content\/uploads\/2022\/05\/Nha-hang-Nami-Binh-Chau-09.jpeg\" data-rel=\"prettyPhoto[rel-2862-216801107]\"><img width=\"802\" height=\"500\" src=\"http:\/\/tec-corp.com.vn\/wp-content\/uploads\/2022\/05\/Nha-hang-Nami-Binh-Chau-09.jpeg\" class=\"attachment-full\" alt=\"\" loading=\"lazy\" srcset=\"http:\/\/tec-corp.com.vn\/wp-content\/uploads\/2022\/05\/Nha-hang-Nami-Binh-Chau-09.jpeg 802w, http:\/\/tec-corp.com.vn\/wp-content\/uploads\/2022\/05\/Nha-hang-Nami-Binh-Chau-09-300x187.jpeg 300w, http:\/\/tec-corp.com.vn\/wp-content\/uploads\/2022\/05\/Nha-hang-Nami-Binh-Chau-09-768x479.jpeg 768w, http:\/\/tec-corp.com.vn\/wp-content\/uploads\/2022\/05\/Nha-hang-Nami-Binh-Chau-09-16x10.jpeg 16w, http:\/\/tec-corp.com.vn\/wp-content\/uploads\/2022\/05\/Nha-hang-Nami-Binh-Chau-09-370x231.jpeg 370w, http:\/\/tec-corp.com.vn\/wp-content\/uploads\/2022\/05\/Nha-hang-Nami-Binh-Chau-09-360x224.jpeg 360w\" sizes=\"(max-width: 802px) 100vw, 802px\" \/><\/a><\/div><\/div><div class=\"vc_item\"><div class=\"vc_inner\"><a class=\"prettyphoto\" href=\"http:\/\/tec-corp.com.vn\/wp-content\/uploads\/2022\/05\/Nha-hang-Nami-Binh-Chau-10.jpeg\" data-rel=\"prettyPhoto[rel-2862-216801107]\"><img width=\"802\" height=\"500\" src=\"http:\/\/tec-corp.com.vn\/wp-content\/uploads\/2022\/05\/Nha-hang-Nami-Binh-Chau-10.jpeg\" class=\"attachment-full\" alt=\"\" loading=\"lazy\" srcset=\"http:\/\/tec-corp.com.vn\/wp-content\/uploads\/2022\/05\/Nha-hang-Nami-Binh-Chau-10.jpeg 802w, http:\/\/tec-corp.com.vn\/wp-content\/uploads\/2022\/05\/Nha-hang-Nami-Binh-Chau-10-300x187.jpeg 300w, http:\/\/tec-corp.com.vn\/wp-content\/uploads\/2022\/05\/Nha-hang-Nami-Binh-Chau-10-768x479.jpeg 768w, http:\/\/tec-corp.com.vn\/wp-content\/uploads\/2022\/05\/Nha-hang-Nami-Binh-Chau-10-16x10.jpeg 16w, http:\/\/tec-corp.com.vn\/wp-content\/uploads\/2022\/05\/Nha-hang-Nami-Binh-Chau-10-370x231.jpeg 370w, http:\/\/tec-corp.com.vn\/wp-content\/uploads\/2022\/05\/Nha-hang-Nami-Binh-Chau-10-360x224.jpeg 360w\" sizes=\"(max-width: 802px) 100vw, 802px\" \/><\/a><\/div><\/div><div class=\"vc_item\"><div class=\"vc_inner\"><a class=\"prettyphoto\" href=\"http:\/\/tec-corp.com.vn\/wp-content\/uploads\/2022\/05\/Nha-hang-Nami-Binh-Chau-08.jpeg\" data-rel=\"prettyPhoto[rel-2862-216801107]\"><img width=\"802\" height=\"500\" src=\"http:\/\/tec-corp.com.vn\/wp-content\/uploads\/2022\/05\/Nha-hang-Nami-Binh-Chau-08.jpeg\" class=\"attachment-full\" alt=\"\" loading=\"lazy\" srcset=\"http:\/\/tec-corp.com.vn\/wp-content\/uploads\/2022\/05\/Nha-hang-Nami-Binh-Chau-08.jpeg 802w, http:\/\/tec-corp.com.vn\/wp-content\/uploads\/2022\/05\/Nha-hang-Nami-Binh-Chau-08-300x187.jpeg 300w, http:\/\/tec-corp.com.vn\/wp-content\/uploads\/2022\/05\/Nha-hang-Nami-Binh-Chau-08-768x479.jpeg 768w, http:\/\/tec-corp.com.vn\/wp-content\/uploads\/2022\/05\/Nha-hang-Nami-Binh-Chau-08-16x10.jpeg 16w, http:\/\/tec-corp.com.vn\/wp-content\/uploads\/2022\/05\/Nha-hang-Nami-Binh-Chau-08-370x231.jpeg 370w, http:\/\/tec-corp.com.vn\/wp-content\/uploads\/2022\/05\/Nha-hang-Nami-Binh-Chau-08-360x224.jpeg 360w\" sizes=\"(max-width: 802px) 100vw, 802px\" \/><\/a><\/div><\/div><\/div><\/div><\/div><a class=\"vc_left vc_carousel-control\" href=\"#vc_images-carousel-1-1777128927\" data-slide=\"prev\"><span class=\"icon-prev\"><\/span><\/a><a class=\"vc_right vc_carousel-control\" href=\"#vc_images-carousel-1-1777128927\" data-slide=\"next\"><span class=\"icon-next\"><\/span><\/a><\/div><\/div><\/div><div class=\"vc_empty_space\"   style=\"height: 10px\"><span class=\"vc_empty_space_inner\"><\/span><\/div><div class=\"wpb_images_carousel wpb_content_element vc_clearfix\"><div class=\"wpb_wrapper\"><div id=\"vc_images-carousel-2-1777128927\" data-ride=\"vc_carousel\" data-wrap=\"false\" style=\"width: 100%;\" data-interval=\"0\" data-auto-height=\"yes\" data-mode=\"horizontal\" data-partial=\"false\" data-per-view=\"10\" data-hide-on-end=\"true\" class=\"vc_slide vc_images_carousel\"><div class=\"vc_carousel-inner\"><div class=\"vc_carousel-slideline\"><div class=\"vc_carousel-slideline-inner\"><div class=\"vc_item\"><div class=\"vc_inner\"><a class=\"prettyphoto\" href=\"http:\/\/tec-corp.com.vn\/wp-content\/uploads\/2022\/05\/Nha-hang-Nami-Binh-Chau-10.jpeg\" data-rel=\"prettyPhoto[rel-2862-268908691]\"><img width=\"802\" height=\"500\" src=\"http:\/\/tec-corp.com.vn\/wp-content\/uploads\/2022\/05\/Nha-hang-Nami-Binh-Chau-10.jpeg\" class=\"attachment-full\" alt=\"\" loading=\"lazy\" srcset=\"http:\/\/tec-corp.com.vn\/wp-content\/uploads\/2022\/05\/Nha-hang-Nami-Binh-Chau-10.jpeg 802w, http:\/\/tec-corp.com.vn\/wp-content\/uploads\/2022\/05\/Nha-hang-Nami-Binh-Chau-10-300x187.jpeg 300w, http:\/\/tec-corp.com.vn\/wp-content\/uploads\/2022\/05\/Nha-hang-Nami-Binh-Chau-10-768x479.jpeg 768w, http:\/\/tec-corp.com.vn\/wp-content\/uploads\/2022\/05\/Nha-hang-Nami-Binh-Chau-10-16x10.jpeg 16w, http:\/\/tec-corp.com.vn\/wp-content\/uploads\/2022\/05\/Nha-hang-Nami-Binh-Chau-10-370x231.jpeg 370w, http:\/\/tec-corp.com.vn\/wp-content\/uploads\/2022\/05\/Nha-hang-Nami-Binh-Chau-10-360x224.jpeg 360w\" sizes=\"(max-width: 802px) 100vw, 802px\" \/><\/a><\/div><\/div><div class=\"vc_item\"><div class=\"vc_inner\"><a class=\"prettyphoto\" href=\"http:\/\/tec-corp.com.vn\/wp-content\/uploads\/2022\/05\/Nha-hang-Nami-Binh-Chau-09.jpeg\" data-rel=\"prettyPhoto[rel-2862-268908691]\"><img width=\"802\" height=\"500\" src=\"http:\/\/tec-corp.com.vn\/wp-content\/uploads\/2022\/05\/Nha-hang-Nami-Binh-Chau-09.jpeg\" class=\"attachment-full\" alt=\"\" loading=\"lazy\" srcset=\"http:\/\/tec-corp.com.vn\/wp-content\/uploads\/2022\/05\/Nha-hang-Nami-Binh-Chau-09.jpeg 802w, http:\/\/tec-corp.com.vn\/wp-content\/uploads\/2022\/05\/Nha-hang-Nami-Binh-Chau-09-300x187.jpeg 300w, http:\/\/tec-corp.com.vn\/wp-content\/uploads\/2022\/05\/Nha-hang-Nami-Binh-Chau-09-768x479.jpeg 768w, http:\/\/tec-corp.com.vn\/wp-content\/uploads\/2022\/05\/Nha-hang-Nami-Binh-Chau-09-16x10.jpeg 16w, http:\/\/tec-corp.com.vn\/wp-content\/uploads\/2022\/05\/Nha-hang-Nami-Binh-Chau-09-370x231.jpeg 370w, http:\/\/tec-corp.com.vn\/wp-content\/uploads\/2022\/05\/Nha-hang-Nami-Binh-Chau-09-360x224.jpeg 360w\" sizes=\"(max-width: 802px) 100vw, 802px\" \/><\/a><\/div><\/div><div class=\"vc_item\"><div class=\"vc_inner\"><a class=\"prettyphoto\" href=\"http:\/\/tec-corp.com.vn\/wp-content\/uploads\/2022\/05\/Nha-hang-Nami-Binh-Chau-07.jpeg\" data-rel=\"prettyPhoto[rel-2862-268908691]\"><img width=\"802\" height=\"500\" src=\"http:\/\/tec-corp.com.vn\/wp-content\/uploads\/2022\/05\/Nha-hang-Nami-Binh-Chau-07.jpeg\" class=\"attachment-full\" alt=\"\" loading=\"lazy\" srcset=\"http:\/\/tec-corp.com.vn\/wp-content\/uploads\/2022\/05\/Nha-hang-Nami-Binh-Chau-07.jpeg 802w, http:\/\/tec-corp.com.vn\/wp-content\/uploads\/2022\/05\/Nha-hang-Nami-Binh-Chau-07-300x187.jpeg 300w, http:\/\/tec-corp.com.vn\/wp-content\/uploads\/2022\/05\/Nha-hang-Nami-Binh-Chau-07-768x479.jpeg 768w, http:\/\/tec-corp.com.vn\/wp-content\/uploads\/2022\/05\/Nha-hang-Nami-Binh-Chau-07-16x10.jpeg 16w, http:\/\/tec-corp.com.vn\/wp-content\/uploads\/2022\/05\/Nha-hang-Nami-Binh-Chau-07-370x231.jpeg 370w, http:\/\/tec-corp.com.vn\/wp-content\/uploads\/2022\/05\/Nha-hang-Nami-Binh-Chau-07-360x224.jpeg 360w\" sizes=\"(max-width: 802px) 100vw, 802px\" \/><\/a><\/div><\/div><div class=\"vc_item\"><div class=\"vc_inner\"><a class=\"prettyphoto\" href=\"http:\/\/tec-corp.com.vn\/wp-content\/uploads\/2022\/05\/Nha-hang-Nami-Binh-Chau-06.jpeg\" data-rel=\"prettyPhoto[rel-2862-268908691]\"><img width=\"802\" height=\"500\" src=\"http:\/\/tec-corp.com.vn\/wp-content\/uploads\/2022\/05\/Nha-hang-Nami-Binh-Chau-06.jpeg\" class=\"attachment-full\" alt=\"\" loading=\"lazy\" srcset=\"http:\/\/tec-corp.com.vn\/wp-content\/uploads\/2022\/05\/Nha-hang-Nami-Binh-Chau-06.jpeg 802w, http:\/\/tec-corp.com.vn\/wp-content\/uploads\/2022\/05\/Nha-hang-Nami-Binh-Chau-06-300x187.jpeg 300w, http:\/\/tec-corp.com.vn\/wp-content\/uploads\/2022\/05\/Nha-hang-Nami-Binh-Chau-06-768x479.jpeg 768w, http:\/\/tec-corp.com.vn\/wp-content\/uploads\/2022\/05\/Nha-hang-Nami-Binh-Chau-06-16x10.jpeg 16w, http:\/\/tec-corp.com.vn\/wp-content\/uploads\/2022\/05\/Nha-hang-Nami-Binh-Chau-06-370x231.jpeg 370w, http:\/\/tec-corp.com.vn\/wp-content\/uploads\/2022\/05\/Nha-hang-Nami-Binh-Chau-06-360x224.jpeg 360w\" sizes=\"(max-width: 802px) 100vw, 802px\" \/><\/a><\/div><\/div><div class=\"vc_item\"><div class=\"vc_inner\"><a class=\"prettyphoto\" href=\"http:\/\/tec-corp.com.vn\/wp-content\/uploads\/2022\/05\/Nha-hang-Nami-Binh-Chau-05.jpeg\" data-rel=\"prettyPhoto[rel-2862-268908691]\"><img width=\"803\" height=\"500\" src=\"http:\/\/tec-corp.com.vn\/wp-content\/uploads\/2022\/05\/Nha-hang-Nami-Binh-Chau-05.jpeg\" class=\"attachment-full\" alt=\"\" loading=\"lazy\" srcset=\"http:\/\/tec-corp.com.vn\/wp-content\/uploads\/2022\/05\/Nha-hang-Nami-Binh-Chau-05.jpeg 803w, http:\/\/tec-corp.com.vn\/wp-content\/uploads\/2022\/05\/Nha-hang-Nami-Binh-Chau-05-300x187.jpeg 300w, http:\/\/tec-corp.com.vn\/wp-content\/uploads\/2022\/05\/Nha-hang-Nami-Binh-Chau-05-768x478.jpeg 768w, http:\/\/tec-corp.com.vn\/wp-content\/uploads\/2022\/05\/Nha-hang-Nami-Binh-Chau-05-16x10.jpeg 16w, http:\/\/tec-corp.com.vn\/wp-content\/uploads\/2022\/05\/Nha-hang-Nami-Binh-Chau-05-370x230.jpeg 370w, http:\/\/tec-corp.com.vn\/wp-content\/uploads\/2022\/05\/Nha-hang-Nami-Binh-Chau-05-360x224.jpeg 360w\" sizes=\"(max-width: 803px) 100vw, 803px\" \/><\/a><\/div><\/div><div class=\"vc_item\"><div class=\"vc_inner\"><a class=\"prettyphoto\" href=\"http:\/\/tec-corp.com.vn\/wp-content\/uploads\/2022\/05\/Nha-hang-Nami-Binh-Chau-04.jpeg\" data-rel=\"prettyPhoto[rel-2862-268908691]\"><img width=\"800\" height=\"500\" src=\"http:\/\/tec-corp.com.vn\/wp-content\/uploads\/2022\/05\/Nha-hang-Nami-Binh-Chau-04.jpeg\" class=\"attachment-full\" alt=\"\" loading=\"lazy\" srcset=\"http:\/\/tec-corp.com.vn\/wp-content\/uploads\/2022\/05\/Nha-hang-Nami-Binh-Chau-04.jpeg 800w, http:\/\/tec-corp.com.vn\/wp-content\/uploads\/2022\/05\/Nha-hang-Nami-Binh-Chau-04-300x188.jpeg 300w, http:\/\/tec-corp.com.vn\/wp-content\/uploads\/2022\/05\/Nha-hang-Nami-Binh-Chau-04-768x480.jpeg 768w, http:\/\/tec-corp.com.vn\/wp-content\/uploads\/2022\/05\/Nha-hang-Nami-Binh-Chau-04-16x10.jpeg 16w, http:\/\/tec-corp.com.vn\/wp-content\/uploads\/2022\/05\/Nha-hang-Nami-Binh-Chau-04-370x231.jpeg 370w, http:\/\/tec-corp.com.vn\/wp-content\/uploads\/2022\/05\/Nha-hang-Nami-Binh-Chau-04-360x225.jpeg 360w\" sizes=\"(max-width: 800px) 100vw, 800px\" \/><\/a><\/div><\/div><div class=\"vc_item\"><div class=\"vc_inner\"><a class=\"prettyphoto\" href=\"http:\/\/tec-corp.com.vn\/wp-content\/uploads\/2022\/05\/Nha-hang-Nami-Binh-Chau-03.jpeg\" data-rel=\"prettyPhoto[rel-2862-268908691]\"><img width=\"802\" height=\"500\" src=\"http:\/\/tec-corp.com.vn\/wp-content\/uploads\/2022\/05\/Nha-hang-Nami-Binh-Chau-03.jpeg\" class=\"attachment-full\" alt=\"\" loading=\"lazy\" srcset=\"http:\/\/tec-corp.com.vn\/wp-content\/uploads\/2022\/05\/Nha-hang-Nami-Binh-Chau-03.jpeg 802w, http:\/\/tec-corp.com.vn\/wp-content\/uploads\/2022\/05\/Nha-hang-Nami-Binh-Chau-03-300x187.jpeg 300w, http:\/\/tec-corp.com.vn\/wp-content\/uploads\/2022\/05\/Nha-hang-Nami-Binh-Chau-03-768x479.jpeg 768w, http:\/\/tec-corp.com.vn\/wp-content\/uploads\/2022\/05\/Nha-hang-Nami-Binh-Chau-03-16x10.jpeg 16w, http:\/\/tec-corp.com.vn\/wp-content\/uploads\/2022\/05\/Nha-hang-Nami-Binh-Chau-03-370x231.jpeg 370w, http:\/\/tec-corp.com.vn\/wp-content\/uploads\/2022\/05\/Nha-hang-Nami-Binh-Chau-03-360x224.jpeg 360w\" sizes=\"(max-width: 802px) 100vw, 802px\" \/><\/a><\/div><\/div><div class=\"vc_item\"><div class=\"vc_inner\"><a class=\"prettyphoto\" href=\"http:\/\/tec-corp.com.vn\/wp-content\/uploads\/2022\/05\/Nha-hang-Nami-Binh-Chau-02.jpeg\" data-rel=\"prettyPhoto[rel-2862-268908691]\"><img width=\"802\" height=\"500\" src=\"http:\/\/tec-corp.com.vn\/wp-content\/uploads\/2022\/05\/Nha-hang-Nami-Binh-Chau-02.jpeg\" class=\"attachment-full\" alt=\"\" loading=\"lazy\" srcset=\"http:\/\/tec-corp.com.vn\/wp-content\/uploads\/2022\/05\/Nha-hang-Nami-Binh-Chau-02.jpeg 802w, http:\/\/tec-corp.com.vn\/wp-content\/uploads\/2022\/05\/Nha-hang-Nami-Binh-Chau-02-300x187.jpeg 300w, http:\/\/tec-corp.com.vn\/wp-content\/uploads\/2022\/05\/Nha-hang-Nami-Binh-Chau-02-768x479.jpeg 768w, http:\/\/tec-corp.com.vn\/wp-content\/uploads\/2022\/05\/Nha-hang-Nami-Binh-Chau-02-16x10.jpeg 16w, http:\/\/tec-corp.com.vn\/wp-content\/uploads\/2022\/05\/Nha-hang-Nami-Binh-Chau-02-370x231.jpeg 370w, http:\/\/tec-corp.com.vn\/wp-content\/uploads\/2022\/05\/Nha-hang-Nami-Binh-Chau-02-360x224.jpeg 360w\" sizes=\"(max-width: 802px) 100vw, 802px\" \/><\/a><\/div><\/div><div class=\"vc_item\"><div class=\"vc_inner\"><a class=\"prettyphoto\" href=\"http:\/\/tec-corp.com.vn\/wp-content\/uploads\/2022\/05\/Nha-hang-Nami-Binh-Chau-01.jpeg\" data-rel=\"prettyPhoto[rel-2862-268908691]\"><img width=\"802\" height=\"500\" src=\"http:\/\/tec-corp.com.vn\/wp-content\/uploads\/2022\/05\/Nha-hang-Nami-Binh-Chau-01.jpeg\" class=\"attachment-full\" alt=\"\" loading=\"lazy\" srcset=\"http:\/\/tec-corp.com.vn\/wp-content\/uploads\/2022\/05\/Nha-hang-Nami-Binh-Chau-01.jpeg 802w, http:\/\/tec-corp.com.vn\/wp-content\/uploads\/2022\/05\/Nha-hang-Nami-Binh-Chau-01-300x187.jpeg 300w, http:\/\/tec-corp.com.vn\/wp-content\/uploads\/2022\/05\/Nha-hang-Nami-Binh-Chau-01-768x479.jpeg 768w, http:\/\/tec-corp.com.vn\/wp-content\/uploads\/2022\/05\/Nha-hang-Nami-Binh-Chau-01-16x10.jpeg 16w, http:\/\/tec-corp.com.vn\/wp-content\/uploads\/2022\/05\/Nha-hang-Nami-Binh-Chau-01-370x231.jpeg 370w, http:\/\/tec-corp.com.vn\/wp-content\/uploads\/2022\/05\/Nha-hang-Nami-Binh-Chau-01-360x224.jpeg 360w\" sizes=\"(max-width: 802px) 100vw, 802px\" \/><\/a><\/div><\/div><div class=\"vc_item\"><div class=\"vc_inner\"><a class=\"prettyphoto\" href=\"http:\/\/tec-corp.com.vn\/wp-content\/uploads\/2022\/05\/Nha-hang-Nami-Binh-Chau-08.jpeg\" data-rel=\"prettyPhoto[rel-2862-268908691]\"><img width=\"802\" height=\"500\" src=\"http:\/\/tec-corp.com.vn\/wp-content\/uploads\/2022\/05\/Nha-hang-Nami-Binh-Chau-08.jpeg\" class=\"attachment-full\" alt=\"\" loading=\"lazy\" srcset=\"http:\/\/tec-corp.com.vn\/wp-content\/uploads\/2022\/05\/Nha-hang-Nami-Binh-Chau-08.jpeg 802w, http:\/\/tec-corp.com.vn\/wp-content\/uploads\/2022\/05\/Nha-hang-Nami-Binh-Chau-08-300x187.jpeg 300w, http:\/\/tec-corp.com.vn\/wp-content\/uploads\/2022\/05\/Nha-hang-Nami-Binh-Chau-08-768x479.jpeg 768w, http:\/\/tec-corp.com.vn\/wp-content\/uploads\/2022\/05\/Nha-hang-Nami-Binh-Chau-08-16x10.jpeg 16w, http:\/\/tec-corp.com.vn\/wp-content\/uploads\/2022\/05\/Nha-hang-Nami-Binh-Chau-08-370x231.jpeg 370w, http:\/\/tec-corp.com.vn\/wp-content\/uploads\/2022\/05\/Nha-hang-Nami-Binh-Chau-08-360x224.jpeg 360w\" sizes=\"(max-width: 802px) 100vw, 802px\" \/><\/a><\/div><\/div><\/div><\/div><\/div><\/div><\/div><\/div><\/div><\/div><\/div><div class=\"wpb_column vc_column_container vc_col-sm-4\"><div class=\"vc_column-inner\"><div class=\"wpb_wrapper\">\n\t<div class=\"wpb_text_column wpb_content_element\" >\n\t\t<div class=\"wpb_wrapper\">\n\t\t\t<p style=\"text-align: justify;\"><strong><span style=\"color: #ff0000; font-size: 18px;\">NAMI BOAT RESTAURANT \u2013 NOVAWORLD HO TRAM BINH CHAU ONSEN<\/span><\/strong><\/p>\n<p style=\"color: #000000; font-size: 15px; text-align: justify;\"><strong><span style=\"color: #000080;\">Item \u00a0\u00a0\u00a0\u00a0\u00a0\u00a0&nbsp;\u00a0\u00a0\u00a0:<\/span><\/strong> Design - construction of 3 subjects and construction of basic finished structure, MEP hardscape<\/p>\n<p style=\"color: #000000; font-size: 15px; text-align: justify;\"><span style=\"color: #000080;\"><strong>Location\u00a0 \u00a0 \u00a0:<\/strong><\/span> Binh Chau Commune, Xuyen Moc District, Ba Ria - Vung Tau Province.<\/p>\n<p><em>Nami boat restaurant was renovated, expanded and rebuilt from Minera Resort. Gross floor area: 5848 m2, with Japanese-style design 1 ground floor, 1 mezzanine and 1 high tower to enjoy the cool space of the surrounding forest. The restaurant campus is surrounded by a clear green Koi fish pond, stylized by the highlights of the boat's spire.<\/em><\/p>\n\n\t\t<\/div>\n\t<\/div>\n<\/div><\/div><\/div><\/div>","protected":false},"excerpt":{"rendered":"NH\u00c0 H\u00c0NG CON THUY\u1ec0N NAMI \u2013 NOVAWORLD H\u1ed2 TR\u00c0M B\u00ccNH CH\u00c2U ONSEN H\u1ea1ng m\u1ee5c\u00a0 \u00a0: Thi\u1ebft k\u1ebf - thi c\u00f4ng 3 b\u1ed9 m\u00f4n v\u00e0 thi c\u00f4ng k\u1ebft c\u1ea5u ho\u00e0n thi\u1ec7n c\u01a1 b\u1ea3n, MEP hardscape \u0110\u1ecba \u0111i\u1ec3m\u00a0 \u00a0 \u00a0: X\u00e3 B\u00ecnh...","protected":false},"author":1,"featured_media":3321,"parent":2846,"menu_order":0,"comment_status":"closed","ping_status":"closed","template":"","meta":[],"_links":{"self":[{"href":"http:\/\/tec-corp.com.vn\/en\/wp-json\/wp\/v2\/pages\/2862"}],"collection":[{"href":"http:\/\/tec-corp.com.vn\/en\/wp-json\/wp\/v2\/pages"}],"about":[{"href":"http:\/\/tec-corp.com.vn\/en\/wp-json\/wp\/v2\/types\/page"}],"author":[{"embeddable":true,"href":"http:\/\/tec-corp.com.vn\/en\/wp-json\/wp\/v2\/users\/1"}],"replies":[{"embeddable":true,"href":"http:\/\/tec-corp.com.vn\/en\/wp-json\/wp\/v2\/comments?post=2862"}],"version-history":[{"count":0,"href":"http:\/\/tec-corp.com.vn\/en\/wp-json\/wp\/v2\/pages\/2862\/revisions"}],"up":[{"embeddable":true,"href":"http:\/\/tec-corp.com.vn\/en\/wp-json\/wp\/v2\/pages\/2846"}],"wp:featuredmedia":[{"embeddable":true,"href":"http:\/\/tec-corp.com.vn\/en\/wp-json\/wp\/v2\/media\/3321"}],"wp:attachment":[{"href":"http:\/\/tec-corp.com.vn\/en\/wp-json\/wp\/v2\/media?parent=2862"}],"curies":[{"name":"wp","href":"https:\/\/api.w.org\/{rel}","templated":true}]}}