{"id":2858,"date":"2022-05-17T07:55:55","date_gmt":"2022-05-17T00:55:55","guid":{"rendered":"http:\/\/tec-corp.com.vn\/?page_id=2858"},"modified":"2022-05-17T07:58:25","modified_gmt":"2022-05-17T00:58:25","slug":"shophouse-kana-binh-chau","status":"publish","type":"page","link":"http:\/\/tec-corp.com.vn\/en\/dan-dung-va-cong-nghiep\/shophouse-kana-binh-chau\/","title":{"rendered":"SHOPHOUSE KANA - NOVAWORLD HO TRAM BINH CHAU ONSEN"},"content":{"rendered":"<div class=\"vc_row wpb_row vc_row-fluid\"><div class=\"wpb_column vc_column_container vc_col-sm-12\"><div class=\"vc_column-inner\"><div class=\"wpb_wrapper\"><div class=\"vc_empty_space\"   style=\"height: 35px\"><span class=\"vc_empty_space_inner\"><\/span><\/div><\/div><\/div><\/div><\/div><div class=\"vc_row wpb_row vc_row-fluid\"><div class=\"wpb_column vc_column_container vc_col-sm-8\"><div class=\"vc_column-inner\"><div class=\"wpb_wrapper\"><div class=\"wpb_images_carousel wpb_content_element vc_clearfix\"><div class=\"wpb_wrapper\"><div id=\"vc_images-carousel-1-1777731879\" data-ride=\"vc_carousel\" data-wrap=\"true\" style=\"width: 100%;\" data-interval=\"3000\" data-auto-height=\"yes\" data-mode=\"horizontal\" data-partial=\"false\" data-per-view=\"1\" data-hide-on-end=\"false\" class=\"vc_slide vc_images_carousel\"><div class=\"vc_carousel-inner\"><div class=\"vc_carousel-slideline\"><div class=\"vc_carousel-slideline-inner\"><div class=\"vc_item\"><div class=\"vc_inner\"><a class=\"prettyphoto\" href=\"http:\/\/tec-corp.com.vn\/wp-content\/uploads\/2022\/05\/SHOPHOUSE-KANA-01.jpg\" data-rel=\"prettyPhoto[rel-2858-615251694]\"><img width=\"801\" height=\"500\" src=\"http:\/\/tec-corp.com.vn\/wp-content\/uploads\/2022\/05\/SHOPHOUSE-KANA-01.jpg\" class=\"attachment-full\" alt=\"\" loading=\"lazy\" srcset=\"http:\/\/tec-corp.com.vn\/wp-content\/uploads\/2022\/05\/SHOPHOUSE-KANA-01.jpg 801w, http:\/\/tec-corp.com.vn\/wp-content\/uploads\/2022\/05\/SHOPHOUSE-KANA-01-300x187.jpg 300w, http:\/\/tec-corp.com.vn\/wp-content\/uploads\/2022\/05\/SHOPHOUSE-KANA-01-768x479.jpg 768w, http:\/\/tec-corp.com.vn\/wp-content\/uploads\/2022\/05\/SHOPHOUSE-KANA-01-16x10.jpg 16w, http:\/\/tec-corp.com.vn\/wp-content\/uploads\/2022\/05\/SHOPHOUSE-KANA-01-370x231.jpg 370w, http:\/\/tec-corp.com.vn\/wp-content\/uploads\/2022\/05\/SHOPHOUSE-KANA-01-360x225.jpg 360w\" sizes=\"(max-width: 801px) 100vw, 801px\" \/><\/a><\/div><\/div><div class=\"vc_item\"><div class=\"vc_inner\"><a class=\"prettyphoto\" href=\"http:\/\/tec-corp.com.vn\/wp-content\/uploads\/2022\/05\/SHOPHOUSE-KANA-02.jpg\" data-rel=\"prettyPhoto[rel-2858-615251694]\"><img width=\"802\" height=\"500\" src=\"http:\/\/tec-corp.com.vn\/wp-content\/uploads\/2022\/05\/SHOPHOUSE-KANA-02.jpg\" class=\"attachment-full\" alt=\"\" loading=\"lazy\" srcset=\"http:\/\/tec-corp.com.vn\/wp-content\/uploads\/2022\/05\/SHOPHOUSE-KANA-02.jpg 802w, http:\/\/tec-corp.com.vn\/wp-content\/uploads\/2022\/05\/SHOPHOUSE-KANA-02-300x187.jpg 300w, http:\/\/tec-corp.com.vn\/wp-content\/uploads\/2022\/05\/SHOPHOUSE-KANA-02-768x479.jpg 768w, http:\/\/tec-corp.com.vn\/wp-content\/uploads\/2022\/05\/SHOPHOUSE-KANA-02-16x10.jpg 16w, http:\/\/tec-corp.com.vn\/wp-content\/uploads\/2022\/05\/SHOPHOUSE-KANA-02-370x231.jpg 370w, http:\/\/tec-corp.com.vn\/wp-content\/uploads\/2022\/05\/SHOPHOUSE-KANA-02-360x224.jpg 360w\" sizes=\"(max-width: 802px) 100vw, 802px\" \/><\/a><\/div><\/div><div class=\"vc_item\"><div class=\"vc_inner\"><a class=\"prettyphoto\" href=\"http:\/\/tec-corp.com.vn\/wp-content\/uploads\/2022\/05\/SHOPHOUSE-KANA-03.jpg\" data-rel=\"prettyPhoto[rel-2858-615251694]\"><img width=\"801\" height=\"500\" src=\"http:\/\/tec-corp.com.vn\/wp-content\/uploads\/2022\/05\/SHOPHOUSE-KANA-03.jpg\" class=\"attachment-full\" alt=\"\" loading=\"lazy\" srcset=\"http:\/\/tec-corp.com.vn\/wp-content\/uploads\/2022\/05\/SHOPHOUSE-KANA-03.jpg 801w, http:\/\/tec-corp.com.vn\/wp-content\/uploads\/2022\/05\/SHOPHOUSE-KANA-03-300x187.jpg 300w, http:\/\/tec-corp.com.vn\/wp-content\/uploads\/2022\/05\/SHOPHOUSE-KANA-03-768x479.jpg 768w, http:\/\/tec-corp.com.vn\/wp-content\/uploads\/2022\/05\/SHOPHOUSE-KANA-03-16x10.jpg 16w, http:\/\/tec-corp.com.vn\/wp-content\/uploads\/2022\/05\/SHOPHOUSE-KANA-03-370x231.jpg 370w, http:\/\/tec-corp.com.vn\/wp-content\/uploads\/2022\/05\/SHOPHOUSE-KANA-03-360x225.jpg 360w\" sizes=\"(max-width: 801px) 100vw, 801px\" \/><\/a><\/div><\/div><div class=\"vc_item\"><div class=\"vc_inner\"><a class=\"prettyphoto\" href=\"http:\/\/tec-corp.com.vn\/wp-content\/uploads\/2022\/05\/SHOPHOUSE-KANA-04.jpg\" data-rel=\"prettyPhoto[rel-2858-615251694]\"><img width=\"802\" height=\"500\" src=\"http:\/\/tec-corp.com.vn\/wp-content\/uploads\/2022\/05\/SHOPHOUSE-KANA-04.jpg\" class=\"attachment-full\" alt=\"\" loading=\"lazy\" srcset=\"http:\/\/tec-corp.com.vn\/wp-content\/uploads\/2022\/05\/SHOPHOUSE-KANA-04.jpg 802w, http:\/\/tec-corp.com.vn\/wp-content\/uploads\/2022\/05\/SHOPHOUSE-KANA-04-300x187.jpg 300w, http:\/\/tec-corp.com.vn\/wp-content\/uploads\/2022\/05\/SHOPHOUSE-KANA-04-768x479.jpg 768w, http:\/\/tec-corp.com.vn\/wp-content\/uploads\/2022\/05\/SHOPHOUSE-KANA-04-16x10.jpg 16w, http:\/\/tec-corp.com.vn\/wp-content\/uploads\/2022\/05\/SHOPHOUSE-KANA-04-370x231.jpg 370w, http:\/\/tec-corp.com.vn\/wp-content\/uploads\/2022\/05\/SHOPHOUSE-KANA-04-360x224.jpg 360w\" sizes=\"(max-width: 802px) 100vw, 802px\" \/><\/a><\/div><\/div><div class=\"vc_item\"><div class=\"vc_inner\"><a class=\"prettyphoto\" href=\"http:\/\/tec-corp.com.vn\/wp-content\/uploads\/2022\/05\/SHOPHOUSE-KANA-05.jpg\" data-rel=\"prettyPhoto[rel-2858-615251694]\"><img width=\"800\" height=\"501\" src=\"http:\/\/tec-corp.com.vn\/wp-content\/uploads\/2022\/05\/SHOPHOUSE-KANA-05.jpg\" class=\"attachment-full\" alt=\"\" loading=\"lazy\" srcset=\"http:\/\/tec-corp.com.vn\/wp-content\/uploads\/2022\/05\/SHOPHOUSE-KANA-05.jpg 800w, http:\/\/tec-corp.com.vn\/wp-content\/uploads\/2022\/05\/SHOPHOUSE-KANA-05-300x188.jpg 300w, http:\/\/tec-corp.com.vn\/wp-content\/uploads\/2022\/05\/SHOPHOUSE-KANA-05-768x481.jpg 768w, http:\/\/tec-corp.com.vn\/wp-content\/uploads\/2022\/05\/SHOPHOUSE-KANA-05-16x10.jpg 16w, http:\/\/tec-corp.com.vn\/wp-content\/uploads\/2022\/05\/SHOPHOUSE-KANA-05-370x232.jpg 370w, http:\/\/tec-corp.com.vn\/wp-content\/uploads\/2022\/05\/SHOPHOUSE-KANA-05-360x225.jpg 360w\" sizes=\"(max-width: 800px) 100vw, 800px\" \/><\/a><\/div><\/div><div class=\"vc_item\"><div class=\"vc_inner\"><a class=\"prettyphoto\" href=\"http:\/\/tec-corp.com.vn\/wp-content\/uploads\/2022\/05\/SHOPHOUSE-KANA-06.jpg\" data-rel=\"prettyPhoto[rel-2858-615251694]\"><img width=\"800\" height=\"502\" src=\"http:\/\/tec-corp.com.vn\/wp-content\/uploads\/2022\/05\/SHOPHOUSE-KANA-06.jpg\" class=\"attachment-full\" alt=\"\" loading=\"lazy\" srcset=\"http:\/\/tec-corp.com.vn\/wp-content\/uploads\/2022\/05\/SHOPHOUSE-KANA-06.jpg 800w, http:\/\/tec-corp.com.vn\/wp-content\/uploads\/2022\/05\/SHOPHOUSE-KANA-06-300x188.jpg 300w, http:\/\/tec-corp.com.vn\/wp-content\/uploads\/2022\/05\/SHOPHOUSE-KANA-06-768x482.jpg 768w, http:\/\/tec-corp.com.vn\/wp-content\/uploads\/2022\/05\/SHOPHOUSE-KANA-06-16x10.jpg 16w, http:\/\/tec-corp.com.vn\/wp-content\/uploads\/2022\/05\/SHOPHOUSE-KANA-06-370x232.jpg 370w, http:\/\/tec-corp.com.vn\/wp-content\/uploads\/2022\/05\/SHOPHOUSE-KANA-06-360x226.jpg 360w\" sizes=\"(max-width: 800px) 100vw, 800px\" \/><\/a><\/div><\/div><div class=\"vc_item\"><div class=\"vc_inner\"><a class=\"prettyphoto\" href=\"http:\/\/tec-corp.com.vn\/wp-content\/uploads\/2022\/05\/SHOPHOUSE-KANA-07.jpg\" data-rel=\"prettyPhoto[rel-2858-615251694]\"><img width=\"800\" height=\"501\" src=\"http:\/\/tec-corp.com.vn\/wp-content\/uploads\/2022\/05\/SHOPHOUSE-KANA-07.jpg\" class=\"attachment-full\" alt=\"\" loading=\"lazy\" srcset=\"http:\/\/tec-corp.com.vn\/wp-content\/uploads\/2022\/05\/SHOPHOUSE-KANA-07.jpg 800w, http:\/\/tec-corp.com.vn\/wp-content\/uploads\/2022\/05\/SHOPHOUSE-KANA-07-300x188.jpg 300w, http:\/\/tec-corp.com.vn\/wp-content\/uploads\/2022\/05\/SHOPHOUSE-KANA-07-768x481.jpg 768w, http:\/\/tec-corp.com.vn\/wp-content\/uploads\/2022\/05\/SHOPHOUSE-KANA-07-16x10.jpg 16w, http:\/\/tec-corp.com.vn\/wp-content\/uploads\/2022\/05\/SHOPHOUSE-KANA-07-370x232.jpg 370w, http:\/\/tec-corp.com.vn\/wp-content\/uploads\/2022\/05\/SHOPHOUSE-KANA-07-360x225.jpg 360w\" sizes=\"(max-width: 800px) 100vw, 800px\" \/><\/a><\/div><\/div><div class=\"vc_item\"><div class=\"vc_inner\"><a class=\"prettyphoto\" href=\"http:\/\/tec-corp.com.vn\/wp-content\/uploads\/2022\/05\/SHOPHOUSE-KANA-08.jpg\" data-rel=\"prettyPhoto[rel-2858-615251694]\"><img width=\"800\" height=\"500\" src=\"http:\/\/tec-corp.com.vn\/wp-content\/uploads\/2022\/05\/SHOPHOUSE-KANA-08.jpg\" class=\"attachment-full\" alt=\"\" loading=\"lazy\" srcset=\"http:\/\/tec-corp.com.vn\/wp-content\/uploads\/2022\/05\/SHOPHOUSE-KANA-08.jpg 800w, http:\/\/tec-corp.com.vn\/wp-content\/uploads\/2022\/05\/SHOPHOUSE-KANA-08-300x188.jpg 300w, http:\/\/tec-corp.com.vn\/wp-content\/uploads\/2022\/05\/SHOPHOUSE-KANA-08-768x480.jpg 768w, http:\/\/tec-corp.com.vn\/wp-content\/uploads\/2022\/05\/SHOPHOUSE-KANA-08-16x10.jpg 16w, http:\/\/tec-corp.com.vn\/wp-content\/uploads\/2022\/05\/SHOPHOUSE-KANA-08-370x231.jpg 370w, http:\/\/tec-corp.com.vn\/wp-content\/uploads\/2022\/05\/SHOPHOUSE-KANA-08-360x225.jpg 360w\" sizes=\"(max-width: 800px) 100vw, 800px\" \/><\/a><\/div><\/div><\/div><\/div><\/div><a class=\"vc_left vc_carousel-control\" href=\"#vc_images-carousel-1-1777731879\" data-slide=\"prev\"><span class=\"icon-prev\"><\/span><\/a><a class=\"vc_right vc_carousel-control\" href=\"#vc_images-carousel-1-1777731879\" data-slide=\"next\"><span class=\"icon-next\"><\/span><\/a><\/div><\/div><\/div><div class=\"vc_empty_space\"   style=\"height: 10px\"><span class=\"vc_empty_space_inner\"><\/span><\/div><div class=\"wpb_images_carousel wpb_content_element vc_clearfix\"><div class=\"wpb_wrapper\"><div id=\"vc_images-carousel-2-1777731879\" data-ride=\"vc_carousel\" data-wrap=\"false\" style=\"width: 100%;\" data-interval=\"0\" data-auto-height=\"yes\" data-mode=\"horizontal\" data-partial=\"false\" data-per-view=\"10\" data-hide-on-end=\"true\" class=\"vc_slide vc_images_carousel\"><div class=\"vc_carousel-inner\"><div class=\"vc_carousel-slideline\"><div class=\"vc_carousel-slideline-inner\"><div class=\"vc_item\"><div class=\"vc_inner\"><a class=\"prettyphoto\" href=\"http:\/\/tec-corp.com.vn\/wp-content\/uploads\/2022\/05\/SHOPHOUSE-KANA-01.jpg\" data-rel=\"prettyPhoto[rel-2858-1599303490]\"><img width=\"801\" height=\"500\" src=\"http:\/\/tec-corp.com.vn\/wp-content\/uploads\/2022\/05\/SHOPHOUSE-KANA-01.jpg\" class=\"attachment-full\" alt=\"\" loading=\"lazy\" srcset=\"http:\/\/tec-corp.com.vn\/wp-content\/uploads\/2022\/05\/SHOPHOUSE-KANA-01.jpg 801w, http:\/\/tec-corp.com.vn\/wp-content\/uploads\/2022\/05\/SHOPHOUSE-KANA-01-300x187.jpg 300w, http:\/\/tec-corp.com.vn\/wp-content\/uploads\/2022\/05\/SHOPHOUSE-KANA-01-768x479.jpg 768w, http:\/\/tec-corp.com.vn\/wp-content\/uploads\/2022\/05\/SHOPHOUSE-KANA-01-16x10.jpg 16w, http:\/\/tec-corp.com.vn\/wp-content\/uploads\/2022\/05\/SHOPHOUSE-KANA-01-370x231.jpg 370w, http:\/\/tec-corp.com.vn\/wp-content\/uploads\/2022\/05\/SHOPHOUSE-KANA-01-360x225.jpg 360w\" sizes=\"(max-width: 801px) 100vw, 801px\" \/><\/a><\/div><\/div><div class=\"vc_item\"><div class=\"vc_inner\"><a class=\"prettyphoto\" href=\"http:\/\/tec-corp.com.vn\/wp-content\/uploads\/2022\/05\/SHOPHOUSE-KANA-02.jpg\" data-rel=\"prettyPhoto[rel-2858-1599303490]\"><img width=\"802\" height=\"500\" src=\"http:\/\/tec-corp.com.vn\/wp-content\/uploads\/2022\/05\/SHOPHOUSE-KANA-02.jpg\" class=\"attachment-full\" alt=\"\" loading=\"lazy\" srcset=\"http:\/\/tec-corp.com.vn\/wp-content\/uploads\/2022\/05\/SHOPHOUSE-KANA-02.jpg 802w, http:\/\/tec-corp.com.vn\/wp-content\/uploads\/2022\/05\/SHOPHOUSE-KANA-02-300x187.jpg 300w, http:\/\/tec-corp.com.vn\/wp-content\/uploads\/2022\/05\/SHOPHOUSE-KANA-02-768x479.jpg 768w, http:\/\/tec-corp.com.vn\/wp-content\/uploads\/2022\/05\/SHOPHOUSE-KANA-02-16x10.jpg 16w, http:\/\/tec-corp.com.vn\/wp-content\/uploads\/2022\/05\/SHOPHOUSE-KANA-02-370x231.jpg 370w, http:\/\/tec-corp.com.vn\/wp-content\/uploads\/2022\/05\/SHOPHOUSE-KANA-02-360x224.jpg 360w\" sizes=\"(max-width: 802px) 100vw, 802px\" \/><\/a><\/div><\/div><div class=\"vc_item\"><div class=\"vc_inner\"><a class=\"prettyphoto\" href=\"http:\/\/tec-corp.com.vn\/wp-content\/uploads\/2022\/05\/SHOPHOUSE-KANA-03.jpg\" data-rel=\"prettyPhoto[rel-2858-1599303490]\"><img width=\"801\" height=\"500\" src=\"http:\/\/tec-corp.com.vn\/wp-content\/uploads\/2022\/05\/SHOPHOUSE-KANA-03.jpg\" class=\"attachment-full\" alt=\"\" loading=\"lazy\" srcset=\"http:\/\/tec-corp.com.vn\/wp-content\/uploads\/2022\/05\/SHOPHOUSE-KANA-03.jpg 801w, http:\/\/tec-corp.com.vn\/wp-content\/uploads\/2022\/05\/SHOPHOUSE-KANA-03-300x187.jpg 300w, http:\/\/tec-corp.com.vn\/wp-content\/uploads\/2022\/05\/SHOPHOUSE-KANA-03-768x479.jpg 768w, http:\/\/tec-corp.com.vn\/wp-content\/uploads\/2022\/05\/SHOPHOUSE-KANA-03-16x10.jpg 16w, http:\/\/tec-corp.com.vn\/wp-content\/uploads\/2022\/05\/SHOPHOUSE-KANA-03-370x231.jpg 370w, http:\/\/tec-corp.com.vn\/wp-content\/uploads\/2022\/05\/SHOPHOUSE-KANA-03-360x225.jpg 360w\" sizes=\"(max-width: 801px) 100vw, 801px\" \/><\/a><\/div><\/div><div class=\"vc_item\"><div class=\"vc_inner\"><a class=\"prettyphoto\" href=\"http:\/\/tec-corp.com.vn\/wp-content\/uploads\/2022\/05\/SHOPHOUSE-KANA-04.jpg\" data-rel=\"prettyPhoto[rel-2858-1599303490]\"><img width=\"802\" height=\"500\" src=\"http:\/\/tec-corp.com.vn\/wp-content\/uploads\/2022\/05\/SHOPHOUSE-KANA-04.jpg\" class=\"attachment-full\" alt=\"\" loading=\"lazy\" srcset=\"http:\/\/tec-corp.com.vn\/wp-content\/uploads\/2022\/05\/SHOPHOUSE-KANA-04.jpg 802w, http:\/\/tec-corp.com.vn\/wp-content\/uploads\/2022\/05\/SHOPHOUSE-KANA-04-300x187.jpg 300w, http:\/\/tec-corp.com.vn\/wp-content\/uploads\/2022\/05\/SHOPHOUSE-KANA-04-768x479.jpg 768w, http:\/\/tec-corp.com.vn\/wp-content\/uploads\/2022\/05\/SHOPHOUSE-KANA-04-16x10.jpg 16w, http:\/\/tec-corp.com.vn\/wp-content\/uploads\/2022\/05\/SHOPHOUSE-KANA-04-370x231.jpg 370w, http:\/\/tec-corp.com.vn\/wp-content\/uploads\/2022\/05\/SHOPHOUSE-KANA-04-360x224.jpg 360w\" sizes=\"(max-width: 802px) 100vw, 802px\" \/><\/a><\/div><\/div><div class=\"vc_item\"><div class=\"vc_inner\"><a class=\"prettyphoto\" href=\"http:\/\/tec-corp.com.vn\/wp-content\/uploads\/2022\/05\/SHOPHOUSE-KANA-05.jpg\" data-rel=\"prettyPhoto[rel-2858-1599303490]\"><img width=\"800\" height=\"501\" src=\"http:\/\/tec-corp.com.vn\/wp-content\/uploads\/2022\/05\/SHOPHOUSE-KANA-05.jpg\" class=\"attachment-full\" alt=\"\" loading=\"lazy\" srcset=\"http:\/\/tec-corp.com.vn\/wp-content\/uploads\/2022\/05\/SHOPHOUSE-KANA-05.jpg 800w, http:\/\/tec-corp.com.vn\/wp-content\/uploads\/2022\/05\/SHOPHOUSE-KANA-05-300x188.jpg 300w, http:\/\/tec-corp.com.vn\/wp-content\/uploads\/2022\/05\/SHOPHOUSE-KANA-05-768x481.jpg 768w, http:\/\/tec-corp.com.vn\/wp-content\/uploads\/2022\/05\/SHOPHOUSE-KANA-05-16x10.jpg 16w, http:\/\/tec-corp.com.vn\/wp-content\/uploads\/2022\/05\/SHOPHOUSE-KANA-05-370x232.jpg 370w, http:\/\/tec-corp.com.vn\/wp-content\/uploads\/2022\/05\/SHOPHOUSE-KANA-05-360x225.jpg 360w\" sizes=\"(max-width: 800px) 100vw, 800px\" \/><\/a><\/div><\/div><div class=\"vc_item\"><div class=\"vc_inner\"><a class=\"prettyphoto\" href=\"http:\/\/tec-corp.com.vn\/wp-content\/uploads\/2022\/05\/SHOPHOUSE-KANA-06.jpg\" data-rel=\"prettyPhoto[rel-2858-1599303490]\"><img width=\"800\" height=\"502\" src=\"http:\/\/tec-corp.com.vn\/wp-content\/uploads\/2022\/05\/SHOPHOUSE-KANA-06.jpg\" class=\"attachment-full\" alt=\"\" loading=\"lazy\" srcset=\"http:\/\/tec-corp.com.vn\/wp-content\/uploads\/2022\/05\/SHOPHOUSE-KANA-06.jpg 800w, http:\/\/tec-corp.com.vn\/wp-content\/uploads\/2022\/05\/SHOPHOUSE-KANA-06-300x188.jpg 300w, http:\/\/tec-corp.com.vn\/wp-content\/uploads\/2022\/05\/SHOPHOUSE-KANA-06-768x482.jpg 768w, http:\/\/tec-corp.com.vn\/wp-content\/uploads\/2022\/05\/SHOPHOUSE-KANA-06-16x10.jpg 16w, http:\/\/tec-corp.com.vn\/wp-content\/uploads\/2022\/05\/SHOPHOUSE-KANA-06-370x232.jpg 370w, http:\/\/tec-corp.com.vn\/wp-content\/uploads\/2022\/05\/SHOPHOUSE-KANA-06-360x226.jpg 360w\" sizes=\"(max-width: 800px) 100vw, 800px\" \/><\/a><\/div><\/div><div class=\"vc_item\"><div class=\"vc_inner\"><a class=\"prettyphoto\" href=\"http:\/\/tec-corp.com.vn\/wp-content\/uploads\/2022\/05\/SHOPHOUSE-KANA-07.jpg\" data-rel=\"prettyPhoto[rel-2858-1599303490]\"><img width=\"800\" height=\"501\" src=\"http:\/\/tec-corp.com.vn\/wp-content\/uploads\/2022\/05\/SHOPHOUSE-KANA-07.jpg\" class=\"attachment-full\" alt=\"\" loading=\"lazy\" srcset=\"http:\/\/tec-corp.com.vn\/wp-content\/uploads\/2022\/05\/SHOPHOUSE-KANA-07.jpg 800w, http:\/\/tec-corp.com.vn\/wp-content\/uploads\/2022\/05\/SHOPHOUSE-KANA-07-300x188.jpg 300w, http:\/\/tec-corp.com.vn\/wp-content\/uploads\/2022\/05\/SHOPHOUSE-KANA-07-768x481.jpg 768w, http:\/\/tec-corp.com.vn\/wp-content\/uploads\/2022\/05\/SHOPHOUSE-KANA-07-16x10.jpg 16w, http:\/\/tec-corp.com.vn\/wp-content\/uploads\/2022\/05\/SHOPHOUSE-KANA-07-370x232.jpg 370w, http:\/\/tec-corp.com.vn\/wp-content\/uploads\/2022\/05\/SHOPHOUSE-KANA-07-360x225.jpg 360w\" sizes=\"(max-width: 800px) 100vw, 800px\" \/><\/a><\/div><\/div><div class=\"vc_item\"><div class=\"vc_inner\"><a class=\"prettyphoto\" href=\"http:\/\/tec-corp.com.vn\/wp-content\/uploads\/2022\/05\/SHOPHOUSE-KANA-08.jpg\" data-rel=\"prettyPhoto[rel-2858-1599303490]\"><img width=\"800\" height=\"500\" src=\"http:\/\/tec-corp.com.vn\/wp-content\/uploads\/2022\/05\/SHOPHOUSE-KANA-08.jpg\" class=\"attachment-full\" alt=\"\" loading=\"lazy\" srcset=\"http:\/\/tec-corp.com.vn\/wp-content\/uploads\/2022\/05\/SHOPHOUSE-KANA-08.jpg 800w, http:\/\/tec-corp.com.vn\/wp-content\/uploads\/2022\/05\/SHOPHOUSE-KANA-08-300x188.jpg 300w, http:\/\/tec-corp.com.vn\/wp-content\/uploads\/2022\/05\/SHOPHOUSE-KANA-08-768x480.jpg 768w, http:\/\/tec-corp.com.vn\/wp-content\/uploads\/2022\/05\/SHOPHOUSE-KANA-08-16x10.jpg 16w, http:\/\/tec-corp.com.vn\/wp-content\/uploads\/2022\/05\/SHOPHOUSE-KANA-08-370x231.jpg 370w, http:\/\/tec-corp.com.vn\/wp-content\/uploads\/2022\/05\/SHOPHOUSE-KANA-08-360x225.jpg 360w\" sizes=\"(max-width: 800px) 100vw, 800px\" \/><\/a><\/div><\/div><\/div><\/div><\/div><\/div><\/div><\/div><\/div><\/div><\/div><div class=\"wpb_column vc_column_container vc_col-sm-4\"><div class=\"vc_column-inner\"><div class=\"wpb_wrapper\">\n\t<div class=\"wpb_text_column wpb_content_element\" >\n\t\t<div class=\"wpb_wrapper\">\n\t\t\t<p style=\"text-align: justify;\"><strong><span style=\"color: #ff0000; font-size: 18px;\">SHOPHOUSE KANA - NOVAWORLD HO TRAM BINH CHAU ONSEN <\/span><\/strong><\/p>\n<p style=\"color: #000000; font-size: 15px; text-align: justify;\"><strong><span style=\"color: #000080;\">Item \u00a0\u00a0\u00a0\u00a0\u00a0\u00a0&nbsp;\u00a0\u00a0\u00a0:<\/span><\/strong> Design and construction of structure, basic finishing, MEP 27 Shophouse Binh Chau<\/p>\n<p style=\"color: #000000; font-size: 15px; text-align: justify;\"><span style=\"color: #000080;\"><strong>Location\u00a0 \u00a0 \u00a0:<\/strong><\/span> Binh Chau Commune, Xuyen Moc District, Ba Ria - Vung Tau Province<\/p>\n<p><em>The Kana Shophouse series has a basic area: 6x22m and 8mx22m, with total gross floor area :10,720m2, is designed concept based on a combination of the ancient architecture of Higashiyama shopping street in the ancient capital of Kyoto and modern style of the busy commercial area in Shinjuku - Tokyo capital. Traditional and modern elements are combined by the architects using modern building materials such as large glass walls, mixed with traditional Edo period details.<\/em><\/p>\n<p>&nbsp;<\/p>\n\n\t\t<\/div>\n\t<\/div>\n<\/div><\/div><\/div><\/div>","protected":false},"excerpt":{"rendered":"SHOPHOUSE KANA - NOVAWORLD H\u1ed2 TR\u00c0M B\u00ccNH CH\u00c2U ONSEN H\u1ea1ng m\u1ee5c\u00a0 \u00a0: Thi\u1ebft k\u1ebf v\u00e0 thi c\u00f4ng k\u1ebft c\u1ea5u, ho\u00e0n thi\u1ec7n c\u01a1 b\u1ea3n, MEP 27 c\u0103n Shophouse B\u00ecnh Ch\u00e2u \u0110\u1ecba \u0111i\u1ec3m\u00a0 \u00a0 \u00a0: X\u00e3 B\u00ecnh Ch\u00e2u, huy\u1ec7n Xuy\u00ean M\u1ed9c, t\u1ec9nh...","protected":false},"author":1,"featured_media":0,"parent":2846,"menu_order":0,"comment_status":"closed","ping_status":"closed","template":"","meta":[],"_links":{"self":[{"href":"http:\/\/tec-corp.com.vn\/en\/wp-json\/wp\/v2\/pages\/2858"}],"collection":[{"href":"http:\/\/tec-corp.com.vn\/en\/wp-json\/wp\/v2\/pages"}],"about":[{"href":"http:\/\/tec-corp.com.vn\/en\/wp-json\/wp\/v2\/types\/page"}],"author":[{"embeddable":true,"href":"http:\/\/tec-corp.com.vn\/en\/wp-json\/wp\/v2\/users\/1"}],"replies":[{"embeddable":true,"href":"http:\/\/tec-corp.com.vn\/en\/wp-json\/wp\/v2\/comments?post=2858"}],"version-history":[{"count":0,"href":"http:\/\/tec-corp.com.vn\/en\/wp-json\/wp\/v2\/pages\/2858\/revisions"}],"up":[{"embeddable":true,"href":"http:\/\/tec-corp.com.vn\/en\/wp-json\/wp\/v2\/pages\/2846"}],"wp:attachment":[{"href":"http:\/\/tec-corp.com.vn\/en\/wp-json\/wp\/v2\/media?parent=2858"}],"curies":[{"name":"wp","href":"https:\/\/api.w.org\/{rel}","templated":true}]}}