{"id":2818,"date":"2021-11-17T07:05:47","date_gmt":"2021-11-17T00:05:47","guid":{"rendered":"http:\/\/tec-corp.com.vn\/?page_id=2818"},"modified":"2022-05-17T07:27:11","modified_gmt":"2022-05-17T00:27:11","slug":"phong-kham-nova-medic-saigon","status":"publish","type":"page","link":"http:\/\/tec-corp.com.vn\/en\/hoan-thien\/phong-kham-nova-medic-saigon\/","title":{"rendered":"PH\u00d2NG KH\u00c1M NOVAMEDIC S\u00c0I G\u00d2N"},"content":{"rendered":"<div class=\"vc_row wpb_row vc_row-fluid\"><div class=\"wpb_column vc_column_container vc_col-sm-12\"><div class=\"vc_column-inner\"><div class=\"wpb_wrapper\"><div class=\"vc_empty_space\"   style=\"height: 35px\"><span class=\"vc_empty_space_inner\"><\/span><\/div><\/div><\/div><\/div><\/div><div class=\"vc_row wpb_row vc_row-fluid\"><div class=\"wpb_column vc_column_container vc_col-sm-8\"><div class=\"vc_column-inner\"><div class=\"wpb_wrapper\"><div class=\"wpb_images_carousel wpb_content_element vc_clearfix\"><div class=\"wpb_wrapper\"><div id=\"vc_images-carousel-1-1776592505\" data-ride=\"vc_carousel\" data-wrap=\"true\" style=\"width: 100%;\" data-interval=\"3000\" data-auto-height=\"yes\" data-mode=\"horizontal\" data-partial=\"false\" data-per-view=\"1\" data-hide-on-end=\"false\" class=\"vc_slide vc_images_carousel\"><div class=\"vc_carousel-inner\"><div class=\"vc_carousel-slideline\"><div class=\"vc_carousel-slideline-inner\"><div class=\"vc_item\"><div class=\"vc_inner\"><a class=\"prettyphoto\" href=\"http:\/\/tec-corp.com.vn\/wp-content\/uploads\/2022\/05\/NovaMedic01.jpg\" data-rel=\"prettyPhoto[rel-2818-251575475]\"><img width=\"802\" height=\"500\" src=\"http:\/\/tec-corp.com.vn\/wp-content\/uploads\/2022\/05\/NovaMedic01.jpg\" class=\"attachment-full\" alt=\"\" loading=\"lazy\" srcset=\"http:\/\/tec-corp.com.vn\/wp-content\/uploads\/2022\/05\/NovaMedic01.jpg 802w, http:\/\/tec-corp.com.vn\/wp-content\/uploads\/2022\/05\/NovaMedic01-300x187.jpg 300w, http:\/\/tec-corp.com.vn\/wp-content\/uploads\/2022\/05\/NovaMedic01-768x479.jpg 768w, http:\/\/tec-corp.com.vn\/wp-content\/uploads\/2022\/05\/NovaMedic01-16x10.jpg 16w, http:\/\/tec-corp.com.vn\/wp-content\/uploads\/2022\/05\/NovaMedic01-370x231.jpg 370w, http:\/\/tec-corp.com.vn\/wp-content\/uploads\/2022\/05\/NovaMedic01-360x224.jpg 360w\" sizes=\"(max-width: 802px) 100vw, 802px\" \/><\/a><\/div><\/div><div class=\"vc_item\"><div class=\"vc_inner\"><a class=\"prettyphoto\" href=\"http:\/\/tec-corp.com.vn\/wp-content\/uploads\/2022\/05\/NovaMedic02.jpg\" data-rel=\"prettyPhoto[rel-2818-251575475]\"><img width=\"801\" height=\"500\" src=\"http:\/\/tec-corp.com.vn\/wp-content\/uploads\/2022\/05\/NovaMedic02.jpg\" class=\"attachment-full\" alt=\"\" loading=\"lazy\" srcset=\"http:\/\/tec-corp.com.vn\/wp-content\/uploads\/2022\/05\/NovaMedic02.jpg 801w, http:\/\/tec-corp.com.vn\/wp-content\/uploads\/2022\/05\/NovaMedic02-300x187.jpg 300w, http:\/\/tec-corp.com.vn\/wp-content\/uploads\/2022\/05\/NovaMedic02-768x479.jpg 768w, http:\/\/tec-corp.com.vn\/wp-content\/uploads\/2022\/05\/NovaMedic02-16x10.jpg 16w, http:\/\/tec-corp.com.vn\/wp-content\/uploads\/2022\/05\/NovaMedic02-370x231.jpg 370w, http:\/\/tec-corp.com.vn\/wp-content\/uploads\/2022\/05\/NovaMedic02-360x225.jpg 360w\" sizes=\"(max-width: 801px) 100vw, 801px\" \/><\/a><\/div><\/div><div class=\"vc_item\"><div class=\"vc_inner\"><a class=\"prettyphoto\" href=\"http:\/\/tec-corp.com.vn\/wp-content\/uploads\/2022\/05\/NovaMedic03.jpg\" data-rel=\"prettyPhoto[rel-2818-251575475]\"><img width=\"800\" height=\"502\" src=\"http:\/\/tec-corp.com.vn\/wp-content\/uploads\/2022\/05\/NovaMedic03.jpg\" class=\"attachment-full\" alt=\"\" loading=\"lazy\" srcset=\"http:\/\/tec-corp.com.vn\/wp-content\/uploads\/2022\/05\/NovaMedic03.jpg 800w, http:\/\/tec-corp.com.vn\/wp-content\/uploads\/2022\/05\/NovaMedic03-300x188.jpg 300w, http:\/\/tec-corp.com.vn\/wp-content\/uploads\/2022\/05\/NovaMedic03-768x482.jpg 768w, http:\/\/tec-corp.com.vn\/wp-content\/uploads\/2022\/05\/NovaMedic03-16x10.jpg 16w, http:\/\/tec-corp.com.vn\/wp-content\/uploads\/2022\/05\/NovaMedic03-370x232.jpg 370w, http:\/\/tec-corp.com.vn\/wp-content\/uploads\/2022\/05\/NovaMedic03-360x226.jpg 360w\" sizes=\"(max-width: 800px) 100vw, 800px\" \/><\/a><\/div><\/div><\/div><\/div><\/div><a class=\"vc_left vc_carousel-control\" href=\"#vc_images-carousel-1-1776592505\" data-slide=\"prev\"><span class=\"icon-prev\"><\/span><\/a><a class=\"vc_right vc_carousel-control\" href=\"#vc_images-carousel-1-1776592505\" data-slide=\"next\"><span class=\"icon-next\"><\/span><\/a><\/div><\/div><\/div><div class=\"vc_empty_space\"   style=\"height: 10px\"><span class=\"vc_empty_space_inner\"><\/span><\/div><div class=\"wpb_images_carousel wpb_content_element vc_clearfix\"><div class=\"wpb_wrapper\"><div id=\"vc_images-carousel-2-1776592505\" data-ride=\"vc_carousel\" data-wrap=\"false\" style=\"width: 100%;\" data-interval=\"0\" data-auto-height=\"yes\" data-mode=\"horizontal\" data-partial=\"false\" data-per-view=\"10\" data-hide-on-end=\"true\" class=\"vc_slide vc_images_carousel\"><div class=\"vc_carousel-inner\"><div class=\"vc_carousel-slideline\"><div class=\"vc_carousel-slideline-inner\"><div class=\"vc_item\"><div class=\"vc_inner\"><a class=\"prettyphoto\" href=\"http:\/\/tec-corp.com.vn\/wp-content\/uploads\/2022\/05\/NovaMedic01.jpg\" data-rel=\"prettyPhoto[rel-2818-4014547623]\"><img width=\"802\" height=\"500\" src=\"http:\/\/tec-corp.com.vn\/wp-content\/uploads\/2022\/05\/NovaMedic01.jpg\" class=\"attachment-full\" alt=\"\" loading=\"lazy\" srcset=\"http:\/\/tec-corp.com.vn\/wp-content\/uploads\/2022\/05\/NovaMedic01.jpg 802w, http:\/\/tec-corp.com.vn\/wp-content\/uploads\/2022\/05\/NovaMedic01-300x187.jpg 300w, http:\/\/tec-corp.com.vn\/wp-content\/uploads\/2022\/05\/NovaMedic01-768x479.jpg 768w, http:\/\/tec-corp.com.vn\/wp-content\/uploads\/2022\/05\/NovaMedic01-16x10.jpg 16w, http:\/\/tec-corp.com.vn\/wp-content\/uploads\/2022\/05\/NovaMedic01-370x231.jpg 370w, http:\/\/tec-corp.com.vn\/wp-content\/uploads\/2022\/05\/NovaMedic01-360x224.jpg 360w\" sizes=\"(max-width: 802px) 100vw, 802px\" \/><\/a><\/div><\/div><div class=\"vc_item\"><div class=\"vc_inner\"><a class=\"prettyphoto\" href=\"http:\/\/tec-corp.com.vn\/wp-content\/uploads\/2022\/05\/NovaMedic02.jpg\" data-rel=\"prettyPhoto[rel-2818-4014547623]\"><img width=\"801\" height=\"500\" src=\"http:\/\/tec-corp.com.vn\/wp-content\/uploads\/2022\/05\/NovaMedic02.jpg\" class=\"attachment-full\" alt=\"\" loading=\"lazy\" srcset=\"http:\/\/tec-corp.com.vn\/wp-content\/uploads\/2022\/05\/NovaMedic02.jpg 801w, http:\/\/tec-corp.com.vn\/wp-content\/uploads\/2022\/05\/NovaMedic02-300x187.jpg 300w, http:\/\/tec-corp.com.vn\/wp-content\/uploads\/2022\/05\/NovaMedic02-768x479.jpg 768w, http:\/\/tec-corp.com.vn\/wp-content\/uploads\/2022\/05\/NovaMedic02-16x10.jpg 16w, http:\/\/tec-corp.com.vn\/wp-content\/uploads\/2022\/05\/NovaMedic02-370x231.jpg 370w, http:\/\/tec-corp.com.vn\/wp-content\/uploads\/2022\/05\/NovaMedic02-360x225.jpg 360w\" sizes=\"(max-width: 801px) 100vw, 801px\" \/><\/a><\/div><\/div><div class=\"vc_item\"><div class=\"vc_inner\"><a class=\"prettyphoto\" href=\"http:\/\/tec-corp.com.vn\/wp-content\/uploads\/2022\/05\/NovaMedic03.jpg\" data-rel=\"prettyPhoto[rel-2818-4014547623]\"><img width=\"800\" height=\"502\" src=\"http:\/\/tec-corp.com.vn\/wp-content\/uploads\/2022\/05\/NovaMedic03.jpg\" class=\"attachment-full\" alt=\"\" loading=\"lazy\" srcset=\"http:\/\/tec-corp.com.vn\/wp-content\/uploads\/2022\/05\/NovaMedic03.jpg 800w, http:\/\/tec-corp.com.vn\/wp-content\/uploads\/2022\/05\/NovaMedic03-300x188.jpg 300w, http:\/\/tec-corp.com.vn\/wp-content\/uploads\/2022\/05\/NovaMedic03-768x482.jpg 768w, http:\/\/tec-corp.com.vn\/wp-content\/uploads\/2022\/05\/NovaMedic03-16x10.jpg 16w, http:\/\/tec-corp.com.vn\/wp-content\/uploads\/2022\/05\/NovaMedic03-370x232.jpg 370w, http:\/\/tec-corp.com.vn\/wp-content\/uploads\/2022\/05\/NovaMedic03-360x226.jpg 360w\" sizes=\"(max-width: 800px) 100vw, 800px\" \/><\/a><\/div><\/div><\/div><\/div><\/div><\/div><\/div><\/div><\/div><\/div><\/div><div class=\"wpb_column vc_column_container vc_col-sm-4\"><div class=\"vc_column-inner\"><div class=\"wpb_wrapper\">\n\t<div class=\"wpb_text_column wpb_content_element\" >\n\t\t<div class=\"wpb_wrapper\">\n\t\t\t<p style=\"text-align: justify;\"><strong><span style=\"color: #ff0000; font-size: 18px;\">NOVAMEDIC SAIGON CLINIC<\/span><\/strong><\/p>\n<p style=\"color: #000000; font-size: 15px; text-align: justify;\"><strong><span style=\"color: #000080;\">Item \u00a0\u00a0\u00a0\u00a0\u00a0\u00a0&nbsp;\u00a0\u00a0\u00a0:<\/span><\/strong> Construction<\/p>\n<p style=\"color: #000000; font-size: 15px; text-align: justify;\"><span style=\"color: #000080;\"><strong>Location\u00a0 \u00a0 \u00a0:<\/strong><\/span> No. 187 Nguyen Van Troi, Phu Nhuan, HCMC<\/p>\n<p><span style=\"color: #000080;\"><strong>Progress   :<\/strong><\/span> 45 days<\/p>\n<p><em>With an area of more than 540m2 including 1 basement and 3 floors, NovaMedic Clinic is part of a chain of specialized clinics, model of Family doctor, first Aid, combined with pharmacy and medical consultation system invested and developed by Nova Healthcare Group. As of September 2021, Nova Healthcare Group focuses on serving residents and visitors at Aqua City, Novaworld Phan Thiet, and Novaworld Ho Tram projects invested and developed by Novaland Group.<\/em><\/p>\n<p>&nbsp;<\/p>\n\n\t\t<\/div>\n\t<\/div>\n<\/div><\/div><\/div><\/div>","protected":false},"excerpt":{"rendered":"PH\u00d2NG KH\u00c1M NOVAMEDIC - S\u00c0I G\u00d2N H\u1ea1ng m\u1ee5c\u00a0 \u00a0: Thi c\u00f4ng c\u1ea3i t\u1ea1o x\u00e2y d\u1ef1ng \u0110\u1ecba \u0111i\u1ec3m\u00a0 \u00a0 \u00a0: s\u1ed1 187 Nguy\u1ec5n V\u0103n Tr\u1ed7i, Ph\u00fa Nhu\u1eadn, TPHCM Ti\u1ebfn \u0111\u1ed9\u00a0 \u00a0 \u00a0: 45 ng\u00e0y V\u1edbi di\u1ec7n t\u00edch h\u01a1n 540m2 g\u1ed3m 1...","protected":false},"author":1,"featured_media":0,"parent":1708,"menu_order":0,"comment_status":"closed","ping_status":"closed","template":"","meta":[],"_links":{"self":[{"href":"http:\/\/tec-corp.com.vn\/en\/wp-json\/wp\/v2\/pages\/2818"}],"collection":[{"href":"http:\/\/tec-corp.com.vn\/en\/wp-json\/wp\/v2\/pages"}],"about":[{"href":"http:\/\/tec-corp.com.vn\/en\/wp-json\/wp\/v2\/types\/page"}],"author":[{"embeddable":true,"href":"http:\/\/tec-corp.com.vn\/en\/wp-json\/wp\/v2\/users\/1"}],"replies":[{"embeddable":true,"href":"http:\/\/tec-corp.com.vn\/en\/wp-json\/wp\/v2\/comments?post=2818"}],"version-history":[{"count":0,"href":"http:\/\/tec-corp.com.vn\/en\/wp-json\/wp\/v2\/pages\/2818\/revisions"}],"up":[{"embeddable":true,"href":"http:\/\/tec-corp.com.vn\/en\/wp-json\/wp\/v2\/pages\/1708"}],"wp:attachment":[{"href":"http:\/\/tec-corp.com.vn\/en\/wp-json\/wp\/v2\/media?parent=2818"}],"curies":[{"name":"wp","href":"https:\/\/api.w.org\/{rel}","templated":true}]}}