{"id":2187,"date":"2021-07-15T11:29:55","date_gmt":"2021-07-15T04:29:55","guid":{"rendered":"http:\/\/tec-corp.com.vn\/?page_id=2187"},"modified":"2021-08-07T12:00:19","modified_gmt":"2021-08-07T05:00:19","slug":"tin-tuc-p2","status":"publish","type":"page","link":"http:\/\/tec-corp.com.vn\/en\/tin-tuc-p2\/","title":{"rendered":"Tin t\u1ee9c &#8211; P2"},"content":{"rendered":"<div class=\"vc_row wpb_row vc_row-fluid vc_column-gap-10\"><div class=\"wpb_column vc_column_container vc_col-sm-12\"><div class=\"vc_column-inner\"><div class=\"wpb_wrapper\"><div class=\"vc_empty_space\"   style=\"height: 32px\"><span class=\"vc_empty_space_inner\"><\/span><\/div>\n\t<div class=\"wpb_text_column wpb_content_element\" >\n\t\t<div class=\"wpb_wrapper\">\n\t\t\t<p><strong><a href=\"http:\/\/www.tec-corp.com.vn\">Home<\/a> > News<\/strong><\/p>\n\n\t\t<\/div>\n\t<\/div>\n\n\t<div class=\"wpb_text_column wpb_content_element\" >\n\t\t<div class=\"wpb_wrapper\">\n\t\t\t<p style=\"text-align: center;\"><span style=\"color: #ff0000; font-size: 22px;\"><strong>NEWS<\/strong><\/span><\/p>\n\n\t\t<\/div>\n\t<\/div>\n<div class=\"vc_empty_space\"   style=\"height: 25px\"><span class=\"vc_empty_space_inner\"><\/span><\/div><div class=\"vc_separator wpb_content_element vc_separator_align_center vc_sep_width_60 vc_sep_border_width_2 vc_sep_pos_align_center vc_separator_no_text vc_sep_color_juicy_pink\" ><span class=\"vc_sep_holder vc_sep_holder_l\"><span  class=\"vc_sep_line\"><\/span><\/span><span class=\"vc_sep_holder vc_sep_holder_r\"><span  class=\"vc_sep_line\"><\/span><\/span>\n<\/div><div class=\"vc_empty_space\"   style=\"height: 25px\"><span class=\"vc_empty_space_inner\"><\/span><\/div><\/div><\/div><\/div><\/div><div class=\"vc_row wpb_row vc_row-fluid\"><div class=\"wpb_column vc_column_container vc_col-sm-12\"><div class=\"vc_column-inner\"><div class=\"wpb_wrapper\">\n\t<div class=\"wpb_text_column wpb_content_element\" >\n\t\t<div class=\"wpb_wrapper\">\n\t\t\t<p style=\"text-align: justify;\"><img loading=\"lazy\" class=\"alignleft wp-image-2257 size-medium\" src=\"http:\/\/tec-corp.com.vn\/wp-content\/uploads\/2021\/07\/Lich-nghi-Tet-Nguyen-dan-2021-300x188.jpg\" alt=\"\" width=\"300\" height=\"188\" srcset=\"http:\/\/tec-corp.com.vn\/wp-content\/uploads\/2021\/07\/Lich-nghi-Tet-Nguyen-dan-2021-300x188.jpg 300w, http:\/\/tec-corp.com.vn\/wp-content\/uploads\/2021\/07\/Lich-nghi-Tet-Nguyen-dan-2021-768x482.jpg 768w, http:\/\/tec-corp.com.vn\/wp-content\/uploads\/2021\/07\/Lich-nghi-Tet-Nguyen-dan-2021-16x10.jpg 16w, http:\/\/tec-corp.com.vn\/wp-content\/uploads\/2021\/07\/Lich-nghi-Tet-Nguyen-dan-2021-370x232.jpg 370w, http:\/\/tec-corp.com.vn\/wp-content\/uploads\/2021\/07\/Lich-nghi-Tet-Nguyen-dan-2021-360x226.jpg 360w, http:\/\/tec-corp.com.vn\/wp-content\/uploads\/2021\/07\/Lich-nghi-Tet-Nguyen-dan-2021.jpg 800w\" sizes=\"(max-width: 300px) 100vw, 300px\" \/><a href=\"http:\/\/tec-corp.com.vn\/thong-bao-lich-nghi-tet-nguyen-dan-nam-2021\/\"><span style=\"color: #000000;\"><strong>NOTICE TET HOLIDAY (LUNAR NEW YEAR HOLIDAYS 2021)<\/strong><\/span><\/a><\/p>\n<p><span style=\"color: #000000; font-size: 13px;\"><i class=\"far fa-calendar\"><\/i> 20210203\u00a0<i class=\"fas fa-eye\"><\/i> 1365<\/span><\/p>\n<p>Dear our Valued Customers\/Partners,<\/p>\n<p>First words\u00a0<strong>T.E.C CORP <\/strong>would like to express our sincere thanks of your cooperation and<\/p>\n<p style=\"text-align: right;\"><a href=\"http:\/\/tec-corp.com.vn\/thong-bao-lich-nghi-tet-nguyen-dan-nam-2021\/\"><em>Read more>><\/em><\/a><\/p>\n<p>&nbsp;<\/p>\n<p>&nbsp;<\/p>\n\n\t\t<\/div>\n\t<\/div>\n<\/div><\/div><\/div><\/div><div class=\"vc_row wpb_row vc_row-fluid\"><div class=\"wpb_column vc_column_container vc_col-sm-12\"><div class=\"vc_column-inner\"><div class=\"wpb_wrapper\">\n\t<div class=\"wpb_text_column wpb_content_element\" >\n\t\t<div class=\"wpb_wrapper\">\n\t\t\t<p style=\"text-align: justify;\"><img loading=\"lazy\" class=\"alignleft wp-image-2246 size-medium\" src=\"http:\/\/tec-corp.com.vn\/wp-content\/uploads\/2021\/07\/Sinh-nhat-TGD-Tran-Trung-Kien-300x188.jpg\" alt=\"\" width=\"300\" height=\"188\" srcset=\"http:\/\/tec-corp.com.vn\/wp-content\/uploads\/2021\/07\/Sinh-nhat-TGD-Tran-Trung-Kien-300x188.jpg 300w, http:\/\/tec-corp.com.vn\/wp-content\/uploads\/2021\/07\/Sinh-nhat-TGD-Tran-Trung-Kien-768x481.jpg 768w, http:\/\/tec-corp.com.vn\/wp-content\/uploads\/2021\/07\/Sinh-nhat-TGD-Tran-Trung-Kien-16x10.jpg 16w, http:\/\/tec-corp.com.vn\/wp-content\/uploads\/2021\/07\/Sinh-nhat-TGD-Tran-Trung-Kien-370x232.jpg 370w, http:\/\/tec-corp.com.vn\/wp-content\/uploads\/2021\/07\/Sinh-nhat-TGD-Tran-Trung-Kien-360x225.jpg 360w, http:\/\/tec-corp.com.vn\/wp-content\/uploads\/2021\/07\/Sinh-nhat-TGD-Tran-Trung-Kien.jpg 800w\" sizes=\"(max-width: 300px) 100vw, 300px\" \/><a href=\"http:\/\/tec-corp.com.vn\/chuc-mung-sinh-nhat-tgd-cong-ty-co-phan-thuong-mai-ky-thuat-xay-dung-t-e-c\/\"><span style=\"color: #000000;\"><strong>HAPPY BIRTHDAY TO THE GENERAL DIRECTOR OF<\/strong><\/span><\/a><\/p>\n<p><span style=\"color: #000000; font-size: 13px;\"><i class=\"far fa-calendar\"><\/i> 20210129\u00a0<i class=\"fas fa-eye\"><\/i> 1382<\/span><\/p>\n<p>On January 25th 2021, all members of <strong>T.E.C CORP <\/strong>held a secret, unexpected but very cosy birthday party for the General Director - Mr.Ki\u00ean.<\/p>\n<p style=\"text-align: right;\"><a href=\"http:\/\/tec-corp.com.vn\/chuc-mung-sinh-nhat-tgd-cong-ty-co-phan-thuong-mai-ky-thuat-xay-dung-t-e-c\/\"><em>Read more>><\/em><\/a><\/p>\n<p>&nbsp;<\/p>\n<p>&nbsp;<\/p>\n\n\t\t<\/div>\n\t<\/div>\n<\/div><\/div><\/div><\/div><div class=\"vc_row wpb_row vc_row-fluid\"><div class=\"wpb_column vc_column_container vc_col-sm-12\"><div class=\"vc_column-inner\"><div class=\"wpb_wrapper\">\n\t<div class=\"wpb_text_column wpb_content_element\" >\n\t\t<div class=\"wpb_wrapper\">\n\t\t\t<p style=\"text-align: justify;\"><img loading=\"lazy\" class=\"alignleft wp-image-2241 size-medium\" src=\"http:\/\/tec-corp.com.vn\/wp-content\/uploads\/2021\/07\/Lich-nghi-Tet-Duong-lich-2021-300x188.jpg\" alt=\"\" width=\"300\" height=\"188\" srcset=\"http:\/\/tec-corp.com.vn\/wp-content\/uploads\/2021\/07\/Lich-nghi-Tet-Duong-lich-2021-300x188.jpg 300w, http:\/\/tec-corp.com.vn\/wp-content\/uploads\/2021\/07\/Lich-nghi-Tet-Duong-lich-2021-768x481.jpg 768w, http:\/\/tec-corp.com.vn\/wp-content\/uploads\/2021\/07\/Lich-nghi-Tet-Duong-lich-2021-16x10.jpg 16w, http:\/\/tec-corp.com.vn\/wp-content\/uploads\/2021\/07\/Lich-nghi-Tet-Duong-lich-2021-370x232.jpg 370w, http:\/\/tec-corp.com.vn\/wp-content\/uploads\/2021\/07\/Lich-nghi-Tet-Duong-lich-2021-360x225.jpg 360w, http:\/\/tec-corp.com.vn\/wp-content\/uploads\/2021\/07\/Lich-nghi-Tet-Duong-lich-2021.jpg 800w\" sizes=\"(max-width: 300px) 100vw, 300px\" \/><a href=\"http:\/\/tec-corp.com.vn\/thong-bao-lich-nghi-tet-duong-lich-nam-2021\/\"><span style=\"color: #000000;\"><strong>NOTICE FOR NEW YEAR HOLIDAY 2021<\/strong><\/span><\/a><\/p>\n<p><span style=\"color: #000000; font-size: 13px;\"><i class=\"far fa-calendar\"><\/i> 20201228\u00a0<i class=\"fas fa-eye\"><\/i> 1022<\/span><\/p>\n<p>Dear Valued Customers and Business Partners,<\/p>\n<p><strong>T.<\/strong><strong>E<\/strong><strong>.C <\/strong><strong>CORP<\/strong> would like to announce our official 2021 New Year Holiday schedule as follows:<\/p>\n<p style=\"text-align: right;\"><a href=\"http:\/\/tec-corp.com.vn\/thong-bao-lich-nghi-tet-duong-lich-nam-2021\/\"><em>Read more>><\/em><\/a><\/p>\n<p>&nbsp;<\/p>\n<p>&nbsp;<\/p>\n\n\t\t<\/div>\n\t<\/div>\n<\/div><\/div><\/div><\/div><div class=\"vc_row wpb_row vc_row-fluid\"><div class=\"wpb_column vc_column_container vc_col-sm-12\"><div class=\"vc_column-inner\"><div class=\"wpb_wrapper\">\n\t<div class=\"wpb_text_column wpb_content_element\" >\n\t\t<div class=\"wpb_wrapper\">\n\t\t\t<p style=\"text-align: justify;\"><img loading=\"lazy\" class=\"wp-image-2218 size-medium alignleft\" src=\"http:\/\/tec-corp.com.vn\/wp-content\/uploads\/2021\/07\/Tat-nien-nam-2020-1-300x188.jpg\" alt=\"\" width=\"300\" height=\"188\" srcset=\"http:\/\/tec-corp.com.vn\/wp-content\/uploads\/2021\/07\/Tat-nien-nam-2020-1-300x188.jpg 300w, http:\/\/tec-corp.com.vn\/wp-content\/uploads\/2021\/07\/Tat-nien-nam-2020-1-768x481.jpg 768w, http:\/\/tec-corp.com.vn\/wp-content\/uploads\/2021\/07\/Tat-nien-nam-2020-1-16x10.jpg 16w, http:\/\/tec-corp.com.vn\/wp-content\/uploads\/2021\/07\/Tat-nien-nam-2020-1-370x232.jpg 370w, http:\/\/tec-corp.com.vn\/wp-content\/uploads\/2021\/07\/Tat-nien-nam-2020-1-360x225.jpg 360w, http:\/\/tec-corp.com.vn\/wp-content\/uploads\/2021\/07\/Tat-nien-nam-2020-1.jpg 800w\" sizes=\"(max-width: 300px) 100vw, 300px\" \/><a href=\"http:\/\/tec-corp.com.vn\/tat-nien-nam-2020-don-nam-tan-suu-2021\/\"><span style=\"color: #000000;\"><strong>ANNUAL PARTY 2020 AND WELCOME THE NEW YEAR 2021: A NEW START - SUCCESSFUL GUIDE<\/strong><\/span><\/a><\/p>\n<p><span style=\"color: #000000; font-size: 13px;\"><i class=\"far fa-calendar\"><\/i> 20210105\u00a0<i class=\"fas fa-eye\"><\/i> 1322<\/span><\/p>\n<p>On December  31  2020, TEC Trading - Engineering - Construction Corporation successfully organized the Year-End Party 2020 and welcomed the New Year of the 2021 at the Representative Office of the company at No. 79\/04 Song Hanh Street, Lai Thieu Ward...<\/p>\n<p style=\"text-align: right;\"><a href=\"http:\/\/tec-corp.com.vn\/tat-nien-nam-2020-don-nam-tan-suu-2021\/\"><em>Read more>><\/em><\/a><\/p>\n<p>&nbsp;<\/p>\n<p>&nbsp;<\/p>\n\n\t\t<\/div>\n\t<\/div>\n<\/div><\/div><\/div><\/div><div class=\"vc_row wpb_row vc_row-fluid\"><div class=\"wpb_column vc_column_container vc_col-sm-12\"><div class=\"vc_column-inner\"><div class=\"wpb_wrapper\">\n\t<div class=\"wpb_text_column wpb_content_element\" >\n\t\t<div class=\"wpb_wrapper\">\n\t\t\t<p style=\"text-align: justify;\"><img loading=\"lazy\" class=\"alignleft wp-image-2197 size-medium\" src=\"http:\/\/tec-corp.com.vn\/wp-content\/uploads\/2021\/07\/Sinh-nhat-cty-TEC-lan-thu-5-300x188.jpg\" alt=\"\" width=\"300\" height=\"188\" srcset=\"http:\/\/tec-corp.com.vn\/wp-content\/uploads\/2021\/07\/Sinh-nhat-cty-TEC-lan-thu-5-300x188.jpg 300w, http:\/\/tec-corp.com.vn\/wp-content\/uploads\/2021\/07\/Sinh-nhat-cty-TEC-lan-thu-5-768x481.jpg 768w, http:\/\/tec-corp.com.vn\/wp-content\/uploads\/2021\/07\/Sinh-nhat-cty-TEC-lan-thu-5-16x10.jpg 16w, http:\/\/tec-corp.com.vn\/wp-content\/uploads\/2021\/07\/Sinh-nhat-cty-TEC-lan-thu-5-370x232.jpg 370w, http:\/\/tec-corp.com.vn\/wp-content\/uploads\/2021\/07\/Sinh-nhat-cty-TEC-lan-thu-5-360x225.jpg 360w, http:\/\/tec-corp.com.vn\/wp-content\/uploads\/2021\/07\/Sinh-nhat-cty-TEC-lan-thu-5.jpg 800w\" sizes=\"(max-width: 300px) 100vw, 300px\" \/><a href=\"http:\/\/tec-corp.com.vn\/mung-ngay-sinh-nhat-cong-ty-lan-thu-5\/\"><span style=\"color: #000000;\"><strong>HAPPY BIRTHDAY OF T.E.C COMPANY'S 5th<\/strong><\/span><\/a><\/p>\n<p><span style=\"color: #000000; font-size: 13px;\"><i class=\"far fa-calendar\"><\/i> 20201213\u00a0<i class=\"fas fa-eye\"><\/i> 1125<\/span><\/p>\n<p>On December 11, 2020, all members <strong>T.<\/strong><strong>E<\/strong><strong>.C<\/strong> <strong>CORP<\/strong> welcomed an important event: T.E.C Corp's 5th BIRTHDAY and the opening of a new Office - Workshop in Binh Duong!<\/p>\n<p style=\"text-align: right;\"><a href=\"http:\/\/tec-corp.com.vn\/mung-ngay-sinh-nhat-cong-ty-lan-thu-5\/\"><em>Read more>><\/em><\/a><\/p>\n<p>&nbsp;<\/p>\n<p>&nbsp;<\/p>\n\n\t\t<\/div>\n\t<\/div>\n<\/div><\/div><\/div><\/div><div class=\"vc_row wpb_row vc_row-fluid\"><div class=\"wpb_column vc_column_container vc_col-sm-12\"><div class=\"vc_column-inner\"><div class=\"wpb_wrapper\">\n\t<div class=\"wpb_text_column wpb_content_element\" >\n\t\t<div class=\"wpb_wrapper\">\n\t\t\t<p style=\"text-align: center;\"><span style=\"color: #000080; font-size: 18px;\"><strong><a href=\"http:\/\/tec-corp.com.vn\/tin-tuc-cong-ty\/\">&lt;&lt;<\/a>\u00a0 <a href=\"http:\/\/tec-corp.com.vn\/tin-tuc\">1<\/a>\u00a0 <a href=\"http:\/\/tec-corp.com.vn\/tin-tuc-p2\/\">2<\/a>\u00a0 <a href=\"http:\/\/tec-corp.com.vn\/tin-tuc-p3\/\">3<\/a>\u00a0 <a href=\"http:\/\/tec-corp.com.vn\/tin-tuc-p4\">4<\/a>\u00a0\u00a0<a href=\"http:\/\/tec-corp.com.vn\/tin-tuc-p10\">&gt;&gt;<\/a><\/strong><\/span><\/p>\n\n\t\t<\/div>\n\t<\/div>\n<\/div><\/div><\/div><\/div>","protected":false},"excerpt":{"rendered":"Trang ch\u1ee7 &gt; Tin t\u1ee9c TIN T\u1ee8C TH\u00d4NG B\u00c1O V\u1ec0 VI\u1ec6C L\u1ecaCH NGH\u1ec8 T\u1ebeT NGUY\u00caN \u0110\u00c1N N\u0102M 2021 20210203\u00a0 1365 K\u00ednh g\u1eedi Qu\u00fd kh\u00e1ch h\u00e0ng v\u00e0 Qu\u00fd \u0111\u1ed1i t\u00e1c, L\u1eddi \u0111\u1ea7u ti\u00ean\u00a0T.E.C CORP xin g\u1eedi l\u1eddi ch\u00e0o tr\u00e2n tr\u1ecdng v\u00e0...","protected":false},"author":1,"featured_media":0,"parent":0,"menu_order":0,"comment_status":"closed","ping_status":"closed","template":"","meta":[],"_links":{"self":[{"href":"http:\/\/tec-corp.com.vn\/en\/wp-json\/wp\/v2\/pages\/2187"}],"collection":[{"href":"http:\/\/tec-corp.com.vn\/en\/wp-json\/wp\/v2\/pages"}],"about":[{"href":"http:\/\/tec-corp.com.vn\/en\/wp-json\/wp\/v2\/types\/page"}],"author":[{"embeddable":true,"href":"http:\/\/tec-corp.com.vn\/en\/wp-json\/wp\/v2\/users\/1"}],"replies":[{"embeddable":true,"href":"http:\/\/tec-corp.com.vn\/en\/wp-json\/wp\/v2\/comments?post=2187"}],"version-history":[{"count":0,"href":"http:\/\/tec-corp.com.vn\/en\/wp-json\/wp\/v2\/pages\/2187\/revisions"}],"wp:attachment":[{"href":"http:\/\/tec-corp.com.vn\/en\/wp-json\/wp\/v2\/media?parent=2187"}],"curies":[{"name":"wp","href":"https:\/\/api.w.org\/{rel}","templated":true}]}}