{"id":1798,"date":"2021-07-07T18:01:30","date_gmt":"2021-07-07T11:01:30","guid":{"rendered":"http:\/\/tec-corp.com.vn\/?page_id=1798"},"modified":"2021-07-12T10:08:43","modified_gmt":"2021-07-12T03:08:43","slug":"nha-may-roeders-viet-nam","status":"publish","type":"page","link":"http:\/\/tec-corp.com.vn\/en\/co-dien\/nha-may-roeders-viet-nam\/","title":{"rendered":"ROEDERS FACTORY VIET NAM"},"content":{"rendered":"<div class=\"vc_row wpb_row vc_row-fluid\"><div class=\"wpb_column vc_column_container vc_col-sm-12\"><div class=\"vc_column-inner\"><div class=\"wpb_wrapper\"><div class=\"vc_empty_space\"   style=\"height: 35px\"><span class=\"vc_empty_space_inner\"><\/span><\/div><\/div><\/div><\/div><\/div><div class=\"vc_row wpb_row vc_row-fluid\"><div class=\"wpb_column vc_column_container vc_col-sm-8\"><div class=\"vc_column-inner\"><div class=\"wpb_wrapper\"><div class=\"wpb_images_carousel wpb_content_element vc_clearfix\"><div class=\"wpb_wrapper\"><div id=\"vc_images-carousel-1-1777139519\" data-ride=\"vc_carousel\" data-wrap=\"true\" style=\"width: 100%;\" data-interval=\"3000\" data-auto-height=\"yes\" data-mode=\"horizontal\" data-partial=\"false\" data-per-view=\"1\" data-hide-on-end=\"false\" class=\"vc_slide vc_images_carousel\"><div class=\"vc_carousel-inner\"><div class=\"vc_carousel-slideline\"><div class=\"vc_carousel-slideline-inner\"><div class=\"vc_item\"><div class=\"vc_inner\"><a class=\"prettyphoto\" href=\"http:\/\/tec-corp.com.vn\/wp-content\/uploads\/2021\/07\/NHA-MAY-ROEDERS-VIET-NAM-1.jpg\" data-rel=\"prettyPhoto[rel-1798-2094240460]\"><img width=\"800\" height=\"500\" src=\"http:\/\/tec-corp.com.vn\/wp-content\/uploads\/2021\/07\/NHA-MAY-ROEDERS-VIET-NAM-1.jpg\" class=\"attachment-full\" alt=\"\" loading=\"lazy\" srcset=\"http:\/\/tec-corp.com.vn\/wp-content\/uploads\/2021\/07\/NHA-MAY-ROEDERS-VIET-NAM-1.jpg 800w, http:\/\/tec-corp.com.vn\/wp-content\/uploads\/2021\/07\/NHA-MAY-ROEDERS-VIET-NAM-1-300x188.jpg 300w, http:\/\/tec-corp.com.vn\/wp-content\/uploads\/2021\/07\/NHA-MAY-ROEDERS-VIET-NAM-1-768x480.jpg 768w, http:\/\/tec-corp.com.vn\/wp-content\/uploads\/2021\/07\/NHA-MAY-ROEDERS-VIET-NAM-1-16x10.jpg 16w, http:\/\/tec-corp.com.vn\/wp-content\/uploads\/2021\/07\/NHA-MAY-ROEDERS-VIET-NAM-1-370x231.jpg 370w, http:\/\/tec-corp.com.vn\/wp-content\/uploads\/2021\/07\/NHA-MAY-ROEDERS-VIET-NAM-1-360x225.jpg 360w\" sizes=\"(max-width: 800px) 100vw, 800px\" \/><\/a><\/div><\/div><div class=\"vc_item\"><div class=\"vc_inner\"><a class=\"prettyphoto\" href=\"http:\/\/tec-corp.com.vn\/wp-content\/uploads\/2021\/07\/NHA-MAY-ROEDERS-VIET-NAM-2.jpg\" data-rel=\"prettyPhoto[rel-1798-2094240460]\"><img width=\"801\" height=\"500\" src=\"http:\/\/tec-corp.com.vn\/wp-content\/uploads\/2021\/07\/NHA-MAY-ROEDERS-VIET-NAM-2.jpg\" class=\"attachment-full\" alt=\"\" loading=\"lazy\" srcset=\"http:\/\/tec-corp.com.vn\/wp-content\/uploads\/2021\/07\/NHA-MAY-ROEDERS-VIET-NAM-2.jpg 801w, http:\/\/tec-corp.com.vn\/wp-content\/uploads\/2021\/07\/NHA-MAY-ROEDERS-VIET-NAM-2-300x187.jpg 300w, http:\/\/tec-corp.com.vn\/wp-content\/uploads\/2021\/07\/NHA-MAY-ROEDERS-VIET-NAM-2-768x479.jpg 768w, http:\/\/tec-corp.com.vn\/wp-content\/uploads\/2021\/07\/NHA-MAY-ROEDERS-VIET-NAM-2-16x10.jpg 16w, http:\/\/tec-corp.com.vn\/wp-content\/uploads\/2021\/07\/NHA-MAY-ROEDERS-VIET-NAM-2-370x231.jpg 370w, http:\/\/tec-corp.com.vn\/wp-content\/uploads\/2021\/07\/NHA-MAY-ROEDERS-VIET-NAM-2-360x225.jpg 360w\" sizes=\"(max-width: 801px) 100vw, 801px\" \/><\/a><\/div><\/div><div class=\"vc_item\"><div class=\"vc_inner\"><a class=\"prettyphoto\" href=\"http:\/\/tec-corp.com.vn\/wp-content\/uploads\/2021\/07\/NHA-MAY-ROEDERS-VIET-NAM-3.jpg\" data-rel=\"prettyPhoto[rel-1798-2094240460]\"><img width=\"800\" height=\"501\" src=\"http:\/\/tec-corp.com.vn\/wp-content\/uploads\/2021\/07\/NHA-MAY-ROEDERS-VIET-NAM-3.jpg\" class=\"attachment-full\" alt=\"\" loading=\"lazy\" srcset=\"http:\/\/tec-corp.com.vn\/wp-content\/uploads\/2021\/07\/NHA-MAY-ROEDERS-VIET-NAM-3.jpg 800w, http:\/\/tec-corp.com.vn\/wp-content\/uploads\/2021\/07\/NHA-MAY-ROEDERS-VIET-NAM-3-300x188.jpg 300w, http:\/\/tec-corp.com.vn\/wp-content\/uploads\/2021\/07\/NHA-MAY-ROEDERS-VIET-NAM-3-768x481.jpg 768w, http:\/\/tec-corp.com.vn\/wp-content\/uploads\/2021\/07\/NHA-MAY-ROEDERS-VIET-NAM-3-16x10.jpg 16w, http:\/\/tec-corp.com.vn\/wp-content\/uploads\/2021\/07\/NHA-MAY-ROEDERS-VIET-NAM-3-370x232.jpg 370w, http:\/\/tec-corp.com.vn\/wp-content\/uploads\/2021\/07\/NHA-MAY-ROEDERS-VIET-NAM-3-360x225.jpg 360w\" sizes=\"(max-width: 800px) 100vw, 800px\" \/><\/a><\/div><\/div><\/div><\/div><\/div><a class=\"vc_left vc_carousel-control\" href=\"#vc_images-carousel-1-1777139519\" data-slide=\"prev\"><span class=\"icon-prev\"><\/span><\/a><a class=\"vc_right vc_carousel-control\" href=\"#vc_images-carousel-1-1777139519\" data-slide=\"next\"><span class=\"icon-next\"><\/span><\/a><\/div><\/div><\/div><div class=\"vc_empty_space\"   style=\"height: 10px\"><span class=\"vc_empty_space_inner\"><\/span><\/div><div class=\"wpb_images_carousel wpb_content_element vc_clearfix\"><div class=\"wpb_wrapper\"><div id=\"vc_images-carousel-2-1777139519\" data-ride=\"vc_carousel\" data-wrap=\"false\" style=\"width: 100%;\" data-interval=\"0\" data-auto-height=\"yes\" data-mode=\"horizontal\" data-partial=\"false\" data-per-view=\"10\" data-hide-on-end=\"true\" class=\"vc_slide vc_images_carousel\"><div class=\"vc_carousel-inner\"><div class=\"vc_carousel-slideline\"><div class=\"vc_carousel-slideline-inner\"><div class=\"vc_item\"><div class=\"vc_inner\"><a class=\"prettyphoto\" href=\"http:\/\/tec-corp.com.vn\/wp-content\/uploads\/2021\/07\/NHA-MAY-ROEDERS-VIET-NAM-3.jpg\" data-rel=\"prettyPhoto[rel-1798-1022102114]\"><img width=\"800\" height=\"501\" src=\"http:\/\/tec-corp.com.vn\/wp-content\/uploads\/2021\/07\/NHA-MAY-ROEDERS-VIET-NAM-3.jpg\" class=\"attachment-full\" alt=\"\" loading=\"lazy\" srcset=\"http:\/\/tec-corp.com.vn\/wp-content\/uploads\/2021\/07\/NHA-MAY-ROEDERS-VIET-NAM-3.jpg 800w, http:\/\/tec-corp.com.vn\/wp-content\/uploads\/2021\/07\/NHA-MAY-ROEDERS-VIET-NAM-3-300x188.jpg 300w, http:\/\/tec-corp.com.vn\/wp-content\/uploads\/2021\/07\/NHA-MAY-ROEDERS-VIET-NAM-3-768x481.jpg 768w, http:\/\/tec-corp.com.vn\/wp-content\/uploads\/2021\/07\/NHA-MAY-ROEDERS-VIET-NAM-3-16x10.jpg 16w, http:\/\/tec-corp.com.vn\/wp-content\/uploads\/2021\/07\/NHA-MAY-ROEDERS-VIET-NAM-3-370x232.jpg 370w, http:\/\/tec-corp.com.vn\/wp-content\/uploads\/2021\/07\/NHA-MAY-ROEDERS-VIET-NAM-3-360x225.jpg 360w\" sizes=\"(max-width: 800px) 100vw, 800px\" \/><\/a><\/div><\/div><div class=\"vc_item\"><div class=\"vc_inner\"><a class=\"prettyphoto\" href=\"http:\/\/tec-corp.com.vn\/wp-content\/uploads\/2021\/07\/NHA-MAY-ROEDERS-VIET-NAM-2.jpg\" data-rel=\"prettyPhoto[rel-1798-1022102114]\"><img width=\"801\" height=\"500\" src=\"http:\/\/tec-corp.com.vn\/wp-content\/uploads\/2021\/07\/NHA-MAY-ROEDERS-VIET-NAM-2.jpg\" class=\"attachment-full\" alt=\"\" loading=\"lazy\" srcset=\"http:\/\/tec-corp.com.vn\/wp-content\/uploads\/2021\/07\/NHA-MAY-ROEDERS-VIET-NAM-2.jpg 801w, http:\/\/tec-corp.com.vn\/wp-content\/uploads\/2021\/07\/NHA-MAY-ROEDERS-VIET-NAM-2-300x187.jpg 300w, http:\/\/tec-corp.com.vn\/wp-content\/uploads\/2021\/07\/NHA-MAY-ROEDERS-VIET-NAM-2-768x479.jpg 768w, http:\/\/tec-corp.com.vn\/wp-content\/uploads\/2021\/07\/NHA-MAY-ROEDERS-VIET-NAM-2-16x10.jpg 16w, http:\/\/tec-corp.com.vn\/wp-content\/uploads\/2021\/07\/NHA-MAY-ROEDERS-VIET-NAM-2-370x231.jpg 370w, http:\/\/tec-corp.com.vn\/wp-content\/uploads\/2021\/07\/NHA-MAY-ROEDERS-VIET-NAM-2-360x225.jpg 360w\" sizes=\"(max-width: 801px) 100vw, 801px\" \/><\/a><\/div><\/div><div class=\"vc_item\"><div class=\"vc_inner\"><a class=\"prettyphoto\" href=\"http:\/\/tec-corp.com.vn\/wp-content\/uploads\/2021\/07\/NHA-MAY-ROEDERS-VIET-NAM-1.jpg\" data-rel=\"prettyPhoto[rel-1798-1022102114]\"><img width=\"800\" height=\"500\" src=\"http:\/\/tec-corp.com.vn\/wp-content\/uploads\/2021\/07\/NHA-MAY-ROEDERS-VIET-NAM-1.jpg\" class=\"attachment-full\" alt=\"\" loading=\"lazy\" srcset=\"http:\/\/tec-corp.com.vn\/wp-content\/uploads\/2021\/07\/NHA-MAY-ROEDERS-VIET-NAM-1.jpg 800w, http:\/\/tec-corp.com.vn\/wp-content\/uploads\/2021\/07\/NHA-MAY-ROEDERS-VIET-NAM-1-300x188.jpg 300w, http:\/\/tec-corp.com.vn\/wp-content\/uploads\/2021\/07\/NHA-MAY-ROEDERS-VIET-NAM-1-768x480.jpg 768w, http:\/\/tec-corp.com.vn\/wp-content\/uploads\/2021\/07\/NHA-MAY-ROEDERS-VIET-NAM-1-16x10.jpg 16w, http:\/\/tec-corp.com.vn\/wp-content\/uploads\/2021\/07\/NHA-MAY-ROEDERS-VIET-NAM-1-370x231.jpg 370w, http:\/\/tec-corp.com.vn\/wp-content\/uploads\/2021\/07\/NHA-MAY-ROEDERS-VIET-NAM-1-360x225.jpg 360w\" sizes=\"(max-width: 800px) 100vw, 800px\" \/><\/a><\/div><\/div><\/div><\/div><\/div><\/div><\/div><\/div><\/div><\/div><\/div><div class=\"wpb_column vc_column_container vc_col-sm-4\"><div class=\"vc_column-inner\"><div class=\"wpb_wrapper\">\n\t<div class=\"wpb_text_column wpb_content_element\" >\n\t\t<div class=\"wpb_wrapper\">\n\t\t\t<p style=\"text-align: justify;\"><strong><span style=\"color: #ff0000; font-size: 18px;\">ROEDERS FACTORY VIET NAM<\/span><\/strong><\/p>\n<p style=\"color: #000000; font-size: 15px; text-align: justify;\"><span style=\"color: #000080;\"><strong>Item \u00a0\u00a0\u00a0\u00a0\u00a0\u00a0\u00a0\u00a0\u00a0&nbsp;\u00a0:<\/strong><\/span> &nbsp;Construction & MEP<\/p>\n<p style=\"color: #000000; font-size: 15px; text-align: justify;\"><strong><span style=\"color: #000080;\">Location\u00a0 \u00a0 &nbsp;&nbsp;:<\/span><\/strong> Le Minh Xuan Industrial Park 3, Binh Chanh District, HCM City.<\/p>\n<p style=\"text-align: justify; color: #000000; font-size: 15px;\"><em>Scale: The production area is more than 4,700 m2, a third of the production area is equipped with air conditioning for high-precision work and an office building of more than 1,000 m2.<\/em><\/p>\n<p>&nbsp;<\/p>\n\n\t\t<\/div>\n\t<\/div>\n<\/div><\/div><\/div><\/div>","protected":false},"excerpt":{"rendered":"NH\u00c0 M\u00c1Y ROEDERS VI\u1ec6T NAM H\u1ea1ng m\u1ee5c\u00a0 : X\u00e2y d\u1ef1ng v\u00e0 c\u01a1 \u0111i\u1ec7n \u0110\u1ecba \u0111i\u1ec3m\u00a0 \u00a0 : KCN L\u00ea Minh Xu\u00e2n 3, B\u00ecnh Ch\u00e1nh, HCM. Di\u1ec7n t\u00edch khu v\u1ef1c s\u1ea3n xu\u1ea5t h\u01a1n 4.700 m2 , m\u1ed9t ph\u1ea7n ba di\u1ec7n t\u00edch...","protected":false},"author":1,"featured_media":0,"parent":1657,"menu_order":0,"comment_status":"closed","ping_status":"closed","template":"","meta":[],"_links":{"self":[{"href":"http:\/\/tec-corp.com.vn\/en\/wp-json\/wp\/v2\/pages\/1798"}],"collection":[{"href":"http:\/\/tec-corp.com.vn\/en\/wp-json\/wp\/v2\/pages"}],"about":[{"href":"http:\/\/tec-corp.com.vn\/en\/wp-json\/wp\/v2\/types\/page"}],"author":[{"embeddable":true,"href":"http:\/\/tec-corp.com.vn\/en\/wp-json\/wp\/v2\/users\/1"}],"replies":[{"embeddable":true,"href":"http:\/\/tec-corp.com.vn\/en\/wp-json\/wp\/v2\/comments?post=1798"}],"version-history":[{"count":0,"href":"http:\/\/tec-corp.com.vn\/en\/wp-json\/wp\/v2\/pages\/1798\/revisions"}],"up":[{"embeddable":true,"href":"http:\/\/tec-corp.com.vn\/en\/wp-json\/wp\/v2\/pages\/1657"}],"wp:attachment":[{"href":"http:\/\/tec-corp.com.vn\/en\/wp-json\/wp\/v2\/media?parent=1798"}],"curies":[{"name":"wp","href":"https:\/\/api.w.org\/{rel}","templated":true}]}}