{"id":1719,"date":"2021-07-05T13:04:19","date_gmt":"2021-07-05T06:04:19","guid":{"rendered":"http:\/\/tec-corp.com.vn\/?page_id=1719"},"modified":"2023-04-10T09:03:13","modified_gmt":"2023-04-10T02:03:13","slug":"boutique-shophouse-melodia-phu-quoc","status":"publish","type":"page","link":"http:\/\/tec-corp.com.vn\/en\/dan-dung-va-cong-nghiep\/boutique-shophouse-melodia-phu-quoc\/","title":{"rendered":"SHOPHOUSE - BOUTIQUE SHOPHOUSE MELODIA PHU QUOC"},"content":{"rendered":"<div class=\"vc_row wpb_row vc_row-fluid\"><div class=\"wpb_column vc_column_container vc_col-sm-12\"><div class=\"vc_column-inner\"><div class=\"wpb_wrapper\"><div class=\"vc_empty_space\"   style=\"height: 35px\"><span class=\"vc_empty_space_inner\"><\/span><\/div><\/div><\/div><\/div><\/div><div class=\"vc_row wpb_row vc_row-fluid\"><div class=\"wpb_column vc_column_container vc_col-sm-8\"><div class=\"vc_column-inner\"><div class=\"wpb_wrapper\"><div class=\"wpb_images_carousel wpb_content_element vc_clearfix\"><div class=\"wpb_wrapper\"><div id=\"vc_images-carousel-1-1777129248\" data-ride=\"vc_carousel\" data-wrap=\"true\" style=\"width: 100%;\" data-interval=\"3000\" data-auto-height=\"yes\" data-mode=\"horizontal\" data-partial=\"false\" data-per-view=\"1\" data-hide-on-end=\"false\" class=\"vc_slide vc_images_carousel\"><div class=\"vc_carousel-inner\"><div class=\"vc_carousel-slideline\"><div class=\"vc_carousel-slideline-inner\"><div class=\"vc_item\"><div class=\"vc_inner\"><a class=\"prettyphoto\" href=\"http:\/\/tec-corp.com.vn\/wp-content\/uploads\/2021\/06\/SHOPHOUSE-BOUTIQUE-SHOPHOUSE-MELODIA-PHU-QUOC.jpg\" data-rel=\"prettyPhoto[rel-1719-4215669067]\"><img width=\"801\" height=\"500\" src=\"http:\/\/tec-corp.com.vn\/wp-content\/uploads\/2021\/06\/SHOPHOUSE-BOUTIQUE-SHOPHOUSE-MELODIA-PHU-QUOC.jpg\" class=\"attachment-full\" alt=\"\" loading=\"lazy\" srcset=\"http:\/\/tec-corp.com.vn\/wp-content\/uploads\/2021\/06\/SHOPHOUSE-BOUTIQUE-SHOPHOUSE-MELODIA-PHU-QUOC.jpg 801w, http:\/\/tec-corp.com.vn\/wp-content\/uploads\/2021\/06\/SHOPHOUSE-BOUTIQUE-SHOPHOUSE-MELODIA-PHU-QUOC-300x187.jpg 300w, http:\/\/tec-corp.com.vn\/wp-content\/uploads\/2021\/06\/SHOPHOUSE-BOUTIQUE-SHOPHOUSE-MELODIA-PHU-QUOC-768x479.jpg 768w, http:\/\/tec-corp.com.vn\/wp-content\/uploads\/2021\/06\/SHOPHOUSE-BOUTIQUE-SHOPHOUSE-MELODIA-PHU-QUOC-16x10.jpg 16w, http:\/\/tec-corp.com.vn\/wp-content\/uploads\/2021\/06\/SHOPHOUSE-BOUTIQUE-SHOPHOUSE-MELODIA-PHU-QUOC-370x231.jpg 370w, http:\/\/tec-corp.com.vn\/wp-content\/uploads\/2021\/06\/SHOPHOUSE-BOUTIQUE-SHOPHOUSE-MELODIA-PHU-QUOC-360x225.jpg 360w, http:\/\/tec-corp.com.vn\/wp-content\/uploads\/2021\/06\/SHOPHOUSE-BOUTIQUE-SHOPHOUSE-MELODIA-PHU-QUOC-600x375.jpg 600w\" sizes=\"(max-width: 801px) 100vw, 801px\" \/><\/a><\/div><\/div><div class=\"vc_item\"><div class=\"vc_inner\"><a class=\"prettyphoto\" href=\"http:\/\/tec-corp.com.vn\/wp-content\/uploads\/2021\/07\/SHOPHOUSE-BOUTIQUE-SHOPHOUSE-MELODIA-PHU-QUOC-2.jpg\" data-rel=\"prettyPhoto[rel-1719-4215669067]\"><img width=\"801\" height=\"500\" src=\"http:\/\/tec-corp.com.vn\/wp-content\/uploads\/2021\/07\/SHOPHOUSE-BOUTIQUE-SHOPHOUSE-MELODIA-PHU-QUOC-2.jpg\" class=\"attachment-full\" alt=\"\" loading=\"lazy\" srcset=\"http:\/\/tec-corp.com.vn\/wp-content\/uploads\/2021\/07\/SHOPHOUSE-BOUTIQUE-SHOPHOUSE-MELODIA-PHU-QUOC-2.jpg 801w, http:\/\/tec-corp.com.vn\/wp-content\/uploads\/2021\/07\/SHOPHOUSE-BOUTIQUE-SHOPHOUSE-MELODIA-PHU-QUOC-2-300x187.jpg 300w, http:\/\/tec-corp.com.vn\/wp-content\/uploads\/2021\/07\/SHOPHOUSE-BOUTIQUE-SHOPHOUSE-MELODIA-PHU-QUOC-2-768x479.jpg 768w, http:\/\/tec-corp.com.vn\/wp-content\/uploads\/2021\/07\/SHOPHOUSE-BOUTIQUE-SHOPHOUSE-MELODIA-PHU-QUOC-2-16x10.jpg 16w, http:\/\/tec-corp.com.vn\/wp-content\/uploads\/2021\/07\/SHOPHOUSE-BOUTIQUE-SHOPHOUSE-MELODIA-PHU-QUOC-2-370x231.jpg 370w, http:\/\/tec-corp.com.vn\/wp-content\/uploads\/2021\/07\/SHOPHOUSE-BOUTIQUE-SHOPHOUSE-MELODIA-PHU-QUOC-2-360x225.jpg 360w\" sizes=\"(max-width: 801px) 100vw, 801px\" \/><\/a><\/div><\/div><div class=\"vc_item\"><div class=\"vc_inner\"><a class=\"prettyphoto\" href=\"http:\/\/tec-corp.com.vn\/wp-content\/uploads\/2021\/07\/SHOPHOUSE-BOUTIQUE-SHOPHOUSE-MELODIA-PHU-QUOC-3.jpg\" data-rel=\"prettyPhoto[rel-1719-4215669067]\"><img width=\"802\" height=\"500\" src=\"http:\/\/tec-corp.com.vn\/wp-content\/uploads\/2021\/07\/SHOPHOUSE-BOUTIQUE-SHOPHOUSE-MELODIA-PHU-QUOC-3.jpg\" class=\"attachment-full\" alt=\"\" loading=\"lazy\" srcset=\"http:\/\/tec-corp.com.vn\/wp-content\/uploads\/2021\/07\/SHOPHOUSE-BOUTIQUE-SHOPHOUSE-MELODIA-PHU-QUOC-3.jpg 802w, http:\/\/tec-corp.com.vn\/wp-content\/uploads\/2021\/07\/SHOPHOUSE-BOUTIQUE-SHOPHOUSE-MELODIA-PHU-QUOC-3-300x187.jpg 300w, http:\/\/tec-corp.com.vn\/wp-content\/uploads\/2021\/07\/SHOPHOUSE-BOUTIQUE-SHOPHOUSE-MELODIA-PHU-QUOC-3-768x479.jpg 768w, http:\/\/tec-corp.com.vn\/wp-content\/uploads\/2021\/07\/SHOPHOUSE-BOUTIQUE-SHOPHOUSE-MELODIA-PHU-QUOC-3-16x10.jpg 16w, http:\/\/tec-corp.com.vn\/wp-content\/uploads\/2021\/07\/SHOPHOUSE-BOUTIQUE-SHOPHOUSE-MELODIA-PHU-QUOC-3-370x231.jpg 370w, http:\/\/tec-corp.com.vn\/wp-content\/uploads\/2021\/07\/SHOPHOUSE-BOUTIQUE-SHOPHOUSE-MELODIA-PHU-QUOC-3-360x224.jpg 360w\" sizes=\"(max-width: 802px) 100vw, 802px\" \/><\/a><\/div><\/div><div class=\"vc_item\"><div class=\"vc_inner\"><a class=\"prettyphoto\" href=\"http:\/\/tec-corp.com.vn\/wp-content\/uploads\/2021\/07\/SHOPHOUSE-BOUTIQUE-SHOPHOUSE-MELODIA-PHU-QUOC-4.jpg\" data-rel=\"prettyPhoto[rel-1719-4215669067]\"><img width=\"802\" height=\"500\" src=\"http:\/\/tec-corp.com.vn\/wp-content\/uploads\/2021\/07\/SHOPHOUSE-BOUTIQUE-SHOPHOUSE-MELODIA-PHU-QUOC-4.jpg\" class=\"attachment-full\" alt=\"\" loading=\"lazy\" srcset=\"http:\/\/tec-corp.com.vn\/wp-content\/uploads\/2021\/07\/SHOPHOUSE-BOUTIQUE-SHOPHOUSE-MELODIA-PHU-QUOC-4.jpg 802w, http:\/\/tec-corp.com.vn\/wp-content\/uploads\/2021\/07\/SHOPHOUSE-BOUTIQUE-SHOPHOUSE-MELODIA-PHU-QUOC-4-300x187.jpg 300w, http:\/\/tec-corp.com.vn\/wp-content\/uploads\/2021\/07\/SHOPHOUSE-BOUTIQUE-SHOPHOUSE-MELODIA-PHU-QUOC-4-768x479.jpg 768w, http:\/\/tec-corp.com.vn\/wp-content\/uploads\/2021\/07\/SHOPHOUSE-BOUTIQUE-SHOPHOUSE-MELODIA-PHU-QUOC-4-16x10.jpg 16w, http:\/\/tec-corp.com.vn\/wp-content\/uploads\/2021\/07\/SHOPHOUSE-BOUTIQUE-SHOPHOUSE-MELODIA-PHU-QUOC-4-370x231.jpg 370w, http:\/\/tec-corp.com.vn\/wp-content\/uploads\/2021\/07\/SHOPHOUSE-BOUTIQUE-SHOPHOUSE-MELODIA-PHU-QUOC-4-360x224.jpg 360w\" sizes=\"(max-width: 802px) 100vw, 802px\" \/><\/a><\/div><\/div><div class=\"vc_item\"><div class=\"vc_inner\"><a class=\"prettyphoto\" href=\"http:\/\/tec-corp.com.vn\/wp-content\/uploads\/2021\/07\/SHOPHOUSE-BOUTIQUE-SHOPHOUSE-MELODIA-PHU-QUOC-5.jpg\" data-rel=\"prettyPhoto[rel-1719-4215669067]\"><img width=\"801\" height=\"500\" src=\"http:\/\/tec-corp.com.vn\/wp-content\/uploads\/2021\/07\/SHOPHOUSE-BOUTIQUE-SHOPHOUSE-MELODIA-PHU-QUOC-5.jpg\" class=\"attachment-full\" alt=\"\" loading=\"lazy\" srcset=\"http:\/\/tec-corp.com.vn\/wp-content\/uploads\/2021\/07\/SHOPHOUSE-BOUTIQUE-SHOPHOUSE-MELODIA-PHU-QUOC-5.jpg 801w, http:\/\/tec-corp.com.vn\/wp-content\/uploads\/2021\/07\/SHOPHOUSE-BOUTIQUE-SHOPHOUSE-MELODIA-PHU-QUOC-5-300x187.jpg 300w, http:\/\/tec-corp.com.vn\/wp-content\/uploads\/2021\/07\/SHOPHOUSE-BOUTIQUE-SHOPHOUSE-MELODIA-PHU-QUOC-5-768x479.jpg 768w, http:\/\/tec-corp.com.vn\/wp-content\/uploads\/2021\/07\/SHOPHOUSE-BOUTIQUE-SHOPHOUSE-MELODIA-PHU-QUOC-5-16x10.jpg 16w, http:\/\/tec-corp.com.vn\/wp-content\/uploads\/2021\/07\/SHOPHOUSE-BOUTIQUE-SHOPHOUSE-MELODIA-PHU-QUOC-5-370x231.jpg 370w, http:\/\/tec-corp.com.vn\/wp-content\/uploads\/2021\/07\/SHOPHOUSE-BOUTIQUE-SHOPHOUSE-MELODIA-PHU-QUOC-5-360x225.jpg 360w\" sizes=\"(max-width: 801px) 100vw, 801px\" \/><\/a><\/div><\/div><div class=\"vc_item\"><div class=\"vc_inner\"><a class=\"prettyphoto\" href=\"http:\/\/tec-corp.com.vn\/wp-content\/uploads\/2021\/07\/SHOPHOUSE-BOUTIQUE-SHOPHOUSE-MELODIA-PHU-QUOC-6.jpg\" data-rel=\"prettyPhoto[rel-1719-4215669067]\"><img width=\"802\" height=\"500\" src=\"http:\/\/tec-corp.com.vn\/wp-content\/uploads\/2021\/07\/SHOPHOUSE-BOUTIQUE-SHOPHOUSE-MELODIA-PHU-QUOC-6.jpg\" class=\"attachment-full\" alt=\"\" loading=\"lazy\" srcset=\"http:\/\/tec-corp.com.vn\/wp-content\/uploads\/2021\/07\/SHOPHOUSE-BOUTIQUE-SHOPHOUSE-MELODIA-PHU-QUOC-6.jpg 802w, http:\/\/tec-corp.com.vn\/wp-content\/uploads\/2021\/07\/SHOPHOUSE-BOUTIQUE-SHOPHOUSE-MELODIA-PHU-QUOC-6-300x187.jpg 300w, http:\/\/tec-corp.com.vn\/wp-content\/uploads\/2021\/07\/SHOPHOUSE-BOUTIQUE-SHOPHOUSE-MELODIA-PHU-QUOC-6-768x479.jpg 768w, http:\/\/tec-corp.com.vn\/wp-content\/uploads\/2021\/07\/SHOPHOUSE-BOUTIQUE-SHOPHOUSE-MELODIA-PHU-QUOC-6-16x10.jpg 16w, http:\/\/tec-corp.com.vn\/wp-content\/uploads\/2021\/07\/SHOPHOUSE-BOUTIQUE-SHOPHOUSE-MELODIA-PHU-QUOC-6-370x231.jpg 370w, http:\/\/tec-corp.com.vn\/wp-content\/uploads\/2021\/07\/SHOPHOUSE-BOUTIQUE-SHOPHOUSE-MELODIA-PHU-QUOC-6-360x224.jpg 360w\" sizes=\"(max-width: 802px) 100vw, 802px\" \/><\/a><\/div><\/div><\/div><\/div><\/div><a class=\"vc_left vc_carousel-control\" href=\"#vc_images-carousel-1-1777129248\" data-slide=\"prev\"><span class=\"icon-prev\"><\/span><\/a><a class=\"vc_right vc_carousel-control\" href=\"#vc_images-carousel-1-1777129248\" data-slide=\"next\"><span class=\"icon-next\"><\/span><\/a><\/div><\/div><\/div><div class=\"vc_empty_space\"   style=\"height: 10px\"><span class=\"vc_empty_space_inner\"><\/span><\/div><div class=\"wpb_images_carousel wpb_content_element vc_clearfix\"><div class=\"wpb_wrapper\"><div id=\"vc_images-carousel-2-1777129248\" data-ride=\"vc_carousel\" data-wrap=\"false\" style=\"width: 100%;\" data-interval=\"0\" data-auto-height=\"yes\" data-mode=\"horizontal\" data-partial=\"false\" data-per-view=\"10\" data-hide-on-end=\"true\" class=\"vc_slide vc_images_carousel\"><div class=\"vc_carousel-inner\"><div class=\"vc_carousel-slideline\"><div class=\"vc_carousel-slideline-inner\"><div class=\"vc_item\"><div class=\"vc_inner\"><a class=\"prettyphoto\" href=\"http:\/\/tec-corp.com.vn\/wp-content\/uploads\/2021\/06\/SHOPHOUSE-BOUTIQUE-SHOPHOUSE-MELODIA-PHU-QUOC.jpg\" data-rel=\"prettyPhoto[rel-1719-90759017]\"><img width=\"801\" height=\"500\" src=\"http:\/\/tec-corp.com.vn\/wp-content\/uploads\/2021\/06\/SHOPHOUSE-BOUTIQUE-SHOPHOUSE-MELODIA-PHU-QUOC.jpg\" class=\"attachment-full\" alt=\"\" loading=\"lazy\" srcset=\"http:\/\/tec-corp.com.vn\/wp-content\/uploads\/2021\/06\/SHOPHOUSE-BOUTIQUE-SHOPHOUSE-MELODIA-PHU-QUOC.jpg 801w, http:\/\/tec-corp.com.vn\/wp-content\/uploads\/2021\/06\/SHOPHOUSE-BOUTIQUE-SHOPHOUSE-MELODIA-PHU-QUOC-300x187.jpg 300w, http:\/\/tec-corp.com.vn\/wp-content\/uploads\/2021\/06\/SHOPHOUSE-BOUTIQUE-SHOPHOUSE-MELODIA-PHU-QUOC-768x479.jpg 768w, http:\/\/tec-corp.com.vn\/wp-content\/uploads\/2021\/06\/SHOPHOUSE-BOUTIQUE-SHOPHOUSE-MELODIA-PHU-QUOC-16x10.jpg 16w, http:\/\/tec-corp.com.vn\/wp-content\/uploads\/2021\/06\/SHOPHOUSE-BOUTIQUE-SHOPHOUSE-MELODIA-PHU-QUOC-370x231.jpg 370w, http:\/\/tec-corp.com.vn\/wp-content\/uploads\/2021\/06\/SHOPHOUSE-BOUTIQUE-SHOPHOUSE-MELODIA-PHU-QUOC-360x225.jpg 360w, http:\/\/tec-corp.com.vn\/wp-content\/uploads\/2021\/06\/SHOPHOUSE-BOUTIQUE-SHOPHOUSE-MELODIA-PHU-QUOC-600x375.jpg 600w\" sizes=\"(max-width: 801px) 100vw, 801px\" \/><\/a><\/div><\/div><div class=\"vc_item\"><div class=\"vc_inner\"><a class=\"prettyphoto\" href=\"http:\/\/tec-corp.com.vn\/wp-content\/uploads\/2021\/07\/SHOPHOUSE-BOUTIQUE-SHOPHOUSE-MELODIA-PHU-QUOC-6.jpg\" data-rel=\"prettyPhoto[rel-1719-90759017]\"><img width=\"802\" height=\"500\" src=\"http:\/\/tec-corp.com.vn\/wp-content\/uploads\/2021\/07\/SHOPHOUSE-BOUTIQUE-SHOPHOUSE-MELODIA-PHU-QUOC-6.jpg\" class=\"attachment-full\" alt=\"\" loading=\"lazy\" srcset=\"http:\/\/tec-corp.com.vn\/wp-content\/uploads\/2021\/07\/SHOPHOUSE-BOUTIQUE-SHOPHOUSE-MELODIA-PHU-QUOC-6.jpg 802w, http:\/\/tec-corp.com.vn\/wp-content\/uploads\/2021\/07\/SHOPHOUSE-BOUTIQUE-SHOPHOUSE-MELODIA-PHU-QUOC-6-300x187.jpg 300w, http:\/\/tec-corp.com.vn\/wp-content\/uploads\/2021\/07\/SHOPHOUSE-BOUTIQUE-SHOPHOUSE-MELODIA-PHU-QUOC-6-768x479.jpg 768w, http:\/\/tec-corp.com.vn\/wp-content\/uploads\/2021\/07\/SHOPHOUSE-BOUTIQUE-SHOPHOUSE-MELODIA-PHU-QUOC-6-16x10.jpg 16w, http:\/\/tec-corp.com.vn\/wp-content\/uploads\/2021\/07\/SHOPHOUSE-BOUTIQUE-SHOPHOUSE-MELODIA-PHU-QUOC-6-370x231.jpg 370w, http:\/\/tec-corp.com.vn\/wp-content\/uploads\/2021\/07\/SHOPHOUSE-BOUTIQUE-SHOPHOUSE-MELODIA-PHU-QUOC-6-360x224.jpg 360w\" sizes=\"(max-width: 802px) 100vw, 802px\" \/><\/a><\/div><\/div><div class=\"vc_item\"><div class=\"vc_inner\"><a class=\"prettyphoto\" href=\"http:\/\/tec-corp.com.vn\/wp-content\/uploads\/2021\/07\/SHOPHOUSE-BOUTIQUE-SHOPHOUSE-MELODIA-PHU-QUOC-5.jpg\" data-rel=\"prettyPhoto[rel-1719-90759017]\"><img width=\"801\" height=\"500\" src=\"http:\/\/tec-corp.com.vn\/wp-content\/uploads\/2021\/07\/SHOPHOUSE-BOUTIQUE-SHOPHOUSE-MELODIA-PHU-QUOC-5.jpg\" class=\"attachment-full\" alt=\"\" loading=\"lazy\" srcset=\"http:\/\/tec-corp.com.vn\/wp-content\/uploads\/2021\/07\/SHOPHOUSE-BOUTIQUE-SHOPHOUSE-MELODIA-PHU-QUOC-5.jpg 801w, http:\/\/tec-corp.com.vn\/wp-content\/uploads\/2021\/07\/SHOPHOUSE-BOUTIQUE-SHOPHOUSE-MELODIA-PHU-QUOC-5-300x187.jpg 300w, http:\/\/tec-corp.com.vn\/wp-content\/uploads\/2021\/07\/SHOPHOUSE-BOUTIQUE-SHOPHOUSE-MELODIA-PHU-QUOC-5-768x479.jpg 768w, http:\/\/tec-corp.com.vn\/wp-content\/uploads\/2021\/07\/SHOPHOUSE-BOUTIQUE-SHOPHOUSE-MELODIA-PHU-QUOC-5-16x10.jpg 16w, http:\/\/tec-corp.com.vn\/wp-content\/uploads\/2021\/07\/SHOPHOUSE-BOUTIQUE-SHOPHOUSE-MELODIA-PHU-QUOC-5-370x231.jpg 370w, http:\/\/tec-corp.com.vn\/wp-content\/uploads\/2021\/07\/SHOPHOUSE-BOUTIQUE-SHOPHOUSE-MELODIA-PHU-QUOC-5-360x225.jpg 360w\" sizes=\"(max-width: 801px) 100vw, 801px\" \/><\/a><\/div><\/div><div class=\"vc_item\"><div class=\"vc_inner\"><a class=\"prettyphoto\" href=\"http:\/\/tec-corp.com.vn\/wp-content\/uploads\/2021\/07\/SHOPHOUSE-BOUTIQUE-SHOPHOUSE-MELODIA-PHU-QUOC-4.jpg\" data-rel=\"prettyPhoto[rel-1719-90759017]\"><img width=\"802\" height=\"500\" src=\"http:\/\/tec-corp.com.vn\/wp-content\/uploads\/2021\/07\/SHOPHOUSE-BOUTIQUE-SHOPHOUSE-MELODIA-PHU-QUOC-4.jpg\" class=\"attachment-full\" alt=\"\" loading=\"lazy\" srcset=\"http:\/\/tec-corp.com.vn\/wp-content\/uploads\/2021\/07\/SHOPHOUSE-BOUTIQUE-SHOPHOUSE-MELODIA-PHU-QUOC-4.jpg 802w, http:\/\/tec-corp.com.vn\/wp-content\/uploads\/2021\/07\/SHOPHOUSE-BOUTIQUE-SHOPHOUSE-MELODIA-PHU-QUOC-4-300x187.jpg 300w, http:\/\/tec-corp.com.vn\/wp-content\/uploads\/2021\/07\/SHOPHOUSE-BOUTIQUE-SHOPHOUSE-MELODIA-PHU-QUOC-4-768x479.jpg 768w, http:\/\/tec-corp.com.vn\/wp-content\/uploads\/2021\/07\/SHOPHOUSE-BOUTIQUE-SHOPHOUSE-MELODIA-PHU-QUOC-4-16x10.jpg 16w, http:\/\/tec-corp.com.vn\/wp-content\/uploads\/2021\/07\/SHOPHOUSE-BOUTIQUE-SHOPHOUSE-MELODIA-PHU-QUOC-4-370x231.jpg 370w, http:\/\/tec-corp.com.vn\/wp-content\/uploads\/2021\/07\/SHOPHOUSE-BOUTIQUE-SHOPHOUSE-MELODIA-PHU-QUOC-4-360x224.jpg 360w\" sizes=\"(max-width: 802px) 100vw, 802px\" \/><\/a><\/div><\/div><div class=\"vc_item\"><div class=\"vc_inner\"><a class=\"prettyphoto\" href=\"http:\/\/tec-corp.com.vn\/wp-content\/uploads\/2021\/07\/SHOPHOUSE-BOUTIQUE-SHOPHOUSE-MELODIA-PHU-QUOC-3.jpg\" data-rel=\"prettyPhoto[rel-1719-90759017]\"><img width=\"802\" height=\"500\" src=\"http:\/\/tec-corp.com.vn\/wp-content\/uploads\/2021\/07\/SHOPHOUSE-BOUTIQUE-SHOPHOUSE-MELODIA-PHU-QUOC-3.jpg\" class=\"attachment-full\" alt=\"\" loading=\"lazy\" srcset=\"http:\/\/tec-corp.com.vn\/wp-content\/uploads\/2021\/07\/SHOPHOUSE-BOUTIQUE-SHOPHOUSE-MELODIA-PHU-QUOC-3.jpg 802w, http:\/\/tec-corp.com.vn\/wp-content\/uploads\/2021\/07\/SHOPHOUSE-BOUTIQUE-SHOPHOUSE-MELODIA-PHU-QUOC-3-300x187.jpg 300w, http:\/\/tec-corp.com.vn\/wp-content\/uploads\/2021\/07\/SHOPHOUSE-BOUTIQUE-SHOPHOUSE-MELODIA-PHU-QUOC-3-768x479.jpg 768w, http:\/\/tec-corp.com.vn\/wp-content\/uploads\/2021\/07\/SHOPHOUSE-BOUTIQUE-SHOPHOUSE-MELODIA-PHU-QUOC-3-16x10.jpg 16w, http:\/\/tec-corp.com.vn\/wp-content\/uploads\/2021\/07\/SHOPHOUSE-BOUTIQUE-SHOPHOUSE-MELODIA-PHU-QUOC-3-370x231.jpg 370w, http:\/\/tec-corp.com.vn\/wp-content\/uploads\/2021\/07\/SHOPHOUSE-BOUTIQUE-SHOPHOUSE-MELODIA-PHU-QUOC-3-360x224.jpg 360w\" sizes=\"(max-width: 802px) 100vw, 802px\" \/><\/a><\/div><\/div><div class=\"vc_item\"><div class=\"vc_inner\"><a class=\"prettyphoto\" href=\"http:\/\/tec-corp.com.vn\/wp-content\/uploads\/2021\/07\/SHOPHOUSE-BOUTIQUE-SHOPHOUSE-MELODIA-PHU-QUOC-2.jpg\" data-rel=\"prettyPhoto[rel-1719-90759017]\"><img width=\"801\" height=\"500\" src=\"http:\/\/tec-corp.com.vn\/wp-content\/uploads\/2021\/07\/SHOPHOUSE-BOUTIQUE-SHOPHOUSE-MELODIA-PHU-QUOC-2.jpg\" class=\"attachment-full\" alt=\"\" loading=\"lazy\" srcset=\"http:\/\/tec-corp.com.vn\/wp-content\/uploads\/2021\/07\/SHOPHOUSE-BOUTIQUE-SHOPHOUSE-MELODIA-PHU-QUOC-2.jpg 801w, http:\/\/tec-corp.com.vn\/wp-content\/uploads\/2021\/07\/SHOPHOUSE-BOUTIQUE-SHOPHOUSE-MELODIA-PHU-QUOC-2-300x187.jpg 300w, http:\/\/tec-corp.com.vn\/wp-content\/uploads\/2021\/07\/SHOPHOUSE-BOUTIQUE-SHOPHOUSE-MELODIA-PHU-QUOC-2-768x479.jpg 768w, http:\/\/tec-corp.com.vn\/wp-content\/uploads\/2021\/07\/SHOPHOUSE-BOUTIQUE-SHOPHOUSE-MELODIA-PHU-QUOC-2-16x10.jpg 16w, http:\/\/tec-corp.com.vn\/wp-content\/uploads\/2021\/07\/SHOPHOUSE-BOUTIQUE-SHOPHOUSE-MELODIA-PHU-QUOC-2-370x231.jpg 370w, http:\/\/tec-corp.com.vn\/wp-content\/uploads\/2021\/07\/SHOPHOUSE-BOUTIQUE-SHOPHOUSE-MELODIA-PHU-QUOC-2-360x225.jpg 360w\" sizes=\"(max-width: 801px) 100vw, 801px\" \/><\/a><\/div><\/div><\/div><\/div><\/div><\/div><\/div><\/div><\/div><\/div><\/div><div class=\"wpb_column vc_column_container vc_col-sm-4\"><div class=\"vc_column-inner\"><div class=\"wpb_wrapper\">\n\t<div class=\"wpb_text_column wpb_content_element\" >\n\t\t<div class=\"wpb_wrapper\">\n\t\t\t<p><strong><span style=\"color: #ff0000; font-size: 18px;\">BOUTIQUE SHOPHOUSE MELODIA PHU QUOC<\/span><\/strong><\/p>\n<p><strong><span style=\"color: #000080;\">Item&nbsp;&nbsp;&nbsp;&nbsp;&nbsp;&nbsp;&nbsp; :<\/span><\/strong> Construction<\/p>\n<p><strong><span style=\"color: #000080;\">Location\u00a0 \u00a0:<\/span><\/strong> Phu Quoc, Kien Giang<\/p>\n<p style=\"text-align: justify;\"><em><span style=\"color: #000000;\"><strong>Melodia Boutique Shophouse Bai Kem<\/strong><\/span> is a completely new commercial townhouse product line of Sun Group first developed in Phu Quoc. Located in the billion-dollar Sun Premiere Village Kem Beach Resort at Bai Kem, Shophouses will inherit great potential when the owner combines unlimited business forms: hotels, service for tourists.T.E.C Corp was assigned to renovate Shophouse into a dynamic and modern designed terrace cafe.<\/em><\/p>\n\n\t\t<\/div>\n\t<\/div>\n<\/div><\/div><\/div><\/div>","protected":false},"excerpt":{"rendered":"BOUTIQUE SHOPHOUSE MELODIA PH\u00da QU\u1ed0C H\u1ea1ng m\u1ee5c : Thi c\u00f4ng x\u00e2y d\u1ef1ng ho\u00e0n thi\u1ec7n \u0110\u1ecba \u0111i\u1ec3m\u00a0 \u00a0: Ph\u00fa Qu\u1ed1c, Ki\u00ean Giang Melodia Boutique Shophouse B\u00e3i Kem l\u00e0 d\u00f2ng s\u1ea3n ph\u1ea9m nh\u00e0 ph\u1ed1 th\u01b0\u01a1ng m\u1ea1i ho\u00e0n to\u00e0n m\u1edbi c\u1ee7a Sun Group...","protected":false},"author":1,"featured_media":0,"parent":2846,"menu_order":0,"comment_status":"closed","ping_status":"closed","template":"","meta":[],"_links":{"self":[{"href":"http:\/\/tec-corp.com.vn\/en\/wp-json\/wp\/v2\/pages\/1719"}],"collection":[{"href":"http:\/\/tec-corp.com.vn\/en\/wp-json\/wp\/v2\/pages"}],"about":[{"href":"http:\/\/tec-corp.com.vn\/en\/wp-json\/wp\/v2\/types\/page"}],"author":[{"embeddable":true,"href":"http:\/\/tec-corp.com.vn\/en\/wp-json\/wp\/v2\/users\/1"}],"replies":[{"embeddable":true,"href":"http:\/\/tec-corp.com.vn\/en\/wp-json\/wp\/v2\/comments?post=1719"}],"version-history":[{"count":0,"href":"http:\/\/tec-corp.com.vn\/en\/wp-json\/wp\/v2\/pages\/1719\/revisions"}],"up":[{"embeddable":true,"href":"http:\/\/tec-corp.com.vn\/en\/wp-json\/wp\/v2\/pages\/2846"}],"wp:attachment":[{"href":"http:\/\/tec-corp.com.vn\/en\/wp-json\/wp\/v2\/media?parent=1719"}],"curies":[{"name":"wp","href":"https:\/\/api.w.org\/{rel}","templated":true}]}}