{"id":1708,"date":"2021-07-05T12:35:05","date_gmt":"2021-07-05T05:35:05","guid":{"rendered":"http:\/\/tec-corp.com.vn\/?page_id=1708"},"modified":"2023-10-26T11:37:51","modified_gmt":"2023-10-26T04:37:51","slug":"hoan-thien","status":"publish","type":"page","link":"http:\/\/tec-corp.com.vn\/en\/hoan-thien\/","title":{"rendered":"D\u1ef0 \u00c1N HO\u00c0N THI\u1ec6N"},"content":{"rendered":"<div class=\"vc_row wpb_row vc_row-fluid vc_column-gap-10\"><div class=\"wpb_column vc_column_container vc_col-sm-12\"><div class=\"vc_column-inner\"><div class=\"wpb_wrapper\"><div class=\"vc_empty_space\"   style=\"height: 32px\"><span class=\"vc_empty_space_inner\"><\/span><\/div>\n\t<div class=\"wpb_text_column wpb_content_element\" >\n\t\t<div class=\"wpb_wrapper\">\n\t\t\t<p><strong><a href=\"http:\/\/www.tec-corp.com.vn\">Home<\/a> > <a href=\"http:\/\/tec-corp.com.vn\/du-an\/\">All Projects ><\/a> Ho\u00e0n thi\u1ec7n<\/strong><\/p>\n\n\t\t<\/div>\n\t<\/div>\n<div class=\"vc_empty_space\"   style=\"height: 32px\"><span class=\"vc_empty_space_inner\"><\/span><\/div><\/div><\/div><\/div><\/div><div class=\"vc_row wpb_row vc_row-fluid\"><div class=\"wpb_column vc_column_container vc_col-sm-6\"><div class=\"vc_column-inner\"><div class=\"wpb_wrapper\"><div class=\"vc_empty_space\"   style=\"height: 22px\"><span class=\"vc_empty_space_inner\"><\/span><\/div>\n\t<div  class=\"wpb_single_image wpb_content_element vc_align_center\">\n\t\t\n\t\t<figure class=\"wpb_wrapper vc_figure\">\n\t\t\t<div class=\"vc_single_image-wrapper   vc_box_border_grey\"><img class=\"vc_single_image-img\" src=\"http:\/\/tec-corp.com.vn\/wp-content\/uploads\/2023\/08\/12_Page12-450x350.jpg\" width=\"450\" height=\"350\" alt=\"12_Page12\" title=\"12_Page12\" \/><\/div>\n\t\t<\/figure>\n\t<\/div>\n\n\t<div class=\"wpb_text_column wpb_content_element\" >\n\t\t<div class=\"wpb_wrapper\">\n\t\t\t<h6 style=\"text-align: center;\"><a href=\"http:\/\/tec-corp.com.vn\/thiet-ke-va-hoan-thien-noi-that-nha-pho-binh-duong\/\"><span style=\"font-size: 15px; color: #000000;\"><strong>THI\u1ebeT K\u1ebe V\u00c0 HO\u00c0N THI\u1ec6N NH\u00c0 PH\u1ed0 &#8211; B\u00ccNH D\u01af\u01a0NG<\/strong><\/span><\/a><\/h6>\n\n\t\t<\/div>\n\t<\/div>\n<\/div><\/div><\/div><div class=\"wpb_column vc_column_container vc_col-sm-6\"><div class=\"vc_column-inner\"><div class=\"wpb_wrapper\"><div class=\"vc_empty_space\"   style=\"height: 22px\"><span class=\"vc_empty_space_inner\"><\/span><\/div>\n\t<div  class=\"wpb_single_image wpb_content_element vc_align_center\">\n\t\t\n\t\t<figure class=\"wpb_wrapper vc_figure\">\n\t\t\t<div class=\"vc_single_image-wrapper   vc_box_border_grey\"><img class=\"vc_single_image-img\" src=\"http:\/\/tec-corp.com.vn\/wp-content\/uploads\/2023\/08\/PHOI-CANH-13-6_Page3-450x350.jpg\" width=\"450\" height=\"350\" alt=\"PH\u1ed0I C\u1ea2NH 13-6_Page3\" title=\"PH\u1ed0I C\u1ea2NH 13-6_Page3\" \/><\/div>\n\t\t<\/figure>\n\t<\/div>\n\n\t<div class=\"wpb_text_column wpb_content_element\" >\n\t\t<div class=\"wpb_wrapper\">\n\t\t\t<h6 style=\"text-align: center;\"><a href=\"http:\/\/tec-corp.com.vn\/noi-that\/thiet-ke-va-thi-cong-noi-that-nha-pho-ho-chi-minh\/\"><strong><span style=\"color: #000000;\"><span style=\"font-size: 15px;\">THI\u1ebeT K\u1ebe V\u00c0 THI C\u00d4NG NH\u00c0 PH\u1ed0 &#8211; H\u1ed2 CH\u00cd MINH<\/span><\/span><\/strong><\/a><\/h6>\n\n\t\t<\/div>\n\t<\/div>\n<\/div><\/div><\/div><\/div><div class=\"vc_row wpb_row vc_row-fluid\"><div class=\"wpb_column vc_column_container vc_col-sm-6\"><div class=\"vc_column-inner\"><div class=\"wpb_wrapper\"><div class=\"vc_empty_space\"   style=\"height: 22px\"><span class=\"vc_empty_space_inner\"><\/span><\/div>\n\t<div  class=\"wpb_single_image wpb_content_element vc_align_center\">\n\t\t\n\t\t<figure class=\"wpb_wrapper vc_figure\">\n\t\t\t<div class=\"vc_single_image-wrapper   vc_box_border_grey\"><img class=\"vc_single_image-img\" src=\"http:\/\/tec-corp.com.vn\/wp-content\/uploads\/2023\/04\/26232794_1168810129916625_5350742903648814219_o-450x350.jpg\" width=\"450\" height=\"350\" alt=\"26232794_1168810129916625_5350742903648814219_o\" title=\"26232794_1168810129916625_5350742903648814219_o\" \/><\/div>\n\t\t<\/figure>\n\t<\/div>\n\n\t<div class=\"wpb_text_column wpb_content_element\" >\n\t\t<div class=\"wpb_wrapper\">\n\t\t\t<h6 style=\"text-align: center;\"><span style=\"font-size: 15px; color: #000000;\"><strong>Coffee Counter +84 \u2013 Sasco<\/strong><\/span><\/h6>\n\n\t\t<\/div>\n\t<\/div>\n<\/div><\/div><\/div><div class=\"wpb_column vc_column_container vc_col-sm-6\"><div class=\"vc_column-inner\"><div class=\"wpb_wrapper\"><div class=\"vc_empty_space\"   style=\"height: 22px\"><span class=\"vc_empty_space_inner\"><\/span><\/div>\n\t<div  class=\"wpb_single_image wpb_content_element vc_align_center\">\n\t\t\n\t\t<figure class=\"wpb_wrapper vc_figure\">\n\t\t\t<div class=\"vc_single_image-wrapper   vc_box_border_grey\"><img class=\"vc_single_image-img\" src=\"http:\/\/tec-corp.com.vn\/wp-content\/uploads\/2023\/04\/hoan-thien-450x350.jpg\" width=\"450\" height=\"350\" alt=\"hoan thien\" title=\"hoan thien\" \/><\/div>\n\t\t<\/figure>\n\t<\/div>\n\n\t<div class=\"wpb_text_column wpb_content_element\" >\n\t\t<div class=\"wpb_wrapper\">\n\t\t\t<p style=\"text-align: center;\"><a href=\"http:\/\/tec-corp.com.vn\/thi-cong-hoan-thien-khong-gian-ca-phe-thu-duc\/\"><strong>HO\u00c0N THI\u1ec6N KH\u00d4NG GIAN C\u00c0 PH\u00ca &#8211; TH\u1ee6 \u0110\u1ee8C<\/strong><\/a><\/p>\n\n\t\t<\/div>\n\t<\/div>\n<\/div><\/div><\/div><\/div><div class=\"vc_row wpb_row vc_row-fluid\"><div class=\"wpb_column vc_column_container vc_col-sm-6\"><div class=\"vc_column-inner\"><div class=\"wpb_wrapper\"><div class=\"vc_empty_space\"   style=\"height: 22px\"><span class=\"vc_empty_space_inner\"><\/span><\/div>\n\t<div  class=\"wpb_single_image wpb_content_element vc_align_center\">\n\t\t\n\t\t<figure class=\"wpb_wrapper vc_figure\">\n\t\t\t<div class=\"vc_single_image-wrapper   vc_box_border_grey\"><img class=\"vc_single_image-img\" src=\"http:\/\/tec-corp.com.vn\/wp-content\/uploads\/2023\/04\/IMG_8673-800x533-1-450x350.jpg\" width=\"450\" height=\"350\" alt=\"IMG_8673-800x533\" title=\"IMG_8673-800x533\" \/><\/div>\n\t\t<\/figure>\n\t<\/div>\n\n\t<div class=\"wpb_text_column wpb_content_element\" >\n\t\t<div class=\"wpb_wrapper\">\n\t\t\t<p style=\"text-align: center;\"><strong>LE SAIGONNAIS LIVING ROOM \u2013 TAN SON NHAT AIRPORT<\/strong><\/p>\n\n\t\t<\/div>\n\t<\/div>\n<\/div><\/div><\/div><div class=\"wpb_column vc_column_container vc_col-sm-6\"><div class=\"vc_column-inner\"><div class=\"wpb_wrapper\"><div class=\"vc_empty_space\"   style=\"height: 22px\"><span class=\"vc_empty_space_inner\"><\/span><\/div>\n\t<div  class=\"wpb_single_image wpb_content_element vc_align_center\">\n\t\t\n\t\t<figure class=\"wpb_wrapper vc_figure\">\n\t\t\t<div class=\"vc_single_image-wrapper   vc_box_border_grey\"><img class=\"vc_single_image-img\" src=\"http:\/\/tec-corp.com.vn\/wp-content\/uploads\/2023\/04\/14138681_693816814103240_7907356520268871001_o-450x350.jpg\" width=\"450\" height=\"350\" alt=\"14138681_693816814103240_7907356520268871001_o\" title=\"14138681_693816814103240_7907356520268871001_o\" \/><\/div>\n\t\t<\/figure>\n\t<\/div>\n\n\t<div class=\"wpb_text_column wpb_content_element\" >\n\t\t<div class=\"wpb_wrapper\">\n\t\t\t<h6 style=\"text-align: center;\"><strong><span style=\"color: #000000;\"><span style=\"font-size: 15px;\">FRESH 2GO STORE \u2013 TAN SON NHAT AIRPORT<\/span><\/span><\/strong><\/h6>\n\n\t\t<\/div>\n\t<\/div>\n<\/div><\/div><\/div><\/div>","protected":false},"excerpt":{"rendered":"Trang ch\u1ee7 &gt; D\u1ef1 \u00e1n &gt; Ho\u00e0n thi\u1ec7n THI\u1ebeT K\u1ebe V\u00c0 HO\u00c0N THI\u1ec6N NH\u00c0 PH\u1ed0 - B\u00ccNH D\u01af\u01a0NG THI\u1ebeT K\u1ebe V\u00c0 THI C\u00d4NG NH\u00c0 PH\u1ed0 - H\u1ed2 CH\u00cd MINH Qu\u1ea7y C\u00e0 ph\u00ea +84 - Sasco HO\u00c0N THI\u1ec6N KH\u00d4NG GIAN C\u00c0...","protected":false},"author":1,"featured_media":0,"parent":0,"menu_order":0,"comment_status":"closed","ping_status":"closed","template":"","meta":[],"_links":{"self":[{"href":"http:\/\/tec-corp.com.vn\/en\/wp-json\/wp\/v2\/pages\/1708"}],"collection":[{"href":"http:\/\/tec-corp.com.vn\/en\/wp-json\/wp\/v2\/pages"}],"about":[{"href":"http:\/\/tec-corp.com.vn\/en\/wp-json\/wp\/v2\/types\/page"}],"author":[{"embeddable":true,"href":"http:\/\/tec-corp.com.vn\/en\/wp-json\/wp\/v2\/users\/1"}],"replies":[{"embeddable":true,"href":"http:\/\/tec-corp.com.vn\/en\/wp-json\/wp\/v2\/comments?post=1708"}],"version-history":[{"count":0,"href":"http:\/\/tec-corp.com.vn\/en\/wp-json\/wp\/v2\/pages\/1708\/revisions"}],"wp:attachment":[{"href":"http:\/\/tec-corp.com.vn\/en\/wp-json\/wp\/v2\/media?parent=1708"}],"curies":[{"name":"wp","href":"https:\/\/api.w.org\/{rel}","templated":true}]}}