{"id":1705,"date":"2021-07-05T12:33:12","date_gmt":"2021-07-05T05:33:12","guid":{"rendered":"http:\/\/tec-corp.com.vn\/?page_id=1705"},"modified":"2023-03-23T15:54:57","modified_gmt":"2023-03-23T08:54:57","slug":"cong-trinh-dan-dung","status":"publish","type":"page","link":"http:\/\/tec-corp.com.vn\/en\/cong-trinh-dan-dung\/","title":{"rendered":"C\u00d4NG TR\u00ccNH D\u00c2N D\u1ee4NG"},"content":{"rendered":"<div class=\"vc_row wpb_row vc_row-fluid vc_column-gap-10\"><div class=\"wpb_column vc_column_container vc_col-sm-12\"><div class=\"vc_column-inner\"><div class=\"wpb_wrapper\"><div class=\"vc_empty_space\"   style=\"height: 32px\"><span class=\"vc_empty_space_inner\"><\/span><\/div>\n\t<div class=\"wpb_text_column wpb_content_element\" >\n\t\t<div class=\"wpb_wrapper\">\n\t\t\t<p><strong><a href=\"http:\/\/www.tec-corp.com.vn\">Home<\/a> > <a href=\"http:\/\/tec-corp.com.vn\/du-an\/\">All Projects ><\/a> C\u00f4ng tr\u00ecnh d\u00e2n d\u1ee5ng<\/strong><\/p>\n\n\t\t<\/div>\n\t<\/div>\n<div class=\"vc_empty_space\"   style=\"height: 32px\"><span class=\"vc_empty_space_inner\"><\/span><\/div><\/div><\/div><\/div><\/div><div class=\"vc_row wpb_row vc_row-fluid\"><div class=\"wpb_column vc_column_container vc_col-sm-12\"><div class=\"vc_column-inner\"><div class=\"wpb_wrapper\"><\/div><\/div><\/div><\/div><div class=\"vc_row wpb_row vc_row-fluid\"><div class=\"wpb_column vc_column_container vc_col-sm-4\"><div class=\"vc_column-inner\"><div class=\"wpb_wrapper\">\n\t<div  class=\"wpb_single_image wpb_content_element vc_align_center\">\n\t\t\n\t\t<figure class=\"wpb_wrapper vc_figure\">\n\t\t\t<a href=\"http:\/\/tec-corp.com.vn\/du-an-thuc-hien-2015-2018\/khach-san-sojo-hau-giang\/\" target=\"_self\" class=\"vc_single_image-wrapper   vc_box_border_grey\"><img class=\"vc_single_image-img\" src=\"http:\/\/tec-corp.com.vn\/wp-content\/uploads\/2023\/03\/Sojo-Hau-Giang-3-Copy.jpg\" width=\"450\" height=\"350\" alt=\"Sojo Hau Giang (3) - Copy\" title=\"Sojo Hau Giang (3) - Copy\" \/><\/a>\n\t\t<\/figure>\n\t<\/div>\n\n\t<div class=\"wpb_text_column wpb_content_element\" >\n\t\t<div class=\"wpb_wrapper\">\n\t\t\t<h6 style=\"text-align: center;\"><a href=\"http:\/\/tec-corp.com.vn\/du-an-thuc-hien-nam-2021\/khach-san-sojo-hau-giang-thanh-pho-vi-thanh\/\"><span style=\"font-size: 15px; color: #000000;\"><strong>Kh\u00e1ch s\u1ea1n Sojo H\u1eadu Giang<\/strong><\/span><\/a><\/h6>\n\n\t\t<\/div>\n\t<\/div>\n<div class=\"vc_empty_space\"   style=\"height: 22px\"><span class=\"vc_empty_space_inner\"><\/span><\/div><\/div><\/div><\/div><div class=\"wpb_column vc_column_container vc_col-sm-4\"><div class=\"vc_column-inner\"><div class=\"wpb_wrapper\"><div class=\"vc_empty_space\"   style=\"height: 22px\"><span class=\"vc_empty_space_inner\"><\/span><\/div><\/div><\/div><\/div><div class=\"wpb_column vc_column_container vc_col-sm-4\"><div class=\"vc_column-inner\"><div class=\"wpb_wrapper\"><div class=\"vc_empty_space\"   style=\"height: 22px\"><span class=\"vc_empty_space_inner\"><\/span><\/div><\/div><\/div><\/div><\/div>","protected":false},"excerpt":{"rendered":"Trang ch\u1ee7 &gt; D\u1ef1 \u00e1n &gt; C\u00f4ng tr\u00ecnh d\u00e2n d\u1ee5ng Kh\u00e1ch s\u1ea1n Sojo H\u1eadu Giang","protected":false},"author":1,"featured_media":0,"parent":0,"menu_order":0,"comment_status":"closed","ping_status":"closed","template":"","meta":[],"_links":{"self":[{"href":"http:\/\/tec-corp.com.vn\/en\/wp-json\/wp\/v2\/pages\/1705"}],"collection":[{"href":"http:\/\/tec-corp.com.vn\/en\/wp-json\/wp\/v2\/pages"}],"about":[{"href":"http:\/\/tec-corp.com.vn\/en\/wp-json\/wp\/v2\/types\/page"}],"author":[{"embeddable":true,"href":"http:\/\/tec-corp.com.vn\/en\/wp-json\/wp\/v2\/users\/1"}],"replies":[{"embeddable":true,"href":"http:\/\/tec-corp.com.vn\/en\/wp-json\/wp\/v2\/comments?post=1705"}],"version-history":[{"count":0,"href":"http:\/\/tec-corp.com.vn\/en\/wp-json\/wp\/v2\/pages\/1705\/revisions"}],"wp:attachment":[{"href":"http:\/\/tec-corp.com.vn\/en\/wp-json\/wp\/v2\/media?parent=1705"}],"curies":[{"name":"wp","href":"https:\/\/api.w.org\/{rel}","templated":true}]}}