{"id":1657,"date":"2021-07-05T11:26:19","date_gmt":"2021-07-05T04:26:19","guid":{"rendered":"http:\/\/tec-corp.com.vn\/?page_id=1657"},"modified":"2024-08-13T13:57:14","modified_gmt":"2024-08-13T06:57:14","slug":"co-dien","status":"publish","type":"page","link":"http:\/\/tec-corp.com.vn\/en\/co-dien\/","title":{"rendered":"D\u1ef0 \u00c1N C\u01a0 \u0110I\u1ec6N"},"content":{"rendered":"<div class=\"vc_row wpb_row vc_row-fluid vc_column-gap-10\"><div class=\"wpb_column vc_column_container vc_col-sm-12\"><div class=\"vc_column-inner\"><div class=\"wpb_wrapper\"><div class=\"vc_empty_space\"   style=\"height: 32px\"><span class=\"vc_empty_space_inner\"><\/span><\/div>\n\t<div class=\"wpb_text_column wpb_content_element\" >\n\t\t<div class=\"wpb_wrapper\">\n\t\t\t<p><strong><a href=\"http:\/\/www.tec-corp.com.vn\">Home<\/a> > <a href=\"http:\/\/tec-corp.com.vn\/du-an\/\">All Projects ><\/a> MEP<\/strong><\/p>\n\n\t\t<\/div>\n\t<\/div>\n<div class=\"vc_empty_space\"   style=\"height: 32px\"><span class=\"vc_empty_space_inner\"><\/span><\/div><\/div><\/div><\/div><\/div><div class=\"vc_row wpb_row vc_row-fluid vc_column-gap-10\"><div class=\"wpb_column vc_column_container vc_col-sm-6\"><div class=\"vc_column-inner\"><div class=\"wpb_wrapper\"><div class=\"vc_empty_space\"   style=\"height: 22px\"><span class=\"vc_empty_space_inner\"><\/span><\/div>\n\t<div  class=\"wpb_single_image wpb_content_element vc_align_center\">\n\t\t\n\t\t<figure class=\"wpb_wrapper vc_figure\">\n\t\t\t<a href=\"http:\/\/tec-corp.com.vn\/truong-victoria-riverside\/\" target=\"_self\" class=\"vc_single_image-wrapper   vc_box_border_grey\"><img class=\"vc_single_image-img\" src=\"http:\/\/tec-corp.com.vn\/wp-content\/uploads\/2024\/08\/Untitled-1-scaled-450x350.jpg\" width=\"450\" height=\"350\" alt=\"Untitled-1\" title=\"Untitled-1\" \/><\/a>\n\t\t<\/figure>\n\t<\/div>\n\n\t<div class=\"wpb_text_column wpb_content_element\" >\n\t\t<div class=\"wpb_wrapper\">\n\t\t\t<p style=\"text-align: center;\"><a href=\"http:\/\/tec-corp.com.vn\/truong-victoria-riverside\/\"><strong>TR\u01af\u1edcNG VICTORIA RIVERSIDE<\/strong><\/a><\/p>\n\n\t\t<\/div>\n\t<\/div>\n<\/div><\/div><\/div><\/div><div class=\"vc_row wpb_row vc_row-fluid vc_column-gap-10\"><div class=\"wpb_column vc_column_container vc_col-sm-6\"><div class=\"vc_column-inner\"><div class=\"wpb_wrapper\"><div class=\"vc_empty_space\"   style=\"height: 22px\"><span class=\"vc_empty_space_inner\"><\/span><\/div>\n\t<div  class=\"wpb_single_image wpb_content_element vc_align_center\">\n\t\t\n\t\t<figure class=\"wpb_wrapper vc_figure\">\n\t\t\t<a href=\"http:\/\/tec-corp.com.vn\/khach-san-hato\/\" target=\"_self\" class=\"vc_single_image-wrapper   vc_box_border_grey\"><img class=\"vc_single_image-img\" src=\"http:\/\/tec-corp.com.vn\/wp-content\/uploads\/2024\/05\/DSCN7734-scaled-450x350.jpg\" width=\"450\" height=\"350\" alt=\"DSCN7734\" title=\"DSCN7734\" \/><\/a>\n\t\t<\/figure>\n\t<\/div>\n\n\t<div class=\"wpb_text_column wpb_content_element\" >\n\t\t<div class=\"wpb_wrapper\">\n\t\t\t<p style=\"text-align: center;\"><strong><a href=\"http:\/\/tec-corp.com.vn\/khach-san-hato\/\">KH\u00c1CH S\u1ea0N HATO<\/a><\/strong><\/p>\n\n\t\t<\/div>\n\t<\/div>\n<\/div><\/div><\/div><div class=\"wpb_column vc_column_container vc_col-sm-6\"><div class=\"vc_column-inner\"><div class=\"wpb_wrapper\"><div class=\"vc_empty_space\"   style=\"height: 22px\"><span class=\"vc_empty_space_inner\"><\/span><\/div>\n\t<div  class=\"wpb_single_image wpb_content_element vc_align_center\">\n\t\t\n\t\t<figure class=\"wpb_wrapper vc_figure\">\n\t\t\t<a href=\"http:\/\/tec-corp.com.vn\/novaworld-phan-thiet-miami\/\" target=\"_self\" class=\"vc_single_image-wrapper   vc_box_border_grey\"><img class=\"vc_single_image-img\" src=\"http:\/\/tec-corp.com.vn\/wp-content\/uploads\/2024\/05\/anh-dai-dien-450x350.jpg\" width=\"450\" height=\"350\" alt=\"default\" title=\"default\" \/><\/a>\n\t\t<\/figure>\n\t<\/div>\n\n\t<div class=\"wpb_text_column wpb_content_element\" >\n\t\t<div class=\"wpb_wrapper\">\n\t\t\t<p style=\"text-align: center;\"><a href=\"http:\/\/tec-corp.com.vn\/novaworld-phan-thiet-miami\/\"><strong>NOVAWORLD PHAN THI\u1ebeT \u2013 KHU CH\u1ee2 \u0110\u00caM MIAMI<\/strong><\/a><\/p>\n\n\t\t<\/div>\n\t<\/div>\n<\/div><\/div><\/div><\/div><div class=\"vc_row wpb_row vc_row-fluid\"><div class=\"wpb_column vc_column_container vc_col-sm-6\"><div class=\"vc_column-inner\"><div class=\"wpb_wrapper\"><div class=\"vc_empty_space\"   style=\"height: 22px\"><span class=\"vc_empty_space_inner\"><\/span><\/div>\n\t<div  class=\"wpb_single_image wpb_content_element vc_align_center\">\n\t\t\n\t\t<figure class=\"wpb_wrapper vc_figure\">\n\t\t\t<a href=\"http:\/\/tec-corp.com.vn\/khu-du-lich-lang-hang\/\" target=\"_self\" class=\"vc_single_image-wrapper   vc_box_border_grey\"><img class=\"vc_single_image-img\" src=\"http:\/\/tec-corp.com.vn\/wp-content\/uploads\/2023\/09\/da-dien-we-450x350.jpg\" width=\"450\" height=\"350\" alt=\"da dien we\" title=\"da dien we\" \/><\/a>\n\t\t<\/figure>\n\t<\/div>\n\n\t<div class=\"wpb_text_column wpb_content_element\" >\n\t\t<div class=\"wpb_wrapper\">\n\t\t\t<p style=\"text-align: center;\"><a href=\"http:\/\/tec-corp.com.vn\/khu-du-lich-lang-hang\/\"><strong>NEIGHBOURHOOD TOURIST AREA<\/strong><\/a><\/p>\n\n\t\t<\/div>\n\t<\/div>\n<\/div><\/div><\/div><div class=\"wpb_column vc_column_container vc_col-sm-6\"><div class=\"vc_column-inner\"><div class=\"wpb_wrapper\"><div class=\"vc_empty_space\"   style=\"height: 22px\"><span class=\"vc_empty_space_inner\"><\/span><\/div>\n\t<div  class=\"wpb_single_image wpb_content_element vc_align_center\">\n\t\t\n\t\t<figure class=\"wpb_wrapper vc_figure\">\n\t\t\t<a href=\"http:\/\/tec-corp.com.vn\/charm-resort-long-hai\/\" target=\"_self\" class=\"vc_single_image-wrapper   vc_box_border_grey\"><img class=\"vc_single_image-img\" src=\"http:\/\/tec-corp.com.vn\/wp-content\/uploads\/2023\/09\/Khu-biet-thu-Charm-Resort-Long-Hai-450x350.jpg\" width=\"450\" height=\"350\" alt=\"Khu-biet-thu-Charm-Resort-Long-Hai\" title=\"Khu-biet-thu-Charm-Resort-Long-Hai\" \/><\/a>\n\t\t<\/figure>\n\t<\/div>\n\n\t<div class=\"wpb_text_column wpb_content_element\" >\n\t\t<div class=\"wpb_wrapper\">\n\t\t\t<p style=\"text-align: center;\"><a href=\"http:\/\/tec-corp.com.vn\/charm-resort-long-hai\/\"><strong>CHARM LONG H\u1ea2I RESORT &amp; SPA<\/strong><\/a><\/p>\n\n\t\t<\/div>\n\t<\/div>\n<\/div><\/div><\/div><\/div><div class=\"vc_row wpb_row vc_row-fluid\"><div class=\"wpb_column vc_column_container vc_col-sm-6\"><div class=\"vc_column-inner\"><div class=\"wpb_wrapper\"><div class=\"vc_empty_space\"   style=\"height: 22px\"><span class=\"vc_empty_space_inner\"><\/span><\/div>\n\t<div  class=\"wpb_single_image wpb_content_element vc_align_center\">\n\t\t\n\t\t<figure class=\"wpb_wrapper vc_figure\">\n\t\t\t<a href=\"http:\/\/tec-corp.com.vn\/du-an-thuc-hien-nam-2021\/novaworld-ho-tram-the-wonderland\/\" target=\"_self\" class=\"vc_single_image-wrapper   vc_box_border_grey\"><img class=\"vc_single_image-img\" src=\"http:\/\/tec-corp.com.vn\/wp-content\/uploads\/2021\/07\/NOVAWORLD-HO-TRAM-THE-WONDERLAND-5-450x350.jpg\" width=\"450\" height=\"350\" alt=\"NOVAWORLD H\u1ed2 TR\u00c0M - THE WONDERLAND 5\" title=\"NOVAWORLD H\u1ed2 TR\u00c0M - THE WONDERLAND 5\" \/><\/a>\n\t\t<\/figure>\n\t<\/div>\n\n\t<div class=\"wpb_text_column wpb_content_element\" >\n\t\t<div class=\"wpb_wrapper\">\n\t\t\t<h6 style=\"text-align: center;\"><a href=\"http:\/\/tec-corp.com.vn\/du-an-thuc-hien-nam-2021\/novaworld-ho-tram-the-wonderland\/\"><span style=\"font-size: 15px; color: #000000;\"><strong>Wonderland NovaWorld Ho Tram<\/strong><\/span><\/a><\/h6>\n\n\t\t<\/div>\n\t<\/div>\n<\/div><\/div><\/div><div class=\"wpb_column vc_column_container vc_col-sm-6\"><div class=\"vc_column-inner\"><div class=\"wpb_wrapper\"><div class=\"vc_empty_space\"   style=\"height: 22px\"><span class=\"vc_empty_space_inner\"><\/span><\/div>\n\t<div  class=\"wpb_single_image wpb_content_element vc_align_center\">\n\t\t\n\t\t<figure class=\"wpb_wrapper vc_figure\">\n\t\t\t<a href=\"http:\/\/tec-corp.com.vn\/du-an\/khu-pho-mau-aqua-city-dong-nai\/\" target=\"_self\" class=\"vc_single_image-wrapper   vc_box_border_grey\"><img class=\"vc_single_image-img\" src=\"http:\/\/tec-corp.com.vn\/wp-content\/uploads\/2023\/03\/Aqua-web-450x350.jpg\" width=\"450\" height=\"350\" alt=\"Aqua web\" title=\"Aqua web\" \/><\/a>\n\t\t<\/figure>\n\t<\/div>\n\n\t<div class=\"wpb_text_column wpb_content_element\" >\n\t\t<div class=\"wpb_wrapper\">\n\t\t\t<h6 style=\"text-align: center;\"><a href=\"http:\/\/tec-corp.com.vn\/du-an-thuc-hien-nam-2020\/khu-pho-mau-aqua-city-dong-nai\/\"><span style=\"font-size: 15px; color: #000000;\"><strong>AQUA CITY - DONG NAI<\/strong><\/span><\/a><\/h6>\n\n\t\t<\/div>\n\t<\/div>\n<\/div><\/div><\/div><\/div><div class=\"vc_row wpb_row vc_row-fluid\"><div class=\"wpb_column vc_column_container vc_col-sm-6\"><div class=\"vc_column-inner\"><div class=\"wpb_wrapper\">\n\t<div  class=\"wpb_single_image wpb_content_element vc_align_center\">\n\t\t\n\t\t<figure class=\"wpb_wrapper vc_figure\">\n\t\t\t<a href=\"http:\/\/tec-corp.com.vn\/du-an-da-thuc-hien-nam-2020\/sale-gallery-saigon-sports-city-an-phu-quan-2\/\" target=\"_self\" class=\"vc_single_image-wrapper   vc_box_border_grey\"><img class=\"vc_single_image-img\" src=\"http:\/\/tec-corp.com.vn\/wp-content\/uploads\/2021\/06\/SALE-GALLERY-SAIGON-SPORTS-CITY-AN-PHU-QUAN-2-1-450x350.jpg\" width=\"450\" height=\"350\" alt=\"SALE GALLERY SAIGON SPORTS CITY - AN PH\u00da QU\u1eacN 2\" title=\"SALE GALLERY SAIGON SPORTS CITY - AN PHU, DISTRICT 2\" \/><\/a>\n\t\t<\/figure>\n\t<\/div>\n\n\t<div class=\"wpb_text_column wpb_content_element\" >\n\t\t<div class=\"wpb_wrapper\">\n\t\t\t<h6 style=\"text-align: center;\"><a href=\"http:\/\/tec-corp.com.vn\/du-an-da-thuc-hien-nam-2020\/sale-gallery-saigon-sports-city-an-phu-quan-2\/\"><span style=\"font-size: 15px; color: #000000;\"><strong>Sale Gallery Saigon Sports City - An Phu, District 2<\/strong><\/span><\/a><\/h6>\n\n\t\t<\/div>\n\t<\/div>\n<\/div><\/div><\/div><div class=\"wpb_column vc_column_container vc_col-sm-6\"><div class=\"vc_column-inner\"><div class=\"wpb_wrapper\">\n\t<div  class=\"wpb_single_image wpb_content_element vc_align_center\">\n\t\t\n\t\t<figure class=\"wpb_wrapper vc_figure\">\n\t\t\t<a href=\"http:\/\/tec-corp.com.vn\/du-an-da-thuc-hien-nam-2020\/angel-island-sale-galery-song-tien-dong-nai\/\" target=\"_self\" class=\"vc_single_image-wrapper   vc_box_border_grey\"><img class=\"vc_single_image-img\" src=\"http:\/\/tec-corp.com.vn\/wp-content\/uploads\/2021\/06\/Angel-Island-Sale-Galery-Song-Tien-Dong-Nai-3-450x350.jpg\" width=\"450\" height=\"350\" alt=\"Angel Island Sale Galery S\u00f4ng Ti\u00ean - \u0110\u1ed3ng Nai 3\" title=\"Angel Island Sale Galery Song Tien - Dong Nai\" \/><\/a>\n\t\t<\/figure>\n\t<\/div>\n\n\t<div class=\"wpb_text_column wpb_content_element\" >\n\t\t<div class=\"wpb_wrapper\">\n\t\t\t<h6 style=\"text-align: center;\"><a href=\"http:\/\/tec-corp.com.vn\/du-an-da-thuc-hien-nam-2020\/angel-island-sale-galery-song-tien-dong-nai\/\"><span style=\"font-size: 15px; color: #000000;\"><strong>Angel Island Sale Galery Song Tien - Dong Nai <\/strong><\/span><\/a><\/h6>\n\n\t\t<\/div>\n\t<\/div>\n<\/div><\/div><\/div><\/div><div class=\"vc_row wpb_row vc_row-fluid\"><div class=\"wpb_column vc_column_container vc_col-sm-6\"><div class=\"vc_column-inner\"><div class=\"wpb_wrapper\"><div class=\"vc_empty_space\"   style=\"height: 22px\"><span class=\"vc_empty_space_inner\"><\/span><\/div>\n\t<div  class=\"wpb_single_image wpb_content_element vc_align_center\">\n\t\t\n\t\t<figure class=\"wpb_wrapper vc_figure\">\n\t\t\t<a href=\"http:\/\/tec-corp.com.vn\/du-an-da-thuc-hien-nam-2020\/shop-pedro-vung-tau\/\" target=\"_self\" class=\"vc_single_image-wrapper   vc_box_border_grey\"><img class=\"vc_single_image-img\" src=\"http:\/\/tec-corp.com.vn\/wp-content\/uploads\/2021\/07\/Nha-may-Jabil-Quan-9-3-450x350.jpg\" width=\"450\" height=\"350\" alt=\"Nh\u00e0 m\u00e1y Jabil Qu\u1eadn 9 - 3\" title=\"Nh\u00e0 m\u00e1y Jabil Qu\u1eadn 9 - 3\" \/><\/a>\n\t\t<\/figure>\n\t<\/div>\n\n\t<div class=\"wpb_text_column wpb_content_element\" >\n\t\t<div class=\"wpb_wrapper\">\n\t\t\t<h6 style=\"text-align: center;\"><a href=\"http:\/\/tec-corp.com.vn\/du-an-2019\/nha-may-jabil-khu-cong-nghe-cao-quan-9-tphcm\/\"><span style=\"font-size: 15px; color: #000000;\"><strong>Jabil Factory - Saigon High Tech Park District 9<\/strong><\/span><\/a><\/h6>\n\n\t\t<\/div>\n\t<\/div>\n<\/div><\/div><\/div><div class=\"wpb_column vc_column_container vc_col-sm-6\"><div class=\"vc_column-inner\"><div class=\"wpb_wrapper\"><div class=\"vc_empty_space\"   style=\"height: 22px\"><span class=\"vc_empty_space_inner\"><\/span><\/div>\n\t<div  class=\"wpb_single_image wpb_content_element vc_align_center\">\n\t\t\n\t\t<figure class=\"wpb_wrapper vc_figure\">\n\t\t\t<a href=\"http:\/\/tec-corp.com.vn\/du-an-thuc-hien-nam-2020\/khu-dan-cu-thanh-my-loi-quan-2\/\" target=\"_self\" class=\"vc_single_image-wrapper   vc_box_border_grey\"><img class=\"vc_single_image-img\" src=\"http:\/\/tec-corp.com.vn\/wp-content\/uploads\/2021\/07\/KHU-DAN-CU-THANH-MY-LOI-QUAN-2-3-450x350.jpg\" width=\"450\" height=\"350\" alt=\"KHU D\u00c2N C\u01af TH\u1ea0NH M\u1ef8 L\u1ee2I - QU\u1eacN 2 - 3\" title=\"KHU D\u00c2N C\u01af TH\u1ea0NH M\u1ef8 L\u1ee2I - QU\u1eacN 2 - 3\" \/><\/a>\n\t\t<\/figure>\n\t<\/div>\n\n\t<div class=\"wpb_text_column wpb_content_element\" >\n\t\t<div class=\"wpb_wrapper\">\n\t\t\t<h6 style=\"text-align: center;\"><a href=\"http:\/\/tec-corp.com.vn\/du-an-thuc-hien-nam-2020\/khu-dan-cu-thanh-my-loi-quan-2\/\"><span style=\"font-size: 15px; color: #000000;\"><strong>Thanh My Loi Residential Area - District 2<\/strong><\/span><\/a><\/h6>\n\n\t\t<\/div>\n\t<\/div>\n<\/div><\/div><\/div><\/div>","protected":false},"excerpt":{"rendered":"Trang ch\u1ee7 &gt; D\u1ef1 \u00e1n &gt; C\u01a1 \u0111i\u1ec7n TR\u01af\u1edcNG VICTORIA RIVERSIDE KH\u00c1CH S\u1ea0N HATO NOVAWORLD PHAN THI\u1ebeT \u2013 KHU CH\u1ee2 \u0110\u00caM MIAMI KHU DU L\u1ecaCH L\u00c1NG H\u00c0NG CHARM LONG H\u1ea2I RESORT &amp; SPA Novaworld H\u1ed3 Tr\u00e0m - The Wonderland KHU...","protected":false},"author":1,"featured_media":0,"parent":0,"menu_order":0,"comment_status":"closed","ping_status":"closed","template":"","meta":[],"_links":{"self":[{"href":"http:\/\/tec-corp.com.vn\/en\/wp-json\/wp\/v2\/pages\/1657"}],"collection":[{"href":"http:\/\/tec-corp.com.vn\/en\/wp-json\/wp\/v2\/pages"}],"about":[{"href":"http:\/\/tec-corp.com.vn\/en\/wp-json\/wp\/v2\/types\/page"}],"author":[{"embeddable":true,"href":"http:\/\/tec-corp.com.vn\/en\/wp-json\/wp\/v2\/users\/1"}],"replies":[{"embeddable":true,"href":"http:\/\/tec-corp.com.vn\/en\/wp-json\/wp\/v2\/comments?post=1657"}],"version-history":[{"count":0,"href":"http:\/\/tec-corp.com.vn\/en\/wp-json\/wp\/v2\/pages\/1657\/revisions"}],"wp:attachment":[{"href":"http:\/\/tec-corp.com.vn\/en\/wp-json\/wp\/v2\/media?parent=1657"}],"curies":[{"name":"wp","href":"https:\/\/api.w.org\/{rel}","templated":true}]}}