{"id":1645,"date":"2021-07-05T10:51:58","date_gmt":"2021-07-05T03:51:58","guid":{"rendered":"http:\/\/tec-corp.com.vn\/?page_id=1645"},"modified":"2021-07-12T10:24:54","modified_gmt":"2021-07-12T03:24:54","slug":"cong-trinh-nha-may-alliance-long-an","status":"publish","type":"page","link":"http:\/\/tec-corp.com.vn\/en\/du-an-thuc-hien-2019\/cong-trinh-nha-may-alliance-long-an\/","title":{"rendered":"ALLIANCE FACTORY LONG AN"},"content":{"rendered":"<div class=\"vc_row wpb_row vc_row-fluid\"><div class=\"wpb_column vc_column_container vc_col-sm-12\"><div class=\"vc_column-inner\"><div class=\"wpb_wrapper\"><div class=\"vc_empty_space\"   style=\"height: 35px\"><span class=\"vc_empty_space_inner\"><\/span><\/div><\/div><\/div><\/div><\/div><div class=\"vc_row wpb_row vc_row-fluid\"><div class=\"wpb_column vc_column_container vc_col-sm-8\"><div class=\"vc_column-inner\"><div class=\"wpb_wrapper\"><div class=\"wpb_images_carousel wpb_content_element vc_clearfix\"><div class=\"wpb_wrapper\"><div id=\"vc_images-carousel-1-1778518657\" data-ride=\"vc_carousel\" data-wrap=\"true\" style=\"width: 100%;\" data-interval=\"3000\" data-auto-height=\"yes\" data-mode=\"horizontal\" data-partial=\"false\" data-per-view=\"1\" data-hide-on-end=\"false\" class=\"vc_slide vc_images_carousel\"><div class=\"vc_carousel-inner\"><div class=\"vc_carousel-slideline\"><div class=\"vc_carousel-slideline-inner\"><div class=\"vc_item\"><div class=\"vc_inner\"><a class=\"prettyphoto\" href=\"http:\/\/tec-corp.com.vn\/wp-content\/uploads\/2021\/06\/CT-Nha-may-Alliance-Long-An.jpg\" data-rel=\"prettyPhoto[rel-1645-1193840572]\"><img width=\"798\" height=\"502\" src=\"http:\/\/tec-corp.com.vn\/wp-content\/uploads\/2021\/06\/CT-Nha-may-Alliance-Long-An.jpg\" class=\"attachment-full\" alt=\"\" loading=\"lazy\" srcset=\"http:\/\/tec-corp.com.vn\/wp-content\/uploads\/2021\/06\/CT-Nha-may-Alliance-Long-An.jpg 798w, http:\/\/tec-corp.com.vn\/wp-content\/uploads\/2021\/06\/CT-Nha-may-Alliance-Long-An-300x189.jpg 300w, http:\/\/tec-corp.com.vn\/wp-content\/uploads\/2021\/06\/CT-Nha-may-Alliance-Long-An-768x483.jpg 768w, http:\/\/tec-corp.com.vn\/wp-content\/uploads\/2021\/06\/CT-Nha-may-Alliance-Long-An-16x10.jpg 16w, http:\/\/tec-corp.com.vn\/wp-content\/uploads\/2021\/06\/CT-Nha-may-Alliance-Long-An-370x233.jpg 370w, http:\/\/tec-corp.com.vn\/wp-content\/uploads\/2021\/06\/CT-Nha-may-Alliance-Long-An-360x226.jpg 360w, http:\/\/tec-corp.com.vn\/wp-content\/uploads\/2021\/06\/CT-Nha-may-Alliance-Long-An-600x377.jpg 600w\" sizes=\"(max-width: 798px) 100vw, 798px\" \/><\/a><\/div><\/div><\/div><\/div><\/div><a class=\"vc_left vc_carousel-control\" href=\"#vc_images-carousel-1-1778518657\" data-slide=\"prev\"><span class=\"icon-prev\"><\/span><\/a><a class=\"vc_right vc_carousel-control\" href=\"#vc_images-carousel-1-1778518657\" data-slide=\"next\"><span class=\"icon-next\"><\/span><\/a><\/div><\/div><\/div><div class=\"vc_empty_space\"   style=\"height: 10px\"><span class=\"vc_empty_space_inner\"><\/span><\/div><div class=\"wpb_images_carousel wpb_content_element vc_clearfix\"><div class=\"wpb_wrapper\"><div id=\"vc_images-carousel-2-1778518657\" data-ride=\"vc_carousel\" data-wrap=\"false\" style=\"width: 100%;\" data-interval=\"0\" data-auto-height=\"yes\" data-mode=\"horizontal\" data-partial=\"false\" data-per-view=\"10\" data-hide-on-end=\"true\" class=\"vc_slide vc_images_carousel\"><div class=\"vc_carousel-inner\"><div class=\"vc_carousel-slideline\"><div class=\"vc_carousel-slideline-inner\"><div class=\"vc_item\"><div class=\"vc_inner\"><a class=\"prettyphoto\" href=\"http:\/\/tec-corp.com.vn\/wp-content\/uploads\/2021\/06\/CT-Nha-may-Alliance-Long-An.jpg\" data-rel=\"prettyPhoto[rel-1645-3309943370]\"><img width=\"798\" height=\"502\" src=\"http:\/\/tec-corp.com.vn\/wp-content\/uploads\/2021\/06\/CT-Nha-may-Alliance-Long-An.jpg\" class=\"attachment-full\" alt=\"\" loading=\"lazy\" srcset=\"http:\/\/tec-corp.com.vn\/wp-content\/uploads\/2021\/06\/CT-Nha-may-Alliance-Long-An.jpg 798w, http:\/\/tec-corp.com.vn\/wp-content\/uploads\/2021\/06\/CT-Nha-may-Alliance-Long-An-300x189.jpg 300w, http:\/\/tec-corp.com.vn\/wp-content\/uploads\/2021\/06\/CT-Nha-may-Alliance-Long-An-768x483.jpg 768w, http:\/\/tec-corp.com.vn\/wp-content\/uploads\/2021\/06\/CT-Nha-may-Alliance-Long-An-16x10.jpg 16w, http:\/\/tec-corp.com.vn\/wp-content\/uploads\/2021\/06\/CT-Nha-may-Alliance-Long-An-370x233.jpg 370w, http:\/\/tec-corp.com.vn\/wp-content\/uploads\/2021\/06\/CT-Nha-may-Alliance-Long-An-360x226.jpg 360w, http:\/\/tec-corp.com.vn\/wp-content\/uploads\/2021\/06\/CT-Nha-may-Alliance-Long-An-600x377.jpg 600w\" sizes=\"(max-width: 798px) 100vw, 798px\" \/><\/a><\/div><\/div><\/div><\/div><\/div><\/div><\/div><\/div><\/div><\/div><\/div><div class=\"wpb_column vc_column_container vc_col-sm-4\"><div class=\"vc_column-inner\"><div class=\"wpb_wrapper\">\n\t<div class=\"wpb_text_column wpb_content_element\" >\n\t\t<div class=\"wpb_wrapper\">\n\t\t\t<p style=\"text-align: justify;\"><strong><span style=\"color: #ff0000; font-size: 18px;\">ALLIANCE FACTORY LONG AN<\/span><\/strong><\/p>\n<p style=\"text-align: justify;\"><span style=\"color: #000080;\"><strong>Item&nbsp;&nbsp;&nbsp;&nbsp;&nbsp;&nbsp;&nbsp; :<\/strong> <\/span>Construction<\/p>\n<p style=\"text-align: justify;\"><strong><span style=\"color: #000080;\">Location\u00a0 \u00a0 &nbsp;&nbsp;:<\/span><\/strong> Tan Duc Industrial Park, Duc Hoa Ward, Long An<\/p>\n\n\t\t<\/div>\n\t<\/div>\n<\/div><\/div><\/div><\/div>","protected":false},"excerpt":{"rendered":"C\u00d4NG TR\u00ccNH NH\u00c0 M\u00c1Y ALLIANCE LONG AN H\u1ea1ng m\u1ee5c : Thi c\u00f4ng x\u00e2y d\u1ef1ng c\u00e1c h\u1ea1ng m\u1ee5c ph\u1ee5 tr\u1ee3 \u0110\u1ecba \u0111i\u1ec3m\u00a0 \u00a0 : KCN T\u00e2n \u0110\u1ee9c, huy\u1ec7n \u0110\u1ee9c H\u00f2a, Long An","protected":false},"author":1,"featured_media":0,"parent":1606,"menu_order":0,"comment_status":"closed","ping_status":"closed","template":"","meta":[],"_links":{"self":[{"href":"http:\/\/tec-corp.com.vn\/en\/wp-json\/wp\/v2\/pages\/1645"}],"collection":[{"href":"http:\/\/tec-corp.com.vn\/en\/wp-json\/wp\/v2\/pages"}],"about":[{"href":"http:\/\/tec-corp.com.vn\/en\/wp-json\/wp\/v2\/types\/page"}],"author":[{"embeddable":true,"href":"http:\/\/tec-corp.com.vn\/en\/wp-json\/wp\/v2\/users\/1"}],"replies":[{"embeddable":true,"href":"http:\/\/tec-corp.com.vn\/en\/wp-json\/wp\/v2\/comments?post=1645"}],"version-history":[{"count":0,"href":"http:\/\/tec-corp.com.vn\/en\/wp-json\/wp\/v2\/pages\/1645\/revisions"}],"up":[{"embeddable":true,"href":"http:\/\/tec-corp.com.vn\/en\/wp-json\/wp\/v2\/pages\/1606"}],"wp:attachment":[{"href":"http:\/\/tec-corp.com.vn\/en\/wp-json\/wp\/v2\/media?parent=1645"}],"curies":[{"name":"wp","href":"https:\/\/api.w.org\/{rel}","templated":true}]}}