{"id":11,"date":"2014-11-11T11:14:05","date_gmt":"2014-11-11T04:14:05","guid":{"rendered":"http:\/\/anpsthemes.com\/constructo\/?page_id=11"},"modified":"2022-03-14T15:50:31","modified_gmt":"2022-03-14T08:50:31","slug":"gioi-thieu","status":"publish","type":"page","link":"http:\/\/tec-corp.com.vn\/en\/gioi-thieu\/","title":{"rendered":"Introduction"},"content":{"rendered":"<div class=\"vc_row wpb_row vc_row-fluid\"><div class=\"wpb_column vc_column_container vc_col-sm-12\"><div class=\"vc_column-inner\"><div class=\"wpb_wrapper\"><div class=\"vc_empty_space\"   style=\"height: 38px\"><span class=\"vc_empty_space_inner\"><\/span><\/div><div class=\"vc_row wpb_row vc_inner vc_row-fluid\"><div class=\"wpb_column vc_column_container vc_col-sm-12\"><div class=\"vc_column-inner\"><div class=\"wpb_wrapper\">\n\t<div class=\"wpb_text_column wpb_content_element\" >\n\t\t<div class=\"wpb_wrapper\">\n\t\t\t<p><strong><a href=\"http:\/\/www.tec-corp.com.vn\">Home<\/a> > Introduction<\/strong><\/p>\n\n\t\t<\/div>\n\t<\/div>\n<\/div><\/div><\/div><\/div><div class=\"vc_empty_space\"   style=\"height: 22px\"><span class=\"vc_empty_space_inner\"><\/span><\/div>\n\t<div class=\"wpb_text_column wpb_content_element\" >\n\t\t<div class=\"wpb_wrapper\">\n\t\t\t<p style=\"text-align: center;\"><span style=\"color: #ff0000; font-size: 22px;\"><strong>OPEN LETTER<\/strong><\/span><\/p>\n\n\t\t<\/div>\n\t<\/div>\n<div class=\"vc_empty_space\"   style=\"height: 22px\"><span class=\"vc_empty_space_inner\"><\/span><\/div><div class=\"vc_separator wpb_content_element vc_separator_align_center vc_sep_width_60 vc_sep_border_width_2 vc_sep_pos_align_center vc_separator_no_text vc_sep_color_juicy_pink\" ><span class=\"vc_sep_holder vc_sep_holder_l\"><span  class=\"vc_sep_line\"><\/span><\/span><span class=\"vc_sep_holder vc_sep_holder_r\"><span  class=\"vc_sep_line\"><\/span><\/span>\n<\/div><div class=\"vc_empty_space\"   style=\"height: 22px\"><span class=\"vc_empty_space_inner\"><\/span><\/div>\n\t<div class=\"wpb_text_column wpb_content_element\" >\n\t\t<div class=\"wpb_wrapper\">\n\t\t\t<p style=\"text-align: justify;\"><span style=\"color: #000000; font-size: 17px;\">Dear Customers,<img loading=\"lazy\" class=\"alignright wp-image-2802 size-full\" src=\"http:\/\/tec-corp.com.vn\/wp-content\/uploads\/2022\/03\/109.jpg\" alt=\"\" width=\"360\" height=\"497\" srcset=\"http:\/\/tec-corp.com.vn\/wp-content\/uploads\/2022\/03\/109.jpg 360w, http:\/\/tec-corp.com.vn\/wp-content\/uploads\/2022\/03\/109-217x300.jpg 217w, http:\/\/tec-corp.com.vn\/wp-content\/uploads\/2022\/03\/109-9x12.jpg 9w, http:\/\/tec-corp.com.vn\/wp-content\/uploads\/2022\/03\/109-261x360.jpg 261w\" sizes=\"(max-width: 360px) 100vw, 360px\" \/><\/span><\/p>\n<p style=\"text-align: justify;\"><span style=\"color: #210099; font-size: 17px;\"><strong>T.E.C Trading - Engineering - Construction Corporation<\/strong><\/span><span style=\"color: #000000; font-size: 17px;\"> was established in 2015, in accordance\nto Business License No. 0313573908, granted first time by the Planing and Investment Department of\nHCM City on December 11th, edited 5th on April 28th, 2021. We specialize in contracting for civil and industrial\nconstructions, engineering works with high demands on quality, technology and aesthetic value such\nas hotels, oWice complexes, luxury housings...<\/span><\/p>\n<p style=\"text-align: justify;\"><span style=\"color: #000000; font-size: 17px;\">With the Board of Director and dynamic employees who formally trained, had good professional knowledge and experience in management, <strong><span style=\"color: #000080;\">T.E.C CORP<\/span><\/strong> CORP is ready to participate in execution of infrastructure projects: bridges, roads, residential and industrial zones, high-rise projects, civil-industrial projects, MEP system of the civil and industrial... in the whole country. <strong><span style=\"color: #000080;\">T.E.C CORP<\/span><\/strong> always commits to building quality-assured, durable and environment-friendly works at a reasonable cost, creating high-value products for customers and society, contributing to part in the development of the country.<\/span><\/p>\n<p style=\"text-align: justify;\"><span style=\"color: #000000; font-size: 17px;\">With the motto : <span style=\"color: #000080;\"><strong>\"QUALITY MAKES BRAND\", T.E.C CORP<\/strong> <\/span>hopes that we have many opportunities to serve and satisfy Valued Customers with the best products, the most reasonable price and meet all the schedules that Valued Customers demand.<\/span><\/p>\n<p style=\"text-align: justify;\"><span style=\"color: #000000; font-size: 17px;\">Sincerely.<\/span><\/p>\n<p style=\"text-align: justify;\"><span style=\"color: #000000; font-size: 17px;\">General Director<\/span><\/p>\n<p style=\"text-align: justify;\"><span style=\"color: #000000; font-size: 17px;\">Tran Trung Kien<\/span><\/p>\n<p>&nbsp;<\/p>\n<p>&nbsp;<\/p>\n\n\t\t<\/div>\n\t<\/div>\n<\/div><\/div><\/div><\/div><div class=\"vc_row wpb_row vc_row-fluid\"><div class=\"wpb_column vc_column_container vc_col-sm-12\"><div class=\"vc_column-inner\"><div class=\"wpb_wrapper\"><div class=\"vc_empty_space\"   style=\"height: 25px\"><span class=\"vc_empty_space_inner\"><\/span><\/div>\n\t<div class=\"wpb_text_column wpb_content_element\" >\n\t\t<div class=\"wpb_wrapper\">\n\t\t\t<p style=\"text-align: center;\"><span style=\"color: #ff0000; font-size: 22px;\"><strong>ORGANIZATIONAL CHART<\/strong><\/span><\/p>\n\n\t\t<\/div>\n\t<\/div>\n<div class=\"vc_empty_space\"   style=\"height: 22px\"><span class=\"vc_empty_space_inner\"><\/span><\/div><div class=\"vc_separator wpb_content_element vc_separator_align_center vc_sep_width_60 vc_sep_border_width_2 vc_sep_pos_align_center vc_separator_no_text vc_sep_color_juicy_pink\" ><span class=\"vc_sep_holder vc_sep_holder_l\"><span  class=\"vc_sep_line\"><\/span><\/span><span class=\"vc_sep_holder vc_sep_holder_r\"><span  class=\"vc_sep_line\"><\/span><\/span>\n<\/div><div class=\"vc_empty_space\"   style=\"height: 22px\"><span class=\"vc_empty_space_inner\"><\/span><\/div>\n\t<div  class=\"wpb_single_image wpb_content_element vc_align_center\">\n\t\t\n\t\t<figure class=\"wpb_wrapper vc_figure\">\n\t\t\t<div class=\"vc_single_image-wrapper   vc_box_border_grey\"><img width=\"1050\" height=\"671\" src=\"http:\/\/tec-corp.com.vn\/wp-content\/uploads\/2022\/03\/110.jpg\" class=\"vc_single_image-img attachment-full\" alt=\"\" loading=\"lazy\" srcset=\"http:\/\/tec-corp.com.vn\/wp-content\/uploads\/2022\/03\/110.jpg 1050w, http:\/\/tec-corp.com.vn\/wp-content\/uploads\/2022\/03\/110-300x192.jpg 300w, http:\/\/tec-corp.com.vn\/wp-content\/uploads\/2022\/03\/110-1024x654.jpg 1024w, http:\/\/tec-corp.com.vn\/wp-content\/uploads\/2022\/03\/110-768x491.jpg 768w, http:\/\/tec-corp.com.vn\/wp-content\/uploads\/2022\/03\/110-16x10.jpg 16w, http:\/\/tec-corp.com.vn\/wp-content\/uploads\/2022\/03\/110-370x236.jpg 370w, http:\/\/tec-corp.com.vn\/wp-content\/uploads\/2022\/03\/110-360x230.jpg 360w\" sizes=\"(max-width: 1050px) 100vw, 1050px\" \/><\/div>\n\t\t<\/figure>\n\t<\/div>\n<div class=\"vc_empty_space\"   style=\"height: 45px\"><span class=\"vc_empty_space_inner\"><\/span><\/div>\n\t<div class=\"wpb_text_column wpb_content_element\" >\n\t\t<div class=\"wpb_wrapper\">\n\t\t\t<p style=\"text-align: center;\"><span style=\"color: #ff0000; font-size: 22px;\"><strong>BUSINESS REGISTRATION<\/strong><\/span><\/p>\n\n\t\t<\/div>\n\t<\/div>\n<div class=\"vc_empty_space\"   style=\"height: 22px\"><span class=\"vc_empty_space_inner\"><\/span><\/div><div class=\"vc_separator wpb_content_element vc_separator_align_center vc_sep_width_60 vc_sep_border_width_2 vc_sep_pos_align_center vc_separator_no_text vc_sep_color_juicy_pink\" ><span class=\"vc_sep_holder vc_sep_holder_l\"><span  class=\"vc_sep_line\"><\/span><\/span><span class=\"vc_sep_holder vc_sep_holder_r\"><span  class=\"vc_sep_line\"><\/span><\/span>\n<\/div><div class=\"vc_empty_space\"   style=\"height: 30px\"><span class=\"vc_empty_space_inner\"><\/span><\/div>\n\t<div  class=\"wpb_single_image wpb_content_element vc_align_center\">\n\t\t\n\t\t<figure class=\"wpb_wrapper vc_figure\">\n\t\t\t<div class=\"vc_single_image-wrapper   vc_box_border_grey\"><img width=\"635\" height=\"800\" src=\"http:\/\/tec-corp.com.vn\/wp-content\/uploads\/2021\/07\/GPDKKD-TEC-new-1.jpg\" class=\"vc_single_image-img attachment-full\" alt=\"\" loading=\"lazy\" srcset=\"http:\/\/tec-corp.com.vn\/wp-content\/uploads\/2021\/07\/GPDKKD-TEC-new-1.jpg 635w, http:\/\/tec-corp.com.vn\/wp-content\/uploads\/2021\/07\/GPDKKD-TEC-new-1-238x300.jpg 238w, http:\/\/tec-corp.com.vn\/wp-content\/uploads\/2021\/07\/GPDKKD-TEC-new-1-10x12.jpg 10w, http:\/\/tec-corp.com.vn\/wp-content\/uploads\/2021\/07\/GPDKKD-TEC-new-1-286x360.jpg 286w, http:\/\/tec-corp.com.vn\/wp-content\/uploads\/2021\/07\/GPDKKD-TEC-new-1-360x454.jpg 360w\" sizes=\"(max-width: 635px) 100vw, 635px\" \/><\/div>\n\t\t<\/figure>\n\t<\/div>\n<div class=\"vc_empty_space\"   style=\"height: 30px\"><span class=\"vc_empty_space_inner\"><\/span><\/div>\n\t<div  class=\"wpb_single_image wpb_content_element vc_align_center\">\n\t\t\n\t\t<figure class=\"wpb_wrapper vc_figure\">\n\t\t\t<div class=\"vc_single_image-wrapper   vc_box_border_grey\"><img width=\"800\" height=\"618\" src=\"http:\/\/tec-corp.com.vn\/wp-content\/uploads\/2021\/07\/GPDKKD-TEC-new-2.jpg\" class=\"vc_single_image-img attachment-full\" alt=\"\" loading=\"lazy\" srcset=\"http:\/\/tec-corp.com.vn\/wp-content\/uploads\/2021\/07\/GPDKKD-TEC-new-2.jpg 800w, http:\/\/tec-corp.com.vn\/wp-content\/uploads\/2021\/07\/GPDKKD-TEC-new-2-300x232.jpg 300w, http:\/\/tec-corp.com.vn\/wp-content\/uploads\/2021\/07\/GPDKKD-TEC-new-2-768x593.jpg 768w, http:\/\/tec-corp.com.vn\/wp-content\/uploads\/2021\/07\/GPDKKD-TEC-new-2-16x12.jpg 16w, http:\/\/tec-corp.com.vn\/wp-content\/uploads\/2021\/07\/GPDKKD-TEC-new-2-370x286.jpg 370w, http:\/\/tec-corp.com.vn\/wp-content\/uploads\/2021\/07\/GPDKKD-TEC-new-2-360x278.jpg 360w\" sizes=\"(max-width: 800px) 100vw, 800px\" \/><\/div>\n\t\t<\/figure>\n\t<\/div>\n<div class=\"vc_separator wpb_content_element vc_separator_align_center vc_sep_width_100 vc_sep_border_width_5 vc_sep_pos_align_center vc_separator_no_text vc_sep_color_white\" ><span class=\"vc_sep_holder vc_sep_holder_l\"><span  class=\"vc_sep_line\"><\/span><\/span><span class=\"vc_sep_holder vc_sep_holder_r\"><span  class=\"vc_sep_line\"><\/span><\/span>\n<\/div><div class=\"vc_empty_space\"   style=\"height: 45px\"><span class=\"vc_empty_space_inner\"><\/span><\/div>\n\t<div class=\"wpb_text_column wpb_content_element\" >\n\t\t<div class=\"wpb_wrapper\">\n\t\t\t<p style=\"text-align: center;\"><span style=\"color: #ff0000; font-size: 22px;\"><strong>CONSTRUCTION CAPACITY CERTIFICATE <\/strong><\/span><\/p>\n\n\t\t<\/div>\n\t<\/div>\n<div class=\"vc_empty_space\"   style=\"height: 22px\"><span class=\"vc_empty_space_inner\"><\/span><\/div><div class=\"vc_separator wpb_content_element vc_separator_align_center vc_sep_width_60 vc_sep_border_width_2 vc_sep_pos_align_center vc_separator_no_text vc_sep_color_juicy_pink\" ><span class=\"vc_sep_holder vc_sep_holder_l\"><span  class=\"vc_sep_line\"><\/span><\/span><span class=\"vc_sep_holder vc_sep_holder_r\"><span  class=\"vc_sep_line\"><\/span><\/span>\n<\/div><div class=\"vc_empty_space\"   style=\"height: 22px\"><span class=\"vc_empty_space_inner\"><\/span><\/div>\n\t<div  class=\"wpb_single_image wpb_content_element vc_align_center\">\n\t\t\n\t\t<figure class=\"wpb_wrapper vc_figure\">\n\t\t\t<div class=\"vc_single_image-wrapper   vc_box_border_grey\"><img width=\"571\" height=\"799\" src=\"http:\/\/tec-corp.com.vn\/wp-content\/uploads\/2022\/03\/111.jpg\" class=\"vc_single_image-img attachment-full\" alt=\"\" loading=\"lazy\" srcset=\"http:\/\/tec-corp.com.vn\/wp-content\/uploads\/2022\/03\/111.jpg 571w, http:\/\/tec-corp.com.vn\/wp-content\/uploads\/2022\/03\/111-214x300.jpg 214w, http:\/\/tec-corp.com.vn\/wp-content\/uploads\/2022\/03\/111-9x12.jpg 9w, http:\/\/tec-corp.com.vn\/wp-content\/uploads\/2022\/03\/111-257x360.jpg 257w, http:\/\/tec-corp.com.vn\/wp-content\/uploads\/2022\/03\/111-360x504.jpg 360w\" sizes=\"(max-width: 571px) 100vw, 571px\" \/><\/div>\n\t\t<\/figure>\n\t<\/div>\n<div class=\"vc_separator wpb_content_element vc_separator_align_center vc_sep_width_100 vc_sep_border_width_5 vc_sep_pos_align_center vc_separator_no_text vc_sep_color_white\" ><span class=\"vc_sep_holder vc_sep_holder_l\"><span  class=\"vc_sep_line\"><\/span><\/span><span class=\"vc_sep_holder vc_sep_holder_r\"><span  class=\"vc_sep_line\"><\/span><\/span>\n<\/div>\n\t<div  class=\"wpb_single_image wpb_content_element vc_align_center\">\n\t\t\n\t\t<figure class=\"wpb_wrapper vc_figure\">\n\t\t\t<div class=\"vc_single_image-wrapper   vc_box_border_grey\"><img width=\"571\" height=\"799\" src=\"http:\/\/tec-corp.com.vn\/wp-content\/uploads\/2022\/03\/112.jpg\" class=\"vc_single_image-img attachment-full\" alt=\"\" loading=\"lazy\" srcset=\"http:\/\/tec-corp.com.vn\/wp-content\/uploads\/2022\/03\/112.jpg 571w, http:\/\/tec-corp.com.vn\/wp-content\/uploads\/2022\/03\/112-214x300.jpg 214w, http:\/\/tec-corp.com.vn\/wp-content\/uploads\/2022\/03\/112-9x12.jpg 9w, http:\/\/tec-corp.com.vn\/wp-content\/uploads\/2022\/03\/112-257x360.jpg 257w, http:\/\/tec-corp.com.vn\/wp-content\/uploads\/2022\/03\/112-360x504.jpg 360w\" sizes=\"(max-width: 571px) 100vw, 571px\" \/><\/div>\n\t\t<\/figure>\n\t<\/div>\n<\/div><\/div><\/div><\/div>","protected":false},"excerpt":{"rendered":"Trang ch\u1ee7 &gt; Gi\u1edbi thi\u1ec7u TH\u01af NG\u1ece K\u00ednh th\u01b0a Qu\u00fd kh\u00e1ch h\u00e0ng, C\u00f4ng ty C\u1ed5 Ph\u1ea7n Th\u01b0\u01a1ng M\u1ea1i \u2013 K\u1ef9 Thu\u1eadt \u2013 X\u00e2y D\u1ef1ng T.E.C \u0111\u01b0\u1ee3c th\u00e0nh l\u1eadp n\u0103m 2015 ho\u1ea1t \u0111\u1ed9ng theo gi\u1ea5y ph\u00e9p kinh doanh s\u1ed1 0313573908 do...","protected":false},"author":1,"featured_media":0,"parent":0,"menu_order":0,"comment_status":"open","ping_status":"closed","template":"","meta":[],"_links":{"self":[{"href":"http:\/\/tec-corp.com.vn\/en\/wp-json\/wp\/v2\/pages\/11"}],"collection":[{"href":"http:\/\/tec-corp.com.vn\/en\/wp-json\/wp\/v2\/pages"}],"about":[{"href":"http:\/\/tec-corp.com.vn\/en\/wp-json\/wp\/v2\/types\/page"}],"author":[{"embeddable":true,"href":"http:\/\/tec-corp.com.vn\/en\/wp-json\/wp\/v2\/users\/1"}],"replies":[{"embeddable":true,"href":"http:\/\/tec-corp.com.vn\/en\/wp-json\/wp\/v2\/comments?post=11"}],"version-history":[{"count":0,"href":"http:\/\/tec-corp.com.vn\/en\/wp-json\/wp\/v2\/pages\/11\/revisions"}],"wp:attachment":[{"href":"http:\/\/tec-corp.com.vn\/en\/wp-json\/wp\/v2\/media?parent=11"}],"curies":[{"name":"wp","href":"https:\/\/api.w.org\/{rel}","templated":true}]}}